{"id":21864,"date":"2022-12-14T10:10:41","date_gmt":"2022-12-14T07:10:41","guid":{"rendered":"https:\/\/kutluyayinevi.com\/magaza\/?post_type=product&#038;p=21864"},"modified":"2026-02-20T10:53:49","modified_gmt":"2026-02-20T07:53:49","slug":"hayatin-perdesiz-penceresi-dilek-bayram","status":"publish","type":"product","link":"https:\/\/kutluyayinevi.com\/magaza\/urun\/hayatin-perdesiz-penceresi-dilek-bayram\/","title":{"rendered":"Hayat\u0131n Perdesiz Penceresi &#8211; Dilek Bayram"},"content":{"rendered":"<p>\u201cDEKA: Bir \u015fiirin i\u00e7ine hapsolmu\u015f psycheler gibiydiler.<br \/>\nT\u00fcm g\u00fcnahlar\u0131n\u0131 kendileri \u00e7\u0131kard\u0131lar.<br \/>\nKendi kendilerini affettiler. Zaman kavram\u0131n\u0131 yitirmi\u015fti\u2026\u201d<\/p>\n","protected":false},"excerpt":{"rendered":"<p>\u201cDEKA: Bir \u015fiirin i\u00e7ine hapsolmu\u015f psycheler gibiydiler. T\u00fcm g\u00fcnahlar\u0131n\u0131 kendileri \u00e7\u0131kard\u0131lar. Kendi kendilerini affettiler. Zaman kavram\u0131n\u0131 yitirmi\u015fti\u2026\u201d<\/p>\n","protected":false},"featured_media":21865,"comment_status":"closed","ping_status":"closed","template":"","meta":[],"product_brand":[],"product_cat":[22],"product_tag":[],"class_list":{"0":"post-21864","1":"product","2":"type-product","3":"status-publish","4":"has-post-thumbnail","6":"product_cat-siir","8":"first","9":"instock","10":"sale","11":"shipping-taxable","12":"purchasable","13":"product-type-simple"},"_links":{"self":[{"href":"https:\/\/kutluyayinevi.com\/magaza\/wp-json\/wp\/v2\/product\/21864","targetHints":{"allow":["GET"]}}],"collection":[{"href":"https:\/\/kutluyayinevi.com\/magaza\/wp-json\/wp\/v2\/product"}],"about":[{"href":"https:\/\/kutluyayinevi.com\/magaza\/wp-json\/wp\/v2\/types\/product"}],"replies":[{"embeddable":true,"href":"https:\/\/kutluyayinevi.com\/magaza\/wp-json\/wp\/v2\/comments?post=21864"}],"wp:featuredmedia":[{"embeddable":true,"href":"https:\/\/kutluyayinevi.com\/magaza\/wp-json\/wp\/v2\/media\/21865"}],"wp:attachment":[{"href":"https:\/\/kutluyayinevi.com\/magaza\/wp-json\/wp\/v2\/media?parent=21864"}],"wp:term":[{"taxonomy":"product_brand","embeddable":true,"href":"https:\/\/kutluyayinevi.com\/magaza\/wp-json\/wp\/v2\/product_brand?post=21864"},{"taxonomy":"product_cat","embeddable":true,"href":"https:\/\/kutluyayinevi.com\/magaza\/wp-json\/wp\/v2\/product_cat?post=21864"},{"taxonomy":"product_tag","embeddable":true,"href":"https:\/\/kutluyayinevi.com\/magaza\/wp-json\/wp\/v2\/product_tag?post=21864"}],"curies":[{"name":"wp","href":"https:\/\/api.w.org\/{rel}","templated":true}]}}