{"id":21875,"date":"2022-12-15T15:06:48","date_gmt":"2022-12-15T12:06:48","guid":{"rendered":"https:\/\/kutluyayinevi.com\/magaza\/?post_type=product&#038;p=21875"},"modified":"2026-02-23T10:40:29","modified_gmt":"2026-02-23T07:40:29","slug":"turkculuyun-m%c9%99s%c9%99l%c9%99l%c9%99ri-od%c9%99r-qutlu%c9%99r","status":"publish","type":"product","link":"https:\/\/kutluyayinevi.com\/magaza\/urun\/turkculuyun-m%c9%99s%c9%99l%c9%99l%c9%99ri-od%c9%99r-qutlu%c9%99r\/","title":{"rendered":"T\u00fcrk\u00e7\u00fcl\u00fcy\u00fcn M\u0259s\u0259l\u0259l\u0259ri &#8211; Od\u0259r Qutlu\u0259r"},"content":{"rendered":"<p>T\u00fcrk milliyy\u0259t\u00e7iliyinin t\u0259k do\u011fru adland\u0131rmas\u0131 olan T\u00fcrk\u00e7\u00fcl\u00fck, T\u00fcrk Milliyy\u0259t \u015f\u00fcurunu v\u0259 ruhunu ya\u015fatmaq dem\u0259kdir.<\/p>\n<p>Eyni zamanda, Z. G\u00f6yalp\u0131n da ifad\u0259si il\u0259 T\u00fcrk mill\u0259tinin y\u00fcks\u0259ldilm\u0259si h\u0259d\u0259fidir. T\u00fcrk mill\u0259tinin y\u00fcks\u0259lm\u0259si is\u0259 T\u00fcrk Milliyy\u0259t \u015f\u00fcurunun ya\u015fad\u0131lmas\u0131 il\u0259 m\u00fcmk\u00fcn olacaqd\u0131r. Bu y\u00fcks\u0259li\u015fi h\u0259r bir k\u0259s \u00f6z ya\u015fam\u0131nda v\u0259 i\u015find\u0259 icra ed\u0259 bil\u0259r. Milliyy\u0259t bilincini \u00f6z \u015feirl\u0259rind\u0259 ifad\u0259 ed\u0259n \u015fair, T\u00fcrk tarixinin \u015fanl\u0131 yarpaqlar\u0131n\u0131 \u00f6z \u0259s\u0259rind\u0259 t\u0259svir ed\u0259n yazar, f\u0131r\u00e7as\u0131 il\u0259 T\u00fcrk m\u0259d\u0259niyy\u0259tini, T\u00fcrk tarixini \u0259ks etdir\u0259n r\u0259ssam, b\u0259st\u0259l\u0259rind\u0259 T\u00fcrk Milliyy\u0259t ruhunun co\u015fqunlu\u011funu ifad\u0259 ed\u0259n b\u0259st\u0259kar, \u00f6yr\u0259ncil\u0259rin\u0259 ixtisas d\u0259rsind\u0259n ba\u015fqa Milliyy\u0259t \u0259sasl\u0131 milli hissl\u0259r a\u015f\u0131layan bir \u00f6yr\u0259tm\u0259n, u\u015faqlar\u0131na T\u00fcrkc\u0259 adlar verib, onlara T\u00fcrk Milliyy\u0259t hissini a\u015f\u0131layan ata-ana v\u0259 \u0259sg\u0259rl\u0259rini milliyy\u0259t ruhu v\u0259 y\u00fcks\u0259k intizamla yeti\u015fdir\u0259n bir zabit kimi&#8230; B\u00fct\u00fcn bunlarla birlikd\u0259 Milliyy\u0259t \u015f\u00fcuru v\u0259 hissi olmadan a\u015f\u0131lanacaq olan milli t\u0259rbiy\u0259, yurdsev\u0259rlik, yarad\u0131lan \u0259d\u0259biyyat, b\u0259st\u0259l\u0259n\u0259n musiqi, in\u015fa edil\u0259n tarix yaln\u0131zca torpa\u011fa v\u0259 maddi varl\u0131qlara dayanacaqd\u0131r.<\/p>\n<p>Od\u0259r Qutlu\u0259r<\/p>\n","protected":false},"excerpt":{"rendered":"<p>T\u00fcrk milliyy\u0259t\u00e7iliyinin t\u0259k do\u011fru adland\u0131rmas\u0131 olan T\u00fcrk\u00e7\u00fcl\u00fck, T\u00fcrk Milliyy\u0259t \u015f\u00fcurunu v\u0259 ruhunu ya\u015fatmaq dem\u0259kdir. Eyni zamanda, Z. G\u00f6yalp\u0131n da ifad\u0259si il\u0259 T\u00fcrk mill\u0259tinin y\u00fcks\u0259ldilm\u0259si h\u0259d\u0259fidir. T\u00fcrk mill\u0259tinin y\u00fcks\u0259lm\u0259si is\u0259 T\u00fcrk Milliyy\u0259t \u015f\u00fcurunun ya\u015fad\u0131lmas\u0131 il\u0259 m\u00fcmk\u00fcn olacaqd\u0131r. Bu y\u00fcks\u0259li\u015fi h\u0259r bir k\u0259s \u00f6z ya\u015fam\u0131nda v\u0259 i\u015find\u0259 icra ed\u0259 bil\u0259r. Milliyy\u0259t bilincini \u00f6z \u015feirl\u0259rind\u0259 ifad\u0259 ed\u0259n \u015fair, [&hellip;]<\/p>\n","protected":false},"featured_media":21881,"comment_status":"closed","ping_status":"closed","template":"","meta":[],"product_brand":[],"product_cat":[106],"product_tag":[],"class_list":{"0":"post-21875","1":"product","2":"type-product","3":"status-publish","4":"has-post-thumbnail","6":"product_cat-akademik","8":"first","9":"instock","10":"sale","11":"shipping-taxable","12":"purchasable","13":"product-type-simple"},"_links":{"self":[{"href":"https:\/\/kutluyayinevi.com\/magaza\/wp-json\/wp\/v2\/product\/21875","targetHints":{"allow":["GET"]}}],"collection":[{"href":"https:\/\/kutluyayinevi.com\/magaza\/wp-json\/wp\/v2\/product"}],"about":[{"href":"https:\/\/kutluyayinevi.com\/magaza\/wp-json\/wp\/v2\/types\/product"}],"replies":[{"embeddable":true,"href":"https:\/\/kutluyayinevi.com\/magaza\/wp-json\/wp\/v2\/comments?post=21875"}],"wp:featuredmedia":[{"embeddable":true,"href":"https:\/\/kutluyayinevi.com\/magaza\/wp-json\/wp\/v2\/media\/21881"}],"wp:attachment":[{"href":"https:\/\/kutluyayinevi.com\/magaza\/wp-json\/wp\/v2\/media?parent=21875"}],"wp:term":[{"taxonomy":"product_brand","embeddable":true,"href":"https:\/\/kutluyayinevi.com\/magaza\/wp-json\/wp\/v2\/product_brand?post=21875"},{"taxonomy":"product_cat","embeddable":true,"href":"https:\/\/kutluyayinevi.com\/magaza\/wp-json\/wp\/v2\/product_cat?post=21875"},{"taxonomy":"product_tag","embeddable":true,"href":"https:\/\/kutluyayinevi.com\/magaza\/wp-json\/wp\/v2\/product_tag?post=21875"}],"curies":[{"name":"wp","href":"https:\/\/api.w.org\/{rel}","templated":true}]}}