{"id":21896,"date":"2022-12-20T15:37:35","date_gmt":"2022-12-20T12:37:35","guid":{"rendered":"https:\/\/kutluyayinevi.com\/magaza\/?post_type=product&#038;p=21896"},"modified":"2026-02-20T10:28:50","modified_gmt":"2026-02-20T07:28:50","slug":"gozum-ustunde-selhan-ozdemir","status":"publish","type":"product","link":"https:\/\/kutluyayinevi.com\/magaza\/urun\/gozum-ustunde-selhan-ozdemir\/","title":{"rendered":"G\u00f6z\u00fcm \u00dcst\u00fcnde &#8211; Selhan \u00d6zdemir"},"content":{"rendered":"<p>Her \u015fiir bir \u00f6\u011f\u00fctt\u00fcr anlayana\u2026<br \/>\nOkuyan taaa i\u00e7ine girer ya\u015fananlar\u0131n, d\u00fc\u015f\u00fcn\u00fcr.<br \/>\nGazetecilikle ba\u015flayan kariyerimi \u015fiirlerimle ta\u00e7land\u0131r\u0131rken bunlar\u0131 sizlerle payla\u015fmak istedim.<br \/>\nGazeteci, yazar, \u015fair, s\u00f6z yazar\u0131, biraz yorumcu, biraz bestek\u00e2r, i\u015fte SELHAN \u00d6ZDEM\u0130R.<\/p>\n","protected":false},"excerpt":{"rendered":"<p>Her \u015fiir bir \u00f6\u011f\u00fctt\u00fcr anlayana\u2026 Okuyan taaa i\u00e7ine girer ya\u015fananlar\u0131n, d\u00fc\u015f\u00fcn\u00fcr. Gazetecilikle ba\u015flayan kariyerimi \u015fiirlerimle ta\u00e7land\u0131r\u0131rken bunlar\u0131 sizlerle payla\u015fmak istedim. Gazeteci, yazar, \u015fair, s\u00f6z yazar\u0131, biraz yorumcu, biraz bestek\u00e2r, i\u015fte SELHAN \u00d6ZDEM\u0130R.<\/p>\n","protected":false},"featured_media":21897,"comment_status":"closed","ping_status":"closed","template":"","meta":[],"product_brand":[],"product_cat":[22],"product_tag":[],"class_list":{"0":"post-21896","1":"product","2":"type-product","3":"status-publish","4":"has-post-thumbnail","6":"product_cat-siir","8":"first","9":"instock","10":"sale","11":"shipping-taxable","12":"purchasable","13":"product-type-simple"},"_links":{"self":[{"href":"https:\/\/kutluyayinevi.com\/magaza\/wp-json\/wp\/v2\/product\/21896","targetHints":{"allow":["GET"]}}],"collection":[{"href":"https:\/\/kutluyayinevi.com\/magaza\/wp-json\/wp\/v2\/product"}],"about":[{"href":"https:\/\/kutluyayinevi.com\/magaza\/wp-json\/wp\/v2\/types\/product"}],"replies":[{"embeddable":true,"href":"https:\/\/kutluyayinevi.com\/magaza\/wp-json\/wp\/v2\/comments?post=21896"}],"wp:featuredmedia":[{"embeddable":true,"href":"https:\/\/kutluyayinevi.com\/magaza\/wp-json\/wp\/v2\/media\/21897"}],"wp:attachment":[{"href":"https:\/\/kutluyayinevi.com\/magaza\/wp-json\/wp\/v2\/media?parent=21896"}],"wp:term":[{"taxonomy":"product_brand","embeddable":true,"href":"https:\/\/kutluyayinevi.com\/magaza\/wp-json\/wp\/v2\/product_brand?post=21896"},{"taxonomy":"product_cat","embeddable":true,"href":"https:\/\/kutluyayinevi.com\/magaza\/wp-json\/wp\/v2\/product_cat?post=21896"},{"taxonomy":"product_tag","embeddable":true,"href":"https:\/\/kutluyayinevi.com\/magaza\/wp-json\/wp\/v2\/product_tag?post=21896"}],"curies":[{"name":"wp","href":"https:\/\/api.w.org\/{rel}","templated":true}]}}