{"id":21922,"date":"2022-12-22T10:32:13","date_gmt":"2022-12-22T07:32:13","guid":{"rendered":"https:\/\/kutluyayinevi.com\/magaza\/?post_type=product&#038;p=21922"},"modified":"2026-02-19T13:58:55","modified_gmt":"2026-02-19T10:58:55","slug":"basbakan-hapsirmak-baki-sahin","status":"publish","type":"product","link":"https:\/\/kutluyayinevi.com\/magaza\/urun\/basbakan-hapsirmak-baki-sahin\/","title":{"rendered":"Ba\u015fbakan Hap\u015f\u0131rmak &#8211; Baki \u015eahin"},"content":{"rendered":"<p>\u201cBa\u015fbakan Hap\u015f\u0131rmak\u201d orta s\u0131n\u0131f\u0131n d\u00fc\u015fman\u0131 modern \u015fiirin \u00e7izgisinde ilerleyen, zamanla nebilerle ortak bir aray\u0131\u015fta olan, devletlerle ve tanr\u0131larla aray\u0131 bozacak nadide eserlerden yaln\u0131zca bir tanesi. \u0130\u00e7eride bulunan nedenlerin benzerli\u011fi ortak dertlerdendir. Zaten bir ravinin ka\u00e7 derdi olabilir ki\u2026<\/p>\n<p>\u0130stidrac\u0131n cem olu\u015fu, ba\u015fbakanlar\u0131n harp hap\u015f\u0131rmas\u0131, \u015euh\u2019un dinmez zulm\u00fc ve \u2018art\u0131k\u2019 \u015feyhlerin c\u00fczi iradeleri, bu u\u011furda yazar\u0131 y\u0131pranmaya iten belli ba\u015fl\u0131 sebeplerdir.<\/p>\n<p>Yazar, derdiyle dertlenmeyi, dilini mazur g\u00f6rmenizi ve daha nicelerini siz de\u011ferli eflatun keseli okurdan temenni ediyor, varl\u0131\u011f\u0131na \u00e7ok kez \u015fahit oldu\u011fu rabbinden niyaz ediyor.<\/p>\n","protected":false},"excerpt":{"rendered":"<p>\u201cBa\u015fbakan Hap\u015f\u0131rmak\u201d orta s\u0131n\u0131f\u0131n d\u00fc\u015fman\u0131 modern \u015fiirin \u00e7izgisinde ilerleyen, zamanla nebilerle ortak bir aray\u0131\u015fta olan, devletlerle ve tanr\u0131larla aray\u0131 bozacak nadide eserlerden yaln\u0131zca bir tanesi. \u0130\u00e7eride bulunan nedenlerin benzerli\u011fi ortak dertlerdendir. Zaten bir ravinin ka\u00e7 derdi olabilir ki\u2026 \u0130stidrac\u0131n cem olu\u015fu, ba\u015fbakanlar\u0131n harp hap\u015f\u0131rmas\u0131, \u015euh\u2019un dinmez zulm\u00fc ve \u2018art\u0131k\u2019 \u015feyhlerin c\u00fczi iradeleri, bu u\u011furda yazar\u0131 [&hellip;]<\/p>\n","protected":false},"featured_media":21923,"comment_status":"closed","ping_status":"closed","template":"","meta":[],"product_brand":[],"product_cat":[22],"product_tag":[],"class_list":{"0":"post-21922","1":"product","2":"type-product","3":"status-publish","4":"has-post-thumbnail","6":"product_cat-siir","8":"first","9":"instock","10":"sale","11":"shipping-taxable","12":"purchasable","13":"product-type-simple"},"_links":{"self":[{"href":"https:\/\/kutluyayinevi.com\/magaza\/wp-json\/wp\/v2\/product\/21922","targetHints":{"allow":["GET"]}}],"collection":[{"href":"https:\/\/kutluyayinevi.com\/magaza\/wp-json\/wp\/v2\/product"}],"about":[{"href":"https:\/\/kutluyayinevi.com\/magaza\/wp-json\/wp\/v2\/types\/product"}],"replies":[{"embeddable":true,"href":"https:\/\/kutluyayinevi.com\/magaza\/wp-json\/wp\/v2\/comments?post=21922"}],"wp:featuredmedia":[{"embeddable":true,"href":"https:\/\/kutluyayinevi.com\/magaza\/wp-json\/wp\/v2\/media\/21923"}],"wp:attachment":[{"href":"https:\/\/kutluyayinevi.com\/magaza\/wp-json\/wp\/v2\/media?parent=21922"}],"wp:term":[{"taxonomy":"product_brand","embeddable":true,"href":"https:\/\/kutluyayinevi.com\/magaza\/wp-json\/wp\/v2\/product_brand?post=21922"},{"taxonomy":"product_cat","embeddable":true,"href":"https:\/\/kutluyayinevi.com\/magaza\/wp-json\/wp\/v2\/product_cat?post=21922"},{"taxonomy":"product_tag","embeddable":true,"href":"https:\/\/kutluyayinevi.com\/magaza\/wp-json\/wp\/v2\/product_tag?post=21922"}],"curies":[{"name":"wp","href":"https:\/\/api.w.org\/{rel}","templated":true}]}}