{"id":21942,"date":"2022-12-28T10:54:09","date_gmt":"2022-12-28T07:54:09","guid":{"rendered":"https:\/\/kutluyayinevi.com\/magaza\/?post_type=product&#038;p=21942"},"modified":"2025-02-05T17:36:25","modified_gmt":"2025-02-05T14:36:25","slug":"siyah-ve-yesil","status":"publish","type":"product","link":"https:\/\/kutluyayinevi.com\/magaza\/urun\/siyah-ve-yesil\/","title":{"rendered":"Siyah ve Ye\u015fil &#8211; Evren Kazanc\u0131"},"content":{"rendered":"<p>Yeniden hayat g\u00fcl\u00fcms\u00fcyor sanki<br \/>\nYeniden \u015fans benden yana gibi<br \/>\nKupkuru bir \u00e7\u00f6l\u00fcn ortas\u0131nda \u00e7imlenen bir bah\u00e7e<br \/>\nVe bah\u00e7eye d\u00f6k\u00fclm\u00fc\u015f umutlar<br \/>\nBin bir renge b\u00fcr\u00fcnerek filizleniyor mu ne<br \/>\nSiyah ye\u015file bulan\u0131k<br \/>\nYe\u015fil siyaha a\u015f\u0131k<br \/>\nY\u00fcre\u011fimin o tiz telinde de<br \/>\nEzgiler \u00e7al\u0131n\u0131yor art\u0131k<br \/>\nSiyah ye\u015file bar\u0131\u015f\u0131k<br \/>\nBenim i\u00e7inde bir bahar ba\u015fl\u0131yor art\u0131k<br \/>\nVe ben ye\u015filli\u011fe d\u00fc\u015f\u00fcyorum&#8230;<br \/>\nUmutsuzlu\u011fumun siyah yazg\u0131s\u0131 yitirmi\u015f yerinden<br \/>\nYe\u015filli\u011fin kanad\u0131nda g\u00f6\u011fe u\u00e7u\u015fuyor<br \/>\nU\u00e7u\u015fuyor,<br \/>\nU\u00e7usuyorum&#8230;<\/p>\n","protected":false},"excerpt":{"rendered":"<p>Yeniden hayat g\u00fcl\u00fcms\u00fcyor sanki Yeniden \u015fans benden yana gibi Kupkuru bir \u00e7\u00f6l\u00fcn ortas\u0131nda \u00e7imlenen bir bah\u00e7e Ve bah\u00e7eye d\u00f6k\u00fclm\u00fc\u015f umutlar Bin bir renge b\u00fcr\u00fcnerek filizleniyor mu ne Siyah ye\u015file bulan\u0131k Ye\u015fil siyaha a\u015f\u0131k Y\u00fcre\u011fimin o tiz telinde de Ezgiler \u00e7al\u0131n\u0131yor art\u0131k Siyah ye\u015file bar\u0131\u015f\u0131k Benim i\u00e7inde bir bahar ba\u015fl\u0131yor art\u0131k Ve ben ye\u015filli\u011fe d\u00fc\u015f\u00fcyorum&#8230; Umutsuzlu\u011fumun [&hellip;]<\/p>\n","protected":false},"featured_media":21943,"comment_status":"closed","ping_status":"closed","template":"","meta":[],"product_brand":[],"product_cat":[22],"product_tag":[],"class_list":{"0":"post-21942","1":"product","2":"type-product","3":"status-publish","4":"has-post-thumbnail","6":"product_cat-siir","8":"first","9":"instock","10":"sale","11":"shipping-taxable","12":"purchasable","13":"product-type-simple"},"_links":{"self":[{"href":"https:\/\/kutluyayinevi.com\/magaza\/wp-json\/wp\/v2\/product\/21942","targetHints":{"allow":["GET"]}}],"collection":[{"href":"https:\/\/kutluyayinevi.com\/magaza\/wp-json\/wp\/v2\/product"}],"about":[{"href":"https:\/\/kutluyayinevi.com\/magaza\/wp-json\/wp\/v2\/types\/product"}],"replies":[{"embeddable":true,"href":"https:\/\/kutluyayinevi.com\/magaza\/wp-json\/wp\/v2\/comments?post=21942"}],"wp:featuredmedia":[{"embeddable":true,"href":"https:\/\/kutluyayinevi.com\/magaza\/wp-json\/wp\/v2\/media\/21943"}],"wp:attachment":[{"href":"https:\/\/kutluyayinevi.com\/magaza\/wp-json\/wp\/v2\/media?parent=21942"}],"wp:term":[{"taxonomy":"product_brand","embeddable":true,"href":"https:\/\/kutluyayinevi.com\/magaza\/wp-json\/wp\/v2\/product_brand?post=21942"},{"taxonomy":"product_cat","embeddable":true,"href":"https:\/\/kutluyayinevi.com\/magaza\/wp-json\/wp\/v2\/product_cat?post=21942"},{"taxonomy":"product_tag","embeddable":true,"href":"https:\/\/kutluyayinevi.com\/magaza\/wp-json\/wp\/v2\/product_tag?post=21942"}],"curies":[{"name":"wp","href":"https:\/\/api.w.org\/{rel}","templated":true}]}}