{"id":21944,"date":"2022-12-28T10:59:52","date_gmt":"2022-12-28T07:59:52","guid":{"rendered":"https:\/\/kutluyayinevi.com\/magaza\/?post_type=product&#038;p=21944"},"modified":"2026-02-19T16:37:23","modified_gmt":"2026-02-19T13:37:23","slug":"desiderium-sema-uzun","status":"publish","type":"product","link":"https:\/\/kutluyayinevi.com\/magaza\/urun\/desiderium-sema-uzun\/","title":{"rendered":"Desiderium &#8211; Sema Uzun"},"content":{"rendered":"<p>Bir g\u00fcn son kez sar\u0131lacakt\u0131m sana,<br \/>\nKayan y\u0131ld\u0131z bunu de\u011fi\u015ftiremezdi.<\/p>\n","protected":false},"excerpt":{"rendered":"<p>Bir g\u00fcn son kez sar\u0131lacakt\u0131m sana, Kayan y\u0131ld\u0131z bunu de\u011fi\u015ftiremezdi.<\/p>\n","protected":false},"featured_media":21945,"comment_status":"closed","ping_status":"closed","template":"","meta":[],"product_brand":[],"product_cat":[22],"product_tag":[],"class_list":{"0":"post-21944","1":"product","2":"type-product","3":"status-publish","4":"has-post-thumbnail","6":"product_cat-siir","8":"first","9":"instock","10":"sale","11":"shipping-taxable","12":"purchasable","13":"product-type-simple"},"_links":{"self":[{"href":"https:\/\/kutluyayinevi.com\/magaza\/wp-json\/wp\/v2\/product\/21944","targetHints":{"allow":["GET"]}}],"collection":[{"href":"https:\/\/kutluyayinevi.com\/magaza\/wp-json\/wp\/v2\/product"}],"about":[{"href":"https:\/\/kutluyayinevi.com\/magaza\/wp-json\/wp\/v2\/types\/product"}],"replies":[{"embeddable":true,"href":"https:\/\/kutluyayinevi.com\/magaza\/wp-json\/wp\/v2\/comments?post=21944"}],"wp:featuredmedia":[{"embeddable":true,"href":"https:\/\/kutluyayinevi.com\/magaza\/wp-json\/wp\/v2\/media\/21945"}],"wp:attachment":[{"href":"https:\/\/kutluyayinevi.com\/magaza\/wp-json\/wp\/v2\/media?parent=21944"}],"wp:term":[{"taxonomy":"product_brand","embeddable":true,"href":"https:\/\/kutluyayinevi.com\/magaza\/wp-json\/wp\/v2\/product_brand?post=21944"},{"taxonomy":"product_cat","embeddable":true,"href":"https:\/\/kutluyayinevi.com\/magaza\/wp-json\/wp\/v2\/product_cat?post=21944"},{"taxonomy":"product_tag","embeddable":true,"href":"https:\/\/kutluyayinevi.com\/magaza\/wp-json\/wp\/v2\/product_tag?post=21944"}],"curies":[{"name":"wp","href":"https:\/\/api.w.org\/{rel}","templated":true}]}}