{"id":21948,"date":"2022-12-28T11:06:08","date_gmt":"2022-12-28T08:06:08","guid":{"rendered":"https:\/\/kutluyayinevi.com\/magaza\/?post_type=product&#038;p=21948"},"modified":"2026-02-19T13:36:32","modified_gmt":"2026-02-19T10:36:32","slug":"balanced-scorecard-raporu-ve-uygulamasi-dr-cemil-tartan","status":"publish","type":"product","link":"https:\/\/kutluyayinevi.com\/magaza\/urun\/balanced-scorecard-raporu-ve-uygulamasi-dr-cemil-tartan\/","title":{"rendered":"Balanced Scorecard Raporu ve Uygulamas\u0131 &#8211; Dr. Cemil Tartan"},"content":{"rendered":"<p>Balanced Scorecard, i\u015fletmelerin performanslar\u0131n\u0131 \u00f6l\u00e7meye ve izlemeye dayal\u0131 stratejiler geli\u015ftirmesini sa\u011flayan bir performans y\u00f6netim sistemidir.<\/p>\n<p>G\u00fcn\u00fcm\u00fczde i\u015fletmeler, finansal \u00f6l\u00e7\u00fctlerin yan\u0131 s\u0131ra finansal olmayan \u00f6l\u00e7\u00fctlerin de dikkate al\u0131nmas\u0131 ve bunlar aras\u0131nda bir denge kurulmas\u0131 gerekti\u011finin fark\u0131na varm\u0131\u015flard\u0131r. Bu konuda da Balanced Scorecard uygulamas\u0131n\u0131n en etkili ara\u00e7lardan biri oldu\u011fu kabul edilmektedir. Bu kitab\u0131m\u0131zda Balanced Scorecard uygulamas\u0131n\u0131 salt bir \u00f6l\u00e7\u00fcm arac\u0131ndan \u00e7\u0131kart\u0131p y\u00f6netim sistemine ad\u0131m ad\u0131m nas\u0131l d\u00f6n\u00fc\u015ft\u00fcr\u00fclebilece\u011fi ve geli\u015ftirilece\u011fi ele al\u0131nm\u0131\u015ft\u0131r.<\/p>\n","protected":false},"excerpt":{"rendered":"<p>Balanced Scorecard, i\u015fletmelerin performanslar\u0131n\u0131 \u00f6l\u00e7meye ve izlemeye dayal\u0131 stratejiler geli\u015ftirmesini sa\u011flayan bir performans y\u00f6netim sistemidir. G\u00fcn\u00fcm\u00fczde i\u015fletmeler, finansal \u00f6l\u00e7\u00fctlerin yan\u0131 s\u0131ra finansal olmayan \u00f6l\u00e7\u00fctlerin de dikkate al\u0131nmas\u0131 ve bunlar aras\u0131nda bir denge kurulmas\u0131 gerekti\u011finin fark\u0131na varm\u0131\u015flard\u0131r. Bu konuda da Balanced Scorecard uygulamas\u0131n\u0131n en etkili ara\u00e7lardan biri oldu\u011fu kabul edilmektedir. Bu kitab\u0131m\u0131zda Balanced Scorecard uygulamas\u0131n\u0131 salt [&hellip;]<\/p>\n","protected":false},"featured_media":21949,"comment_status":"closed","ping_status":"closed","template":"","meta":[],"product_brand":[],"product_cat":[28],"product_tag":[],"class_list":{"0":"post-21948","1":"product","2":"type-product","3":"status-publish","4":"has-post-thumbnail","6":"product_cat-aratirma-inceleme","8":"first","9":"instock","10":"sale","11":"shipping-taxable","12":"purchasable","13":"product-type-simple"},"_links":{"self":[{"href":"https:\/\/kutluyayinevi.com\/magaza\/wp-json\/wp\/v2\/product\/21948","targetHints":{"allow":["GET"]}}],"collection":[{"href":"https:\/\/kutluyayinevi.com\/magaza\/wp-json\/wp\/v2\/product"}],"about":[{"href":"https:\/\/kutluyayinevi.com\/magaza\/wp-json\/wp\/v2\/types\/product"}],"replies":[{"embeddable":true,"href":"https:\/\/kutluyayinevi.com\/magaza\/wp-json\/wp\/v2\/comments?post=21948"}],"wp:featuredmedia":[{"embeddable":true,"href":"https:\/\/kutluyayinevi.com\/magaza\/wp-json\/wp\/v2\/media\/21949"}],"wp:attachment":[{"href":"https:\/\/kutluyayinevi.com\/magaza\/wp-json\/wp\/v2\/media?parent=21948"}],"wp:term":[{"taxonomy":"product_brand","embeddable":true,"href":"https:\/\/kutluyayinevi.com\/magaza\/wp-json\/wp\/v2\/product_brand?post=21948"},{"taxonomy":"product_cat","embeddable":true,"href":"https:\/\/kutluyayinevi.com\/magaza\/wp-json\/wp\/v2\/product_cat?post=21948"},{"taxonomy":"product_tag","embeddable":true,"href":"https:\/\/kutluyayinevi.com\/magaza\/wp-json\/wp\/v2\/product_tag?post=21948"}],"curies":[{"name":"wp","href":"https:\/\/api.w.org\/{rel}","templated":true}]}}