{"id":22034,"date":"2023-01-25T12:21:57","date_gmt":"2023-01-25T09:21:57","guid":{"rendered":"https:\/\/kutluyayinevi.com\/magaza\/?post_type=product&#038;p=22034"},"modified":"2025-02-05T18:16:50","modified_gmt":"2025-02-05T15:16:50","slug":"sol-yanim-rahman-kamsiz","status":"publish","type":"product","link":"https:\/\/kutluyayinevi.com\/magaza\/urun\/sol-yanim-rahman-kamsiz\/","title":{"rendered":"Sol Yan\u0131m &#8211; Rahman Kams\u0131z"},"content":{"rendered":"<p>A\u015fk, d\u00fcnyada kavu\u015famay\u0131p mezar\u0131na sar\u0131lmak m\u0131d\u0131r?<br \/>\nA\u015fk, tenhalarda bekleyip gizli gizli a\u011flamak m\u0131d\u0131r?<br \/>\nVe a\u015fk,<br \/>\nG\u00f6zler g\u00f6rmezken dilin suskunlu\u011fu mu,<br \/>\nDilin suskunlu\u011fu iken bedenin yok olmas\u0131 m\u0131d\u0131r?<\/p>\n","protected":false},"excerpt":{"rendered":"<p>A\u015fk, d\u00fcnyada kavu\u015famay\u0131p mezar\u0131na sar\u0131lmak m\u0131d\u0131r? A\u015fk, tenhalarda bekleyip gizli gizli a\u011flamak m\u0131d\u0131r? Ve a\u015fk, G\u00f6zler g\u00f6rmezken dilin suskunlu\u011fu mu, Dilin suskunlu\u011fu iken bedenin yok olmas\u0131 m\u0131d\u0131r?<\/p>\n","protected":false},"featured_media":22035,"comment_status":"closed","ping_status":"closed","template":"","meta":[],"product_brand":[],"product_cat":[22],"product_tag":[],"class_list":{"0":"post-22034","1":"product","2":"type-product","3":"status-publish","4":"has-post-thumbnail","6":"product_cat-siir","8":"first","9":"instock","10":"sale","11":"shipping-taxable","12":"purchasable","13":"product-type-simple"},"_links":{"self":[{"href":"https:\/\/kutluyayinevi.com\/magaza\/wp-json\/wp\/v2\/product\/22034","targetHints":{"allow":["GET"]}}],"collection":[{"href":"https:\/\/kutluyayinevi.com\/magaza\/wp-json\/wp\/v2\/product"}],"about":[{"href":"https:\/\/kutluyayinevi.com\/magaza\/wp-json\/wp\/v2\/types\/product"}],"replies":[{"embeddable":true,"href":"https:\/\/kutluyayinevi.com\/magaza\/wp-json\/wp\/v2\/comments?post=22034"}],"wp:featuredmedia":[{"embeddable":true,"href":"https:\/\/kutluyayinevi.com\/magaza\/wp-json\/wp\/v2\/media\/22035"}],"wp:attachment":[{"href":"https:\/\/kutluyayinevi.com\/magaza\/wp-json\/wp\/v2\/media?parent=22034"}],"wp:term":[{"taxonomy":"product_brand","embeddable":true,"href":"https:\/\/kutluyayinevi.com\/magaza\/wp-json\/wp\/v2\/product_brand?post=22034"},{"taxonomy":"product_cat","embeddable":true,"href":"https:\/\/kutluyayinevi.com\/magaza\/wp-json\/wp\/v2\/product_cat?post=22034"},{"taxonomy":"product_tag","embeddable":true,"href":"https:\/\/kutluyayinevi.com\/magaza\/wp-json\/wp\/v2\/product_tag?post=22034"}],"curies":[{"name":"wp","href":"https:\/\/api.w.org\/{rel}","templated":true}]}}