{"id":22066,"date":"2023-01-31T09:59:44","date_gmt":"2023-01-31T06:59:44","guid":{"rendered":"https:\/\/kutluyayinevi.com\/magaza\/?post_type=product&#038;p=22066"},"modified":"2026-02-20T17:25:37","modified_gmt":"2026-02-20T14:25:37","slug":"seni-sevmek-ne-guzel-mehmet-belli-eda-belli","status":"publish","type":"product","link":"https:\/\/kutluyayinevi.com\/magaza\/urun\/seni-sevmek-ne-guzel-mehmet-belli-eda-belli\/","title":{"rendered":"Seni Sevmek Ne G\u00fczel &#8211; Mehmet Belli, Eda Belli"},"content":{"rendered":"<p>Ya\u015fam bazen \u00e7ok ince bir \u00e7izgide ilerler. O \u00e7izgi ise y\u00f6n\u00fcn\u00fcz\u00fc belirler. \u00d6yle anlar olur ki \u00e7izginiz bir u\u00e7urumun kenar\u0131nda durabilir. Sizin devam etmeniz veya geri d\u00f6nmeniz sevdiklerinizin sizi tutmas\u0131na veya hafif itmesine ba\u011fl\u0131 kal\u0131r.<\/p>\n<p>Bazen devam edeyim mi, kalay\u0131m m\u0131 diye sevdiklerinize sorars\u0131n\u0131z, siz onlar i\u00e7in de\u011ferli iseniz b\u00fcy\u00fck ihtimalle sen deli misin haydi ver elini de d\u00f6nelim, bizim sana ihtiyac\u0131m\u0131z var, sen bizim i\u00e7in \u00e7ok de\u011ferlisin derler.<\/p>\n<p>Ne mutlu kalmak i\u00e7in, size g\u00fczel bir sebep sunanlara, ne mutlu kalmak i\u00e7in, g\u00fczel sebepleri olanlara.<\/p>\n<p>Kitab\u0131n kalmak i\u00e7in g\u00fczel sebepler olu\u015fturmas\u0131 dile\u011fiyle&#8230;<\/p>\n","protected":false},"excerpt":{"rendered":"<p>Ya\u015fam bazen \u00e7ok ince bir \u00e7izgide ilerler. O \u00e7izgi ise y\u00f6n\u00fcn\u00fcz\u00fc belirler. \u00d6yle anlar olur ki \u00e7izginiz bir u\u00e7urumun kenar\u0131nda durabilir. Sizin devam etmeniz veya geri d\u00f6nmeniz sevdiklerinizin sizi tutmas\u0131na veya hafif itmesine ba\u011fl\u0131 kal\u0131r. Bazen devam edeyim mi, kalay\u0131m m\u0131 diye sevdiklerinize sorars\u0131n\u0131z, siz onlar i\u00e7in de\u011ferli iseniz b\u00fcy\u00fck ihtimalle sen deli misin haydi [&hellip;]<\/p>\n","protected":false},"featured_media":22067,"comment_status":"closed","ping_status":"closed","template":"","meta":[],"product_brand":[],"product_cat":[22],"product_tag":[],"class_list":{"0":"post-22066","1":"product","2":"type-product","3":"status-publish","4":"has-post-thumbnail","6":"product_cat-siir","8":"first","9":"instock","10":"sale","11":"shipping-taxable","12":"purchasable","13":"product-type-simple"},"_links":{"self":[{"href":"https:\/\/kutluyayinevi.com\/magaza\/wp-json\/wp\/v2\/product\/22066","targetHints":{"allow":["GET"]}}],"collection":[{"href":"https:\/\/kutluyayinevi.com\/magaza\/wp-json\/wp\/v2\/product"}],"about":[{"href":"https:\/\/kutluyayinevi.com\/magaza\/wp-json\/wp\/v2\/types\/product"}],"replies":[{"embeddable":true,"href":"https:\/\/kutluyayinevi.com\/magaza\/wp-json\/wp\/v2\/comments?post=22066"}],"wp:featuredmedia":[{"embeddable":true,"href":"https:\/\/kutluyayinevi.com\/magaza\/wp-json\/wp\/v2\/media\/22067"}],"wp:attachment":[{"href":"https:\/\/kutluyayinevi.com\/magaza\/wp-json\/wp\/v2\/media?parent=22066"}],"wp:term":[{"taxonomy":"product_brand","embeddable":true,"href":"https:\/\/kutluyayinevi.com\/magaza\/wp-json\/wp\/v2\/product_brand?post=22066"},{"taxonomy":"product_cat","embeddable":true,"href":"https:\/\/kutluyayinevi.com\/magaza\/wp-json\/wp\/v2\/product_cat?post=22066"},{"taxonomy":"product_tag","embeddable":true,"href":"https:\/\/kutluyayinevi.com\/magaza\/wp-json\/wp\/v2\/product_tag?post=22066"}],"curies":[{"name":"wp","href":"https:\/\/api.w.org\/{rel}","templated":true}]}}