{"id":22068,"date":"2023-01-31T10:05:20","date_gmt":"2023-01-31T07:05:20","guid":{"rendered":"https:\/\/kutluyayinevi.com\/magaza\/?post_type=product&#038;p=22068"},"modified":"2026-02-19T13:15:41","modified_gmt":"2026-02-19T10:15:41","slug":"askin-en-gercek-hali-ayrilik-ekrem-sabuncu","status":"publish","type":"product","link":"https:\/\/kutluyayinevi.com\/magaza\/urun\/askin-en-gercek-hali-ayrilik-ekrem-sabuncu\/","title":{"rendered":"A\u015fk\u0131n En Ger\u00e7ek Hali: Ayr\u0131l\u0131k &#8211; Ekrem Sabuncu"},"content":{"rendered":"<p>S\u00f6zlerine ac\u0131 birikmemi\u015f erkekler, sevdikleri kad\u0131nlar\u0131n g\u00f6zlerine bulut oturmas\u0131na izin vermezler. Mevsimler ge\u00e7erken haydi gel \u00e7a\u011fr\u0131s\u0131 ile kavu\u015fmay\u0131 bekleyenler art\u0131k isyan etsin. Sevmek isyanla ba\u015flar. Dikkatli sevin, incinmeyin. Yoksa sizin de \u00e7\u0131\u011fl\u0131\u011f\u0131n\u0131z as\u0131rlarca yank\u0131lan\u0131r: SEN\u0130 SEVMEKTEN A\u011eIR YARALIYIM.<\/p>\n","protected":false},"excerpt":{"rendered":"<p>S\u00f6zlerine ac\u0131 birikmemi\u015f erkekler, sevdikleri kad\u0131nlar\u0131n g\u00f6zlerine bulut oturmas\u0131na izin vermezler. Mevsimler ge\u00e7erken haydi gel \u00e7a\u011fr\u0131s\u0131 ile kavu\u015fmay\u0131 bekleyenler art\u0131k isyan etsin. Sevmek isyanla ba\u015flar. Dikkatli sevin, incinmeyin. Yoksa sizin de \u00e7\u0131\u011fl\u0131\u011f\u0131n\u0131z as\u0131rlarca yank\u0131lan\u0131r: SEN\u0130 SEVMEKTEN A\u011eIR YARALIYIM.<\/p>\n","protected":false},"featured_media":22069,"comment_status":"closed","ping_status":"closed","template":"","meta":[],"product_brand":[],"product_cat":[22],"product_tag":[],"class_list":{"0":"post-22068","1":"product","2":"type-product","3":"status-publish","4":"has-post-thumbnail","6":"product_cat-siir","8":"first","9":"instock","10":"sale","11":"shipping-taxable","12":"purchasable","13":"product-type-simple"},"_links":{"self":[{"href":"https:\/\/kutluyayinevi.com\/magaza\/wp-json\/wp\/v2\/product\/22068","targetHints":{"allow":["GET"]}}],"collection":[{"href":"https:\/\/kutluyayinevi.com\/magaza\/wp-json\/wp\/v2\/product"}],"about":[{"href":"https:\/\/kutluyayinevi.com\/magaza\/wp-json\/wp\/v2\/types\/product"}],"replies":[{"embeddable":true,"href":"https:\/\/kutluyayinevi.com\/magaza\/wp-json\/wp\/v2\/comments?post=22068"}],"wp:featuredmedia":[{"embeddable":true,"href":"https:\/\/kutluyayinevi.com\/magaza\/wp-json\/wp\/v2\/media\/22069"}],"wp:attachment":[{"href":"https:\/\/kutluyayinevi.com\/magaza\/wp-json\/wp\/v2\/media?parent=22068"}],"wp:term":[{"taxonomy":"product_brand","embeddable":true,"href":"https:\/\/kutluyayinevi.com\/magaza\/wp-json\/wp\/v2\/product_brand?post=22068"},{"taxonomy":"product_cat","embeddable":true,"href":"https:\/\/kutluyayinevi.com\/magaza\/wp-json\/wp\/v2\/product_cat?post=22068"},{"taxonomy":"product_tag","embeddable":true,"href":"https:\/\/kutluyayinevi.com\/magaza\/wp-json\/wp\/v2\/product_tag?post=22068"}],"curies":[{"name":"wp","href":"https:\/\/api.w.org\/{rel}","templated":true}]}}