{"id":22072,"date":"2023-01-31T10:17:59","date_gmt":"2023-01-31T07:17:59","guid":{"rendered":"https:\/\/kutluyayinevi.com\/magaza\/?post_type=product&#038;p=22072"},"modified":"2026-02-20T13:02:33","modified_gmt":"2026-02-20T10:02:33","slug":"leyladan-vuslata-yolculuk-siirleri-meryem-kirk","status":"publish","type":"product","link":"https:\/\/kutluyayinevi.com\/magaza\/urun\/leyladan-vuslata-yolculuk-siirleri-meryem-kirk\/","title":{"rendered":"Leyla\u2019dan Vuslata Yolculuk \u015eiirleri &#8211; Meryem K\u0131rk"},"content":{"rendered":"<p>Her insan\u0131n bu d\u00fcnyaya geli\u015f amac\u0131 vard\u0131r. Hayat amac\u0131 olmayanlar \u201cKendimi bir bo\u015flu\u011fa nas\u0131l b\u0131rak\u0131r\u0131m?\u201d korkusuyla ya da gelecek endi\u015fesi olmadan yasay\u0131p gider. Benim bu kitab\u0131 yazma amac\u0131m; Yaradan&#8217;a olan sonsuz sevdam\u0131n bir ni\u015fanesi, gelece\u011fin yollar\u0131na \u0131\u015f\u0131k tutmas\u0131, ke\u015fif yolculu\u011fuma heyecan katmas\u0131 ad\u0131na sat\u0131rlara d\u00f6k\u00fclm\u00fc\u015ft\u00fcr.<\/p>\n<p>\u0130ni\u015fli \u00e7\u0131k\u0131\u015fl\u0131 hayat merdiveninde kendime bir yol buldum. Bu yolda her t\u00fcrl\u00fc s\u0131k\u0131nt\u0131, dert, \u00e7ak\u0131l ta\u015f\u0131, engebeli yol mevcut. Benim hayatla b\u00fct\u00fcnle\u015fip \u015fiirle can buldu\u011fum sat\u0131rlar\u0131ma senin de e\u015flik etmeni \u00e7ok isterim \u00e7\u00fcnk\u00fc bu bir bak\u0131ma senin de yolculu\u011fun&#8230; Sat\u0131rlar\u0131 okurken kendini ba\u015fka diyarlarda hissedebilirsin. Senli benli bu yolculu\u011fun ikimize de yeni kap\u0131lar a\u00e7mas\u0131 duas\u0131yla&#8230;<\/p>\n","protected":false},"excerpt":{"rendered":"<p>Her insan\u0131n bu d\u00fcnyaya geli\u015f amac\u0131 vard\u0131r. Hayat amac\u0131 olmayanlar \u201cKendimi bir bo\u015flu\u011fa nas\u0131l b\u0131rak\u0131r\u0131m?\u201d korkusuyla ya da gelecek endi\u015fesi olmadan yasay\u0131p gider. Benim bu kitab\u0131 yazma amac\u0131m; Yaradan&#8217;a olan sonsuz sevdam\u0131n bir ni\u015fanesi, gelece\u011fin yollar\u0131na \u0131\u015f\u0131k tutmas\u0131, ke\u015fif yolculu\u011fuma heyecan katmas\u0131 ad\u0131na sat\u0131rlara d\u00f6k\u00fclm\u00fc\u015ft\u00fcr. \u0130ni\u015fli \u00e7\u0131k\u0131\u015fl\u0131 hayat merdiveninde kendime bir yol buldum. Bu yolda [&hellip;]<\/p>\n","protected":false},"featured_media":22073,"comment_status":"closed","ping_status":"closed","template":"","meta":[],"product_brand":[],"product_cat":[22],"product_tag":[],"class_list":{"0":"post-22072","1":"product","2":"type-product","3":"status-publish","4":"has-post-thumbnail","6":"product_cat-siir","8":"first","9":"instock","10":"sale","11":"shipping-taxable","12":"purchasable","13":"product-type-simple"},"_links":{"self":[{"href":"https:\/\/kutluyayinevi.com\/magaza\/wp-json\/wp\/v2\/product\/22072","targetHints":{"allow":["GET"]}}],"collection":[{"href":"https:\/\/kutluyayinevi.com\/magaza\/wp-json\/wp\/v2\/product"}],"about":[{"href":"https:\/\/kutluyayinevi.com\/magaza\/wp-json\/wp\/v2\/types\/product"}],"replies":[{"embeddable":true,"href":"https:\/\/kutluyayinevi.com\/magaza\/wp-json\/wp\/v2\/comments?post=22072"}],"wp:featuredmedia":[{"embeddable":true,"href":"https:\/\/kutluyayinevi.com\/magaza\/wp-json\/wp\/v2\/media\/22073"}],"wp:attachment":[{"href":"https:\/\/kutluyayinevi.com\/magaza\/wp-json\/wp\/v2\/media?parent=22072"}],"wp:term":[{"taxonomy":"product_brand","embeddable":true,"href":"https:\/\/kutluyayinevi.com\/magaza\/wp-json\/wp\/v2\/product_brand?post=22072"},{"taxonomy":"product_cat","embeddable":true,"href":"https:\/\/kutluyayinevi.com\/magaza\/wp-json\/wp\/v2\/product_cat?post=22072"},{"taxonomy":"product_tag","embeddable":true,"href":"https:\/\/kutluyayinevi.com\/magaza\/wp-json\/wp\/v2\/product_tag?post=22072"}],"curies":[{"name":"wp","href":"https:\/\/api.w.org\/{rel}","templated":true}]}}