{"id":22074,"date":"2023-01-31T10:22:03","date_gmt":"2023-01-31T07:22:03","guid":{"rendered":"https:\/\/kutluyayinevi.com\/magaza\/?post_type=product&#038;p=22074"},"modified":"2026-02-20T16:34:04","modified_gmt":"2026-02-20T13:34:04","slug":"nar-i-ask-birgul-karagoz","status":"publish","type":"product","link":"https:\/\/kutluyayinevi.com\/magaza\/urun\/nar-i-ask-birgul-karagoz\/","title":{"rendered":"N\u00e2r-\u0131 A\u015fk &#8211; Birg\u00fcl Karag\u00f6z"},"content":{"rendered":"<p>Sevgili okurum, N\u00e2r-\u0131 A\u015fk isimli \u00e7al\u0131\u015fmam pandemi d\u00f6neminde olu\u015fan ve kendimize d\u00f6nd\u00fc\u011f\u00fcm\u00fcz bu s\u00fcre\u00e7te bendeki yans\u0131mas\u0131d\u0131r.<\/p>\n<p>Rabb&#8217;ime duydu\u011fum derin inan\u00e7 ve \u015f\u00fckran duygular\u0131m\u0131 bir nebze de olsa kaleme almak ve siz \u015fiir severlerle bu duygular\u0131m\u0131 payla\u015fmakt\u0131 amac\u0131m\u2026<\/p>\n<p>G\u00f6nl\u00fcmdeki Allah a\u015fk\u0131n\u0131 kendi duygu d\u00fcnyam ve c\u00fcmlelerimle sizlerle payla\u015fmak istedim.<\/p>\n<p>Ayn\u0131 duygu denizinde yol almak ve duygular\u0131n\u0131zda iz b\u0131rakabilmek dile\u011fiyle\u2026<\/p>\n<p>B\u0130RG\u00dcL KARAG\u00d6Z<\/p>\n","protected":false},"excerpt":{"rendered":"<p>Sevgili okurum, N\u00e2r-\u0131 A\u015fk isimli \u00e7al\u0131\u015fmam pandemi d\u00f6neminde olu\u015fan ve kendimize d\u00f6nd\u00fc\u011f\u00fcm\u00fcz bu s\u00fcre\u00e7te bendeki yans\u0131mas\u0131d\u0131r. Rabb&#8217;ime duydu\u011fum derin inan\u00e7 ve \u015f\u00fckran duygular\u0131m\u0131 bir nebze de olsa kaleme almak ve siz \u015fiir severlerle bu duygular\u0131m\u0131 payla\u015fmakt\u0131 amac\u0131m\u2026 G\u00f6nl\u00fcmdeki Allah a\u015fk\u0131n\u0131 kendi duygu d\u00fcnyam ve c\u00fcmlelerimle sizlerle payla\u015fmak istedim. Ayn\u0131 duygu denizinde yol almak ve duygular\u0131n\u0131zda [&hellip;]<\/p>\n","protected":false},"featured_media":22075,"comment_status":"closed","ping_status":"closed","template":"","meta":[],"product_brand":[],"product_cat":[22],"product_tag":[],"class_list":{"0":"post-22074","1":"product","2":"type-product","3":"status-publish","4":"has-post-thumbnail","6":"product_cat-siir","8":"first","9":"instock","10":"sale","11":"shipping-taxable","12":"purchasable","13":"product-type-simple"},"_links":{"self":[{"href":"https:\/\/kutluyayinevi.com\/magaza\/wp-json\/wp\/v2\/product\/22074","targetHints":{"allow":["GET"]}}],"collection":[{"href":"https:\/\/kutluyayinevi.com\/magaza\/wp-json\/wp\/v2\/product"}],"about":[{"href":"https:\/\/kutluyayinevi.com\/magaza\/wp-json\/wp\/v2\/types\/product"}],"replies":[{"embeddable":true,"href":"https:\/\/kutluyayinevi.com\/magaza\/wp-json\/wp\/v2\/comments?post=22074"}],"wp:featuredmedia":[{"embeddable":true,"href":"https:\/\/kutluyayinevi.com\/magaza\/wp-json\/wp\/v2\/media\/22075"}],"wp:attachment":[{"href":"https:\/\/kutluyayinevi.com\/magaza\/wp-json\/wp\/v2\/media?parent=22074"}],"wp:term":[{"taxonomy":"product_brand","embeddable":true,"href":"https:\/\/kutluyayinevi.com\/magaza\/wp-json\/wp\/v2\/product_brand?post=22074"},{"taxonomy":"product_cat","embeddable":true,"href":"https:\/\/kutluyayinevi.com\/magaza\/wp-json\/wp\/v2\/product_cat?post=22074"},{"taxonomy":"product_tag","embeddable":true,"href":"https:\/\/kutluyayinevi.com\/magaza\/wp-json\/wp\/v2\/product_tag?post=22074"}],"curies":[{"name":"wp","href":"https:\/\/api.w.org\/{rel}","templated":true}]}}