{"id":22076,"date":"2023-01-31T10:25:52","date_gmt":"2023-01-31T07:25:52","guid":{"rendered":"https:\/\/kutluyayinevi.com\/magaza\/?post_type=product&#038;p=22076"},"modified":"2026-02-20T09:45:40","modified_gmt":"2026-02-20T06:45:40","slug":"firtinadan-sonra-dursun-kamil-aricioglu","status":"publish","type":"product","link":"https:\/\/kutluyayinevi.com\/magaza\/urun\/firtinadan-sonra-dursun-kamil-aricioglu\/","title":{"rendered":"F\u0131rt\u0131nadan Sonra &#8211; Dursun K\u00e2mil Ar\u0131c\u0131o\u011flu"},"content":{"rendered":"<p style=\"margin-bottom: 0px; overflow-wrap: break-word; text-overflow: ellipsis; color: #172b4d; font-family: -apple-system, BlinkMacSystemFont, 'Segoe UI', Roboto, 'Noto Sans', Ubuntu, 'Droid Sans', 'Helvetica Neue', sans-serif; font-size: 14px;\">Rabbimiz, kel\u00e2m\u0131 Peygamberine OKU emriyle ba\u015flatt\u0131. Efendimiz de evreni, d\u00fcnyay\u0131, insan\u0131 okudu. \u0130nsanlar\u0131 hep sevdi ve ba\u015fard\u0131. \u0130nsano\u011fluna yol g\u00f6sterdi, rehberlik etti. Karanl\u0131klarda kaybolan, bunalan \u00c2demo\u011fluna \u0131\u015f\u0131k oldu. Nefes ald\u0131, yol ald\u0131, \u00e7a\u011f atlad\u0131 insanl\u0131k. Sonra sevgiyi, muhabbeti, vefay\u0131 \u00f6\u011fretti insano\u011fluna. Sevgi tohumlar\u0131 ekti. Cahiliye d\u00f6nemini bitirip, Asr\u0131 Saadet d\u00f6nemini nak\u0131\u015f nak\u0131\u015f, ilmek ilmek i\u015fledi, sevgi dilini kullanarak.<\/p>\n<p style=\"margin-top: 0.75rem; margin-bottom: 0px; overflow-wrap: break-word; text-overflow: ellipsis; color: #172b4d; font-family: -apple-system, BlinkMacSystemFont, 'Segoe UI', Roboto, 'Noto Sans', Ubuntu, 'Droid Sans', 'Helvetica Neue', sans-serif; font-size: 14px;\">Severek, sevgi yumaklar\u0131 olu\u015fturarak zor d\u00fcnyay\u0131 kolayla\u015ft\u0131rabiliriz, ya\u015fanabilir bir d\u00fcnya kurabiliriz.<\/p>\n<p style=\"margin-top: 0.75rem; margin-bottom: 0px; overflow-wrap: break-word; text-overflow: ellipsis; color: #172b4d; font-family: -apple-system, BlinkMacSystemFont, 'Segoe UI', Roboto, 'Noto Sans', Ubuntu, 'Droid Sans', 'Helvetica Neue', sans-serif; font-size: 14px;\">Sevmeyi, g\u00fcl\u00fcmsemeyi beceremeyen yaln\u0131zla\u015f\u0131r kalabal\u0131klarda.<br \/>\nG\u00fcne\u015f gibi, ay gibi yayal\u0131m etraf\u0131m\u0131z\u0131, ayd\u0131nlatal\u0131m sevgi tomurcuklar\u0131yla.<\/p>\n<p style=\"margin-top: 0.75rem; margin-bottom: 0px; overflow-wrap: break-word; text-overflow: ellipsis; color: #172b4d; font-family: -apple-system, BlinkMacSystemFont, 'Segoe UI', Roboto, 'Noto Sans', Ubuntu, 'Droid Sans', 'Helvetica Neue', sans-serif; font-size: 14px;\">Sevgiyi, g\u00fcl\u00fcmsemeyi payla\u015fal\u0131m. D\u0131\u015f\u0131m\u0131z i\u00e7imizin aynas\u0131d\u0131r.<br \/>\nBug\u00fcn var\u0131z, yar\u0131n belki olmayabiliriz. Yol yak\u0131nken sevmeyi, g\u00fcl\u00fcmsemeyi ertelemeyelim.<\/p>\n<p style=\"margin-top: 0.75rem; margin-bottom: 0px; overflow-wrap: break-word; text-overflow: ellipsis; color: #172b4d; font-family: -apple-system, BlinkMacSystemFont, 'Segoe UI', Roboto, 'Noto Sans', Ubuntu, 'Droid Sans', 'Helvetica Neue', sans-serif; font-size: 14px;\">Kals\u0131n sadece sevgi, sayg\u0131 ve g\u00fcl\u00fcmseme. Bu d\u00fcnyada kaybedecek bir \u015feyimiz yok. Sevgi dili ile konu\u015fal\u0131m. Daralan, yaral\u0131, bi\u00e7are g\u00f6n\u00fcllerimiz a\u00e7\u0131ls\u0131n ki ya\u015fam\u0131n tad\u0131na varal\u0131m.<\/p>\n<p style=\"margin-top: 0.75rem; margin-bottom: 0px; overflow-wrap: break-word; text-overflow: ellipsis; color: #172b4d; font-family: -apple-system, BlinkMacSystemFont, 'Segoe UI', Roboto, 'Noto Sans', Ubuntu, 'Droid Sans', 'Helvetica Neue', sans-serif; font-size: 14px;\">Biz de Efendimiz gibi ba\u015farabiliriz.<\/p>\n","protected":false},"excerpt":{"rendered":"<p>Rabbimiz, kel\u00e2m\u0131 Peygamberine OKU emriyle ba\u015flatt\u0131. Efendimiz de evreni, d\u00fcnyay\u0131, insan\u0131 okudu. \u0130nsanlar\u0131 hep sevdi ve ba\u015fard\u0131. \u0130nsano\u011fluna yol g\u00f6sterdi, rehberlik etti. Karanl\u0131klarda kaybolan, bunalan \u00c2demo\u011fluna \u0131\u015f\u0131k oldu. Nefes ald\u0131, yol ald\u0131, \u00e7a\u011f atlad\u0131 insanl\u0131k. Sonra sevgiyi, muhabbeti, vefay\u0131 \u00f6\u011fretti insano\u011fluna. Sevgi tohumlar\u0131 ekti. Cahiliye d\u00f6nemini bitirip, Asr\u0131 Saadet d\u00f6nemini nak\u0131\u015f nak\u0131\u015f, ilmek ilmek i\u015fledi, [&hellip;]<\/p>\n","protected":false},"featured_media":22077,"comment_status":"closed","ping_status":"closed","template":"","meta":[],"product_brand":[],"product_cat":[22],"product_tag":[],"class_list":{"0":"post-22076","1":"product","2":"type-product","3":"status-publish","4":"has-post-thumbnail","6":"product_cat-siir","8":"first","9":"instock","10":"sale","11":"shipping-taxable","12":"purchasable","13":"product-type-simple"},"_links":{"self":[{"href":"https:\/\/kutluyayinevi.com\/magaza\/wp-json\/wp\/v2\/product\/22076","targetHints":{"allow":["GET"]}}],"collection":[{"href":"https:\/\/kutluyayinevi.com\/magaza\/wp-json\/wp\/v2\/product"}],"about":[{"href":"https:\/\/kutluyayinevi.com\/magaza\/wp-json\/wp\/v2\/types\/product"}],"replies":[{"embeddable":true,"href":"https:\/\/kutluyayinevi.com\/magaza\/wp-json\/wp\/v2\/comments?post=22076"}],"wp:featuredmedia":[{"embeddable":true,"href":"https:\/\/kutluyayinevi.com\/magaza\/wp-json\/wp\/v2\/media\/22077"}],"wp:attachment":[{"href":"https:\/\/kutluyayinevi.com\/magaza\/wp-json\/wp\/v2\/media?parent=22076"}],"wp:term":[{"taxonomy":"product_brand","embeddable":true,"href":"https:\/\/kutluyayinevi.com\/magaza\/wp-json\/wp\/v2\/product_brand?post=22076"},{"taxonomy":"product_cat","embeddable":true,"href":"https:\/\/kutluyayinevi.com\/magaza\/wp-json\/wp\/v2\/product_cat?post=22076"},{"taxonomy":"product_tag","embeddable":true,"href":"https:\/\/kutluyayinevi.com\/magaza\/wp-json\/wp\/v2\/product_tag?post=22076"}],"curies":[{"name":"wp","href":"https:\/\/api.w.org\/{rel}","templated":true}]}}