{"id":22092,"date":"2023-02-07T14:04:40","date_gmt":"2023-02-07T11:04:40","guid":{"rendered":"https:\/\/kutluyayinevi.com\/magaza\/?post_type=product&#038;p=22092"},"modified":"2026-02-23T10:16:33","modified_gmt":"2026-02-23T07:16:33","slug":"siirlerim-suleyman-islak","status":"publish","type":"product","link":"https:\/\/kutluyayinevi.com\/magaza\/urun\/siirlerim-suleyman-islak\/","title":{"rendered":"\u015eiirlerim &#8211; S\u00fcleyman I\u015flak"},"content":{"rendered":"<p>T\u00dcRK\u0130YE\u2019M<\/p>\n<p>Ay\u0131rmad\u0131n Arap\u2019\u0131, G\u00fcrc\u00fc\u2019y\u00fc, \u00c7erkez\u2019i<br \/>\nSensin farkl\u0131 k\u00fclt\u00fcrlerin merkezi,<br \/>\n\u015eanl\u0131 tarihinle k\u0131skand\u0131rd\u0131n herkesi,<br \/>\nSevdal\u0131ms\u0131n sen, g\u00fczel T\u00fcrkiye\u2019m.<\/p>\n<p>Kelimeler yetmez, g\u00fczelli\u011fini \u00f6vmeye,<br \/>\nDoymak m\u00fcmk\u00fcn m\u00fc seni sevmeye,<br \/>\nGerekti\u011finde haz\u0131r\u0131m, can\u0131m\u0131 vermeye,<br \/>\nE\u015fsiz benzersiz g\u00fczel T\u00fcrkiye\u2019m.<\/p>\n<p>Sen farkl\u0131s\u0131n, benim cennet yurdum,<br \/>\nYurtta\u015f\u0131n olmakla kas\u0131ld\u0131m durdum,<br \/>\nT\u00fcrk do\u011fu\u015fumu \u015fans\u0131ma yordum,<br \/>\n\u00d6v\u00fcn\u00e7l\u00fcy\u00fcm, gururluyum g\u00fczel T\u00fcrkiye\u2019m.<\/p>\n","protected":false},"excerpt":{"rendered":"<p>T\u00dcRK\u0130YE\u2019M Ay\u0131rmad\u0131n Arap\u2019\u0131, G\u00fcrc\u00fc\u2019y\u00fc, \u00c7erkez\u2019i Sensin farkl\u0131 k\u00fclt\u00fcrlerin merkezi, \u015eanl\u0131 tarihinle k\u0131skand\u0131rd\u0131n herkesi, Sevdal\u0131ms\u0131n sen, g\u00fczel T\u00fcrkiye\u2019m. Kelimeler yetmez, g\u00fczelli\u011fini \u00f6vmeye, Doymak m\u00fcmk\u00fcn m\u00fc seni sevmeye, Gerekti\u011finde haz\u0131r\u0131m, can\u0131m\u0131 vermeye, E\u015fsiz benzersiz g\u00fczel T\u00fcrkiye\u2019m. Sen farkl\u0131s\u0131n, benim cennet yurdum, Yurtta\u015f\u0131n olmakla kas\u0131ld\u0131m durdum, T\u00fcrk do\u011fu\u015fumu \u015fans\u0131ma yordum, \u00d6v\u00fcn\u00e7l\u00fcy\u00fcm, gururluyum g\u00fczel T\u00fcrkiye\u2019m.<\/p>\n","protected":false},"featured_media":22093,"comment_status":"closed","ping_status":"closed","template":"","meta":[],"product_brand":[],"product_cat":[22],"product_tag":[],"class_list":{"0":"post-22092","1":"product","2":"type-product","3":"status-publish","4":"has-post-thumbnail","6":"product_cat-siir","8":"first","9":"instock","10":"sale","11":"shipping-taxable","12":"purchasable","13":"product-type-simple"},"_links":{"self":[{"href":"https:\/\/kutluyayinevi.com\/magaza\/wp-json\/wp\/v2\/product\/22092","targetHints":{"allow":["GET"]}}],"collection":[{"href":"https:\/\/kutluyayinevi.com\/magaza\/wp-json\/wp\/v2\/product"}],"about":[{"href":"https:\/\/kutluyayinevi.com\/magaza\/wp-json\/wp\/v2\/types\/product"}],"replies":[{"embeddable":true,"href":"https:\/\/kutluyayinevi.com\/magaza\/wp-json\/wp\/v2\/comments?post=22092"}],"wp:featuredmedia":[{"embeddable":true,"href":"https:\/\/kutluyayinevi.com\/magaza\/wp-json\/wp\/v2\/media\/22093"}],"wp:attachment":[{"href":"https:\/\/kutluyayinevi.com\/magaza\/wp-json\/wp\/v2\/media?parent=22092"}],"wp:term":[{"taxonomy":"product_brand","embeddable":true,"href":"https:\/\/kutluyayinevi.com\/magaza\/wp-json\/wp\/v2\/product_brand?post=22092"},{"taxonomy":"product_cat","embeddable":true,"href":"https:\/\/kutluyayinevi.com\/magaza\/wp-json\/wp\/v2\/product_cat?post=22092"},{"taxonomy":"product_tag","embeddable":true,"href":"https:\/\/kutluyayinevi.com\/magaza\/wp-json\/wp\/v2\/product_tag?post=22092"}],"curies":[{"name":"wp","href":"https:\/\/api.w.org\/{rel}","templated":true}]}}