{"id":22098,"date":"2023-02-07T14:22:26","date_gmt":"2023-02-07T11:22:26","guid":{"rendered":"https:\/\/kutluyayinevi.com\/magaza\/?post_type=product&#038;p=22098"},"modified":"2026-02-23T09:59:30","modified_gmt":"2026-02-23T06:59:30","slug":"suriye-afrin-zeytindali-harekati-murat-tevfik-tensi","status":"publish","type":"product","link":"https:\/\/kutluyayinevi.com\/magaza\/urun\/suriye-afrin-zeytindali-harekati-murat-tevfik-tensi\/","title":{"rendered":"Suriye Afrin Zeytindal\u0131 Harek\u00e2t\u0131 &#8211; Murat Tevfik Ten\u015fi"},"content":{"rendered":"<p>Zeytin Dal\u0131 Harek\u00e2t\u0131\u2019n\u0131n ger\u00e7ekle\u015ftirildi\u011fi d\u00f6nemde, gerek iktidar gerekse muhalefetteki T\u00fcrk siyaset\u00e7i ve devlet adamlar\u0131, \u00fclkemizin \u201cBeka Sorunu\u201d ile kar\u015f\u0131 kar\u015f\u0131ya oldu\u011funu, s\u0131kl\u0131kla ve net ifadelerle dile getirdi. \u201cZeytin Dal\u0131 Harek\u00e2t\u0131\u201d, bu g\u00fcndemle ger\u00e7ekle\u015ftirildi\u011finden, sebepleri ve sonu\u00e7lar\u0131yla T\u00fcrk tarihinde \u00f6nemli bir yere sahip olacakt\u0131r.<\/p>\n<p>Elinizde bulunan bu \u00e7al\u0131\u015fma, harek\u00e2t\u0131n aktif devam etti\u011fi s\u00fcre\u00e7te g\u00f6rsel, i\u015fitsel, elektronik, dijital, bas\u0131l\u0131 kaynaklardan g\u00fcnbeg\u00fcn yap\u0131lan takip ile ortaya \u00e7\u0131km\u0131\u015ft\u0131r. Harek\u00e2t ile ilgili diplomatik, siyas\u00ee ve asker\u00ee t\u00fcm safahat, g\u00fcn g\u00fcn ele al\u0131narak kayda ge\u00e7irilmi\u015f ve ayn\u0131 \u015fekilde okuyucunun istifadesine sunulmu\u015ftur.<\/p>\n<p>Faydal\u0131 olmas\u0131 dile\u011fiyle\u2026<\/p>\n","protected":false},"excerpt":{"rendered":"<p>Zeytin Dal\u0131 Harek\u00e2t\u0131\u2019n\u0131n ger\u00e7ekle\u015ftirildi\u011fi d\u00f6nemde, gerek iktidar gerekse muhalefetteki T\u00fcrk siyaset\u00e7i ve devlet adamlar\u0131, \u00fclkemizin \u201cBeka Sorunu\u201d ile kar\u015f\u0131 kar\u015f\u0131ya oldu\u011funu, s\u0131kl\u0131kla ve net ifadelerle dile getirdi. \u201cZeytin Dal\u0131 Harek\u00e2t\u0131\u201d, bu g\u00fcndemle ger\u00e7ekle\u015ftirildi\u011finden, sebepleri ve sonu\u00e7lar\u0131yla T\u00fcrk tarihinde \u00f6nemli bir yere sahip olacakt\u0131r. Elinizde bulunan bu \u00e7al\u0131\u015fma, harek\u00e2t\u0131n aktif devam etti\u011fi s\u00fcre\u00e7te g\u00f6rsel, i\u015fitsel, elektronik, [&hellip;]<\/p>\n","protected":false},"featured_media":22099,"comment_status":"closed","ping_status":"closed","template":"","meta":[],"product_brand":[],"product_cat":[28],"product_tag":[],"class_list":{"0":"post-22098","1":"product","2":"type-product","3":"status-publish","4":"has-post-thumbnail","6":"product_cat-aratirma-inceleme","8":"first","9":"instock","10":"sale","11":"shipping-taxable","12":"purchasable","13":"product-type-simple"},"_links":{"self":[{"href":"https:\/\/kutluyayinevi.com\/magaza\/wp-json\/wp\/v2\/product\/22098","targetHints":{"allow":["GET"]}}],"collection":[{"href":"https:\/\/kutluyayinevi.com\/magaza\/wp-json\/wp\/v2\/product"}],"about":[{"href":"https:\/\/kutluyayinevi.com\/magaza\/wp-json\/wp\/v2\/types\/product"}],"replies":[{"embeddable":true,"href":"https:\/\/kutluyayinevi.com\/magaza\/wp-json\/wp\/v2\/comments?post=22098"}],"wp:featuredmedia":[{"embeddable":true,"href":"https:\/\/kutluyayinevi.com\/magaza\/wp-json\/wp\/v2\/media\/22099"}],"wp:attachment":[{"href":"https:\/\/kutluyayinevi.com\/magaza\/wp-json\/wp\/v2\/media?parent=22098"}],"wp:term":[{"taxonomy":"product_brand","embeddable":true,"href":"https:\/\/kutluyayinevi.com\/magaza\/wp-json\/wp\/v2\/product_brand?post=22098"},{"taxonomy":"product_cat","embeddable":true,"href":"https:\/\/kutluyayinevi.com\/magaza\/wp-json\/wp\/v2\/product_cat?post=22098"},{"taxonomy":"product_tag","embeddable":true,"href":"https:\/\/kutluyayinevi.com\/magaza\/wp-json\/wp\/v2\/product_tag?post=22098"}],"curies":[{"name":"wp","href":"https:\/\/api.w.org\/{rel}","templated":true}]}}