{"id":22133,"date":"2023-02-27T15:16:02","date_gmt":"2023-02-27T12:16:02","guid":{"rendered":"https:\/\/kutluyayinevi.com\/magaza\/?post_type=product&#038;p=22133"},"modified":"2026-02-20T16:44:00","modified_gmt":"2026-02-20T13:44:00","slug":"oleyazdim-yasin-metin","status":"publish","type":"product","link":"https:\/\/kutluyayinevi.com\/magaza\/urun\/oleyazdim-yasin-metin\/","title":{"rendered":"\u00d6leyazd\u0131m &#8211; Yasin Metin"},"content":{"rendered":"<p>Yabanc\u0131 \u015fiirler yaz\u0131lm\u0131\u015f g\u00f6zlerine kirlenmi\u015fsin.<\/p>\n","protected":false},"excerpt":{"rendered":"<p>Yabanc\u0131 \u015fiirler yaz\u0131lm\u0131\u015f g\u00f6zlerine kirlenmi\u015fsin.<\/p>\n","protected":false},"featured_media":22134,"comment_status":"closed","ping_status":"closed","template":"","meta":[],"product_brand":[],"product_cat":[22],"product_tag":[],"class_list":{"0":"post-22133","1":"product","2":"type-product","3":"status-publish","4":"has-post-thumbnail","6":"product_cat-siir","8":"first","9":"instock","10":"sale","11":"shipping-taxable","12":"purchasable","13":"product-type-simple"},"_links":{"self":[{"href":"https:\/\/kutluyayinevi.com\/magaza\/wp-json\/wp\/v2\/product\/22133","targetHints":{"allow":["GET"]}}],"collection":[{"href":"https:\/\/kutluyayinevi.com\/magaza\/wp-json\/wp\/v2\/product"}],"about":[{"href":"https:\/\/kutluyayinevi.com\/magaza\/wp-json\/wp\/v2\/types\/product"}],"replies":[{"embeddable":true,"href":"https:\/\/kutluyayinevi.com\/magaza\/wp-json\/wp\/v2\/comments?post=22133"}],"wp:featuredmedia":[{"embeddable":true,"href":"https:\/\/kutluyayinevi.com\/magaza\/wp-json\/wp\/v2\/media\/22134"}],"wp:attachment":[{"href":"https:\/\/kutluyayinevi.com\/magaza\/wp-json\/wp\/v2\/media?parent=22133"}],"wp:term":[{"taxonomy":"product_brand","embeddable":true,"href":"https:\/\/kutluyayinevi.com\/magaza\/wp-json\/wp\/v2\/product_brand?post=22133"},{"taxonomy":"product_cat","embeddable":true,"href":"https:\/\/kutluyayinevi.com\/magaza\/wp-json\/wp\/v2\/product_cat?post=22133"},{"taxonomy":"product_tag","embeddable":true,"href":"https:\/\/kutluyayinevi.com\/magaza\/wp-json\/wp\/v2\/product_tag?post=22133"}],"curies":[{"name":"wp","href":"https:\/\/api.w.org\/{rel}","templated":true}]}}