{"id":22135,"date":"2023-02-27T15:18:02","date_gmt":"2023-02-27T12:18:02","guid":{"rendered":"https:\/\/kutluyayinevi.com\/magaza\/?post_type=product&#038;p=22135"},"modified":"2026-02-20T16:44:23","modified_gmt":"2026-02-20T13:44:23","slug":"oluler-nehir-guzel","status":"publish","type":"product","link":"https:\/\/kutluyayinevi.com\/magaza\/urun\/oluler-nehir-guzel\/","title":{"rendered":"\u00d6l\u00fcler &#8211; Nehir G\u00fczel"},"content":{"rendered":"<p>\u201cSizce insanlar en \u00e7ok hangi oyunu seviyor?\u201d<br \/>\nDoktor \u00f6nce duraksad\u0131, sonra,<br \/>\n\u201cYani ki\u015fiden ki\u015fiye de\u011fi\u015fir bu.\u201d dedi.<br \/>\nHasta,<br \/>\n\u201cBence t\u00fcm insanlar\u0131n en sevdikleri oyun puzzle. Niye derseniz \u00e7\u00fcnk\u00fc hayatlar\u0131 boyunca \u00f6nce bir \u015feyleri bozup sonra tekrar d\u00fczeltmek i\u00e7in u\u011fra\u015f\u0131yorlar. Bu \u00e7ok b\u00fcy\u00fck bir aptall\u0131k. \u0130nsan\u0131n akl\u0131yla getirdi\u011fi bela, devas\u0131ndan \u00e7ok \u00e7ok fazla oluyor. \u0130nsano\u011flu asl\u0131nda hi\u00e7 d\u00fc\u015f\u00fcnmeseydi daha iyi olurdu.\u201d dedikten sonra birka\u00e7 saniye s\u00fcren bir sessizlik oldu. Ard\u0131ndan doktor,<br \/>\n\u201cSize hak veriyorum. \u0130nsanlar \u00e7ok hata yap\u0131yor.\u201d diyerek kar\u015f\u0131l\u0131k verince hasta \u015fa\u015f\u0131rd\u0131:<br \/>\n\u201cHata m\u0131, hata demek \u00e7ok hafif kal\u0131r doktor bey. D\u00fcnya, bir di\u011ferinin varl\u0131\u011f\u0131n\u0131 yok ederek k\u00f6k salabilen i\u011fren\u00e7 insanlarla dolu. Buna hata denir mi? Ruh asl\u0131nda insan\u0131n g\u00f6lgesine ait olmal\u0131yd\u0131, bedenine de\u011fil. Bedende, bozuk bir et gibi koku\u015ftu kald\u0131. Temelde vah\u015fi hayvanlardan kendimizi koruyabilmek i\u00e7in kullanmam\u0131z gereken akl\u0131m\u0131z\u0131, art\u0131k biz birbirimizden korunmak i\u00e7in kullanmak zorunda kal\u0131yoruz. Bunun \u015fa\u015fk\u0131nl\u0131\u011f\u0131 ile de bir \u015fekilde ya\u015famaya \u00e7al\u0131\u015f\u0131yoruz. T\u00fcr\u00fcm\u00fcz asl\u0131nda bir ku\u015ftan bile daha k\u00fc\u00e7\u00fck beyinli. Yani doktor bey d\u00fcnya k\u00f6t\u00fclerin d\u00fcnyas\u0131, \u00f6yle olmasayd\u0131 ya\u015farken bile \u00f6l\u00fcr m\u00fcyd\u00fc iyiler?\u201d dedi ve ba\u015f\u0131n\u0131 \u00e7evirip d\u00fc\u015f\u00fcnceli g\u00f6zlerle pencereden d\u0131\u015far\u0131 bakt\u0131.<\/p>\n","protected":false},"excerpt":{"rendered":"<p>\u201cSizce insanlar en \u00e7ok hangi oyunu seviyor?\u201d Doktor \u00f6nce duraksad\u0131, sonra, \u201cYani ki\u015fiden ki\u015fiye de\u011fi\u015fir bu.\u201d dedi. Hasta, \u201cBence t\u00fcm insanlar\u0131n en sevdikleri oyun puzzle. Niye derseniz \u00e7\u00fcnk\u00fc hayatlar\u0131 boyunca \u00f6nce bir \u015feyleri bozup sonra tekrar d\u00fczeltmek i\u00e7in u\u011fra\u015f\u0131yorlar. Bu \u00e7ok b\u00fcy\u00fck bir aptall\u0131k. \u0130nsan\u0131n akl\u0131yla getirdi\u011fi bela, devas\u0131ndan \u00e7ok \u00e7ok fazla oluyor. \u0130nsano\u011flu asl\u0131nda [&hellip;]<\/p>\n","protected":false},"featured_media":22136,"comment_status":"closed","ping_status":"closed","template":"","meta":[],"product_brand":[],"product_cat":[107],"product_tag":[],"class_list":{"0":"post-22135","1":"product","2":"type-product","3":"status-publish","4":"has-post-thumbnail","6":"product_cat-oyku","8":"first","9":"instock","10":"sale","11":"shipping-taxable","12":"purchasable","13":"product-type-simple"},"_links":{"self":[{"href":"https:\/\/kutluyayinevi.com\/magaza\/wp-json\/wp\/v2\/product\/22135","targetHints":{"allow":["GET"]}}],"collection":[{"href":"https:\/\/kutluyayinevi.com\/magaza\/wp-json\/wp\/v2\/product"}],"about":[{"href":"https:\/\/kutluyayinevi.com\/magaza\/wp-json\/wp\/v2\/types\/product"}],"replies":[{"embeddable":true,"href":"https:\/\/kutluyayinevi.com\/magaza\/wp-json\/wp\/v2\/comments?post=22135"}],"wp:featuredmedia":[{"embeddable":true,"href":"https:\/\/kutluyayinevi.com\/magaza\/wp-json\/wp\/v2\/media\/22136"}],"wp:attachment":[{"href":"https:\/\/kutluyayinevi.com\/magaza\/wp-json\/wp\/v2\/media?parent=22135"}],"wp:term":[{"taxonomy":"product_brand","embeddable":true,"href":"https:\/\/kutluyayinevi.com\/magaza\/wp-json\/wp\/v2\/product_brand?post=22135"},{"taxonomy":"product_cat","embeddable":true,"href":"https:\/\/kutluyayinevi.com\/magaza\/wp-json\/wp\/v2\/product_cat?post=22135"},{"taxonomy":"product_tag","embeddable":true,"href":"https:\/\/kutluyayinevi.com\/magaza\/wp-json\/wp\/v2\/product_tag?post=22135"}],"curies":[{"name":"wp","href":"https:\/\/api.w.org\/{rel}","templated":true}]}}