{"id":22139,"date":"2023-02-27T15:28:10","date_gmt":"2023-02-27T12:28:10","guid":{"rendered":"https:\/\/kutluyayinevi.com\/magaza\/?post_type=product&#038;p=22139"},"modified":"2026-02-23T11:24:56","modified_gmt":"2026-02-23T08:24:56","slug":"zemheri-sevdalar-mahmut-kilicalp","status":"publish","type":"product","link":"https:\/\/kutluyayinevi.com\/magaza\/urun\/zemheri-sevdalar-mahmut-kilicalp\/","title":{"rendered":"Zemheri Sevdalar &#8211; Mahmut K\u0131l\u0131\u00e7alp"},"content":{"rendered":"<p>1966 Y\u0131l\u0131nda Sinop-Boyabat&#8217;ta do\u011fdu. \u00d6\u011frenimini 1977-1989 y\u0131llar\u0131 aras\u0131nda \u0130stanbul&#8217;da tamamlad\u0131. 1989 y\u0131l\u0131nda Marmara \u00dcniversitesi, Atat\u00fcrk E\u011fitim Fak\u00fcltesi T\u00fcrk Dili ve Edebiyat\u0131 \u00d6\u011fretmenli\u011finden mezun oldu. A\u011fr\u0131, \u015eanl\u0131urfa, Sinop ve Samsun illerinde \u00f6\u011fretmen ve y\u00f6netici olarak g\u00f6rev yapt\u0131. Bir taraftan da ara\u015ft\u0131rma yaz\u0131lar\u0131, hikayeler ve \u015fiirler yazmaya devam etti.<\/p>\n<p>Eserlerinden bir k\u0131sm\u0131, T\u00fcrk Edebiyat\u0131 Dergisi, Platform, Akl\u0131n ve Bilimin I\u015f\u0131\u011f\u0131nda E\u011fitim, T\u00fcrkiye Gazetesi, Boyabat Haber ve Halfeti B\u00fclteni gibi yay\u0131n organlar\u0131nda yay\u0131nland\u0131. Halen, Samsun&#8217;da e\u011fitim y\u00f6neticisi olarak g\u00f6rev yapmaya devam ediyor.<\/p>\n","protected":false},"excerpt":{"rendered":"<p>1966 Y\u0131l\u0131nda Sinop-Boyabat&#8217;ta do\u011fdu. \u00d6\u011frenimini 1977-1989 y\u0131llar\u0131 aras\u0131nda \u0130stanbul&#8217;da tamamlad\u0131. 1989 y\u0131l\u0131nda Marmara \u00dcniversitesi, Atat\u00fcrk E\u011fitim Fak\u00fcltesi T\u00fcrk Dili ve Edebiyat\u0131 \u00d6\u011fretmenli\u011finden mezun oldu. A\u011fr\u0131, \u015eanl\u0131urfa, Sinop ve Samsun illerinde \u00f6\u011fretmen ve y\u00f6netici olarak g\u00f6rev yapt\u0131. Bir taraftan da ara\u015ft\u0131rma yaz\u0131lar\u0131, hikayeler ve \u015fiirler yazmaya devam etti. Eserlerinden bir k\u0131sm\u0131, T\u00fcrk Edebiyat\u0131 Dergisi, Platform, Akl\u0131n [&hellip;]<\/p>\n","protected":false},"featured_media":22140,"comment_status":"closed","ping_status":"closed","template":"","meta":[],"product_brand":[],"product_cat":[22],"product_tag":[],"class_list":{"0":"post-22139","1":"product","2":"type-product","3":"status-publish","4":"has-post-thumbnail","6":"product_cat-siir","8":"first","9":"instock","10":"sale","11":"shipping-taxable","12":"purchasable","13":"product-type-simple"},"_links":{"self":[{"href":"https:\/\/kutluyayinevi.com\/magaza\/wp-json\/wp\/v2\/product\/22139","targetHints":{"allow":["GET"]}}],"collection":[{"href":"https:\/\/kutluyayinevi.com\/magaza\/wp-json\/wp\/v2\/product"}],"about":[{"href":"https:\/\/kutluyayinevi.com\/magaza\/wp-json\/wp\/v2\/types\/product"}],"replies":[{"embeddable":true,"href":"https:\/\/kutluyayinevi.com\/magaza\/wp-json\/wp\/v2\/comments?post=22139"}],"wp:featuredmedia":[{"embeddable":true,"href":"https:\/\/kutluyayinevi.com\/magaza\/wp-json\/wp\/v2\/media\/22140"}],"wp:attachment":[{"href":"https:\/\/kutluyayinevi.com\/magaza\/wp-json\/wp\/v2\/media?parent=22139"}],"wp:term":[{"taxonomy":"product_brand","embeddable":true,"href":"https:\/\/kutluyayinevi.com\/magaza\/wp-json\/wp\/v2\/product_brand?post=22139"},{"taxonomy":"product_cat","embeddable":true,"href":"https:\/\/kutluyayinevi.com\/magaza\/wp-json\/wp\/v2\/product_cat?post=22139"},{"taxonomy":"product_tag","embeddable":true,"href":"https:\/\/kutluyayinevi.com\/magaza\/wp-json\/wp\/v2\/product_tag?post=22139"}],"curies":[{"name":"wp","href":"https:\/\/api.w.org\/{rel}","templated":true}]}}