{"id":22143,"date":"2023-02-27T15:34:34","date_gmt":"2023-02-27T12:34:34","guid":{"rendered":"https:\/\/kutluyayinevi.com\/magaza\/?post_type=product&#038;p=22143"},"modified":"2026-02-23T11:24:38","modified_gmt":"2026-02-23T08:24:38","slug":"zemfira-naciye-tekerek-ugur-buket-tekerek-ummugulsum-julide-tekerek","status":"publish","type":"product","link":"https:\/\/kutluyayinevi.com\/magaza\/urun\/zemfira-naciye-tekerek-ugur-buket-tekerek-ummugulsum-julide-tekerek\/","title":{"rendered":"Zemfira &#8211; Naciye Tekerek, U\u011fur Buket Tekerek, \u00dcmm\u00fcg\u00fcls\u00fcm J\u00fclide Tekerek"},"content":{"rendered":"<p>G\u00fcl\u00fcn dikenle mi ba\u015f\u0131 dertte?<br \/>\nYoksa,<br \/>\nDikenin g\u00fclle mi ba\u015f\u0131 dertte?<br \/>\nDiken der ki g\u00fcle;<br \/>\n\u201cBen bu kadar batarken<br \/>\nSen y\u00fckseklerden beni seyret,<br \/>\nVe y\u00fcz\u00fcnde g\u00fcller a\u00e7s\u0131n\u201d.<br \/>\nG\u00fcl der ki dikene;<br \/>\n\u201cBen her rahmet ya\u011fd\u0131\u011f\u0131nda<br \/>\nBoynumu e\u011fip seni izliyorum,<br \/>\nBana ula\u015fabilmeleri i\u00e7in<br \/>\nKa\u00e7 elleri kanatt\u0131\u011f\u0131n\u0131 g\u00f6r\u00fcyorum.<br \/>\nAma yine de biz seninle bir b\u00fct\u00fcn\u00fcz,<br \/>\nBeni seven sana katlan\u0131r.\u201d<br \/>\nSizce?<\/p>\n","protected":false},"excerpt":{"rendered":"<p>G\u00fcl\u00fcn dikenle mi ba\u015f\u0131 dertte? Yoksa, Dikenin g\u00fclle mi ba\u015f\u0131 dertte? Diken der ki g\u00fcle; \u201cBen bu kadar batarken Sen y\u00fckseklerden beni seyret, Ve y\u00fcz\u00fcnde g\u00fcller a\u00e7s\u0131n\u201d. G\u00fcl der ki dikene; \u201cBen her rahmet ya\u011fd\u0131\u011f\u0131nda Boynumu e\u011fip seni izliyorum, Bana ula\u015fabilmeleri i\u00e7in Ka\u00e7 elleri kanatt\u0131\u011f\u0131n\u0131 g\u00f6r\u00fcyorum. Ama yine de biz seninle bir b\u00fct\u00fcn\u00fcz, Beni seven [&hellip;]<\/p>\n","protected":false},"featured_media":22144,"comment_status":"closed","ping_status":"closed","template":"","meta":[],"product_brand":[],"product_cat":[22],"product_tag":[],"class_list":{"0":"post-22143","1":"product","2":"type-product","3":"status-publish","4":"has-post-thumbnail","6":"product_cat-siir","8":"first","9":"instock","10":"sale","11":"shipping-taxable","12":"purchasable","13":"product-type-simple"},"_links":{"self":[{"href":"https:\/\/kutluyayinevi.com\/magaza\/wp-json\/wp\/v2\/product\/22143","targetHints":{"allow":["GET"]}}],"collection":[{"href":"https:\/\/kutluyayinevi.com\/magaza\/wp-json\/wp\/v2\/product"}],"about":[{"href":"https:\/\/kutluyayinevi.com\/magaza\/wp-json\/wp\/v2\/types\/product"}],"replies":[{"embeddable":true,"href":"https:\/\/kutluyayinevi.com\/magaza\/wp-json\/wp\/v2\/comments?post=22143"}],"wp:featuredmedia":[{"embeddable":true,"href":"https:\/\/kutluyayinevi.com\/magaza\/wp-json\/wp\/v2\/media\/22144"}],"wp:attachment":[{"href":"https:\/\/kutluyayinevi.com\/magaza\/wp-json\/wp\/v2\/media?parent=22143"}],"wp:term":[{"taxonomy":"product_brand","embeddable":true,"href":"https:\/\/kutluyayinevi.com\/magaza\/wp-json\/wp\/v2\/product_brand?post=22143"},{"taxonomy":"product_cat","embeddable":true,"href":"https:\/\/kutluyayinevi.com\/magaza\/wp-json\/wp\/v2\/product_cat?post=22143"},{"taxonomy":"product_tag","embeddable":true,"href":"https:\/\/kutluyayinevi.com\/magaza\/wp-json\/wp\/v2\/product_tag?post=22143"}],"curies":[{"name":"wp","href":"https:\/\/api.w.org\/{rel}","templated":true}]}}