{"id":22162,"date":"2023-03-06T10:37:33","date_gmt":"2023-03-06T07:37:33","guid":{"rendered":"https:\/\/kutluyayinevi.com\/magaza\/?post_type=product&#038;p=22162"},"modified":"2026-02-20T12:19:55","modified_gmt":"2026-02-20T09:19:55","slug":"kediler-dogal-terapidir-gulnaz-calikoglu","status":"publish","type":"product","link":"https:\/\/kutluyayinevi.com\/magaza\/urun\/kediler-dogal-terapidir-gulnaz-calikoglu\/","title":{"rendered":"Kediler Do\u011fal Terapidir &#8211; G\u00fclnaz \u00c7al\u0131ko\u011flu"},"content":{"rendered":"<p>\u0130yiyi arayan bir ruhun muhta\u00e7 oldu\u011fu asil dost, hakikati seslenen kitapt\u0131r.<\/p>\n<p>Kedileri evlerinde ilk bar\u0131nd\u0131ran eski M\u0131s\u0131rl\u0131larm\u0131\u015f.<br \/>\nBug\u00fcn uzmanlar kedi sahibi olman\u0131n yararlar\u0131ndan bir yenisini daha<br \/>\nke\u015ffetmi\u015flerdir: Stres fakt\u00f6r\u00fcn\u00fcn azalt\u0131lmas\u0131.<br \/>\nKedi sahibi olman\u0131n asl\u0131nda kan bas\u0131nc\u0131n\u0131 d\u00fc\u015f\u00fcrebilece\u011fi, stresi<br \/>\nhafifletebilece\u011fi ve bir\u00e7ok hastal\u0131\u011fa kar\u015f\u0131 faydalar\u0131 kan\u0131tlanm\u0131\u015ft\u0131r.<br \/>\nAyr\u0131ca bunlar\u0131n yan\u0131 s\u0131ra kediler yaln\u0131z ya\u015fayan ya\u015fl\u0131 ve yeti\u015fkinler i\u00e7in ideal birer arkada\u015ft\u0131r.<br \/>\nHayat\u0131n\u0131 bir kediyle payla\u015fan insanlar\u0131n say\u0131s\u0131 her ge\u00e7en g\u00fcn artmaktad\u0131r.<br \/>\nB\u00fct\u00fcn kediler birbirinin ayn\u0131s\u0131 de\u011fildir. D\u00fcnyada otuzdan fazla \u0131rk vard\u0131r ve bunlar yaln\u0131zca g\u00f6r\u00fcn\u00fc\u015f olarak de\u011fil, ayn\u0131 zamanda davran\u0131\u015f \u00f6zellikleri<br \/>\na\u00e7\u0131s\u0131ndan da farkl\u0131l\u0131k g\u00f6stermektedir.<br \/>\nKedilerin dostlu\u011funu kazanman\u0131z kolay olmaz \u00e7\u00fcnk\u00fc bir kedi sevgi ve<br \/>\nsayg\u0131s\u0131n\u0131 olur olmaz da\u011f\u0131tmaz. \u00c7\u00fcnk\u00fc ruhunda k\u00f6lelik yoktur.<br \/>\nSadece \u00e7ok ak\u0131ll\u0131 bir yolda\u015ft\u0131r. Kediler kendilerini seven insanlar\u0131 hisseder.<br \/>\nYolda\u015f\u0131n\u0131z olmay\u0131 kabul etse de asla k\u00f6leniz olmaz.<br \/>\nCandan bir yolda\u015f istiyorsan\u0131z kedi besleyin.<br \/>\nKediler size \u015fifa ve bereket getirir.<br \/>\nKediler \u00f6ylesine m\u00fcdanas\u0131zd\u0131rlar ki insano\u011fluna hakikati hat\u0131rlat\u0131rlar<br \/>\nasl\u0131nda, tabi anlayana&#8230;<\/p>\n<p>Yani &#8220;kediler de\u011fildir nank\u00f6r olan insand\u0131r; her \u015feyin tek sahibi Yaradan&#8217;\u0131 unutan ve nank\u00f6r olan&#8221;.<\/p>\n<p>Unutma herkes kendine yak\u0131\u015fan\u0131 yapar.<br \/>\nL\u00fctfen sen de yap.<br \/>\nHep sev ve koru.<\/p>\n","protected":false},"excerpt":{"rendered":"<p>\u0130yiyi arayan bir ruhun muhta\u00e7 oldu\u011fu asil dost, hakikati seslenen kitapt\u0131r. Kedileri evlerinde ilk bar\u0131nd\u0131ran eski M\u0131s\u0131rl\u0131larm\u0131\u015f. Bug\u00fcn uzmanlar kedi sahibi olman\u0131n yararlar\u0131ndan bir yenisini daha ke\u015ffetmi\u015flerdir: Stres fakt\u00f6r\u00fcn\u00fcn azalt\u0131lmas\u0131. Kedi sahibi olman\u0131n asl\u0131nda kan bas\u0131nc\u0131n\u0131 d\u00fc\u015f\u00fcrebilece\u011fi, stresi hafifletebilece\u011fi ve bir\u00e7ok hastal\u0131\u011fa kar\u015f\u0131 faydalar\u0131 kan\u0131tlanm\u0131\u015ft\u0131r. Ayr\u0131ca bunlar\u0131n yan\u0131 s\u0131ra kediler yaln\u0131z ya\u015fayan ya\u015fl\u0131 ve yeti\u015fkinler [&hellip;]<\/p>\n","protected":false},"featured_media":22163,"comment_status":"closed","ping_status":"closed","template":"","meta":[],"product_brand":[],"product_cat":[32],"product_tag":[],"class_list":{"0":"post-22162","1":"product","2":"type-product","3":"status-publish","4":"has-post-thumbnail","6":"product_cat-kisisel-gelisim","8":"first","9":"instock","10":"sale","11":"shipping-taxable","12":"purchasable","13":"product-type-simple"},"_links":{"self":[{"href":"https:\/\/kutluyayinevi.com\/magaza\/wp-json\/wp\/v2\/product\/22162","targetHints":{"allow":["GET"]}}],"collection":[{"href":"https:\/\/kutluyayinevi.com\/magaza\/wp-json\/wp\/v2\/product"}],"about":[{"href":"https:\/\/kutluyayinevi.com\/magaza\/wp-json\/wp\/v2\/types\/product"}],"replies":[{"embeddable":true,"href":"https:\/\/kutluyayinevi.com\/magaza\/wp-json\/wp\/v2\/comments?post=22162"}],"wp:featuredmedia":[{"embeddable":true,"href":"https:\/\/kutluyayinevi.com\/magaza\/wp-json\/wp\/v2\/media\/22163"}],"wp:attachment":[{"href":"https:\/\/kutluyayinevi.com\/magaza\/wp-json\/wp\/v2\/media?parent=22162"}],"wp:term":[{"taxonomy":"product_brand","embeddable":true,"href":"https:\/\/kutluyayinevi.com\/magaza\/wp-json\/wp\/v2\/product_brand?post=22162"},{"taxonomy":"product_cat","embeddable":true,"href":"https:\/\/kutluyayinevi.com\/magaza\/wp-json\/wp\/v2\/product_cat?post=22162"},{"taxonomy":"product_tag","embeddable":true,"href":"https:\/\/kutluyayinevi.com\/magaza\/wp-json\/wp\/v2\/product_tag?post=22162"}],"curies":[{"name":"wp","href":"https:\/\/api.w.org\/{rel}","templated":true}]}}