{"id":22164,"date":"2023-03-06T10:40:21","date_gmt":"2023-03-06T07:40:21","guid":{"rendered":"https:\/\/kutluyayinevi.com\/magaza\/?post_type=product&#038;p=22164"},"modified":"2026-02-20T12:12:49","modified_gmt":"2026-02-20T09:12:49","slug":"karagoz-ile-hacivat-songul-acar","status":"publish","type":"product","link":"https:\/\/kutluyayinevi.com\/magaza\/urun\/karagoz-ile-hacivat-songul-acar\/","title":{"rendered":"Karag\u00f6z ile Hacivat &#8211; Song\u00fcl Acar"},"content":{"rendered":"<p>Karag\u00f6z ve Hacivat, Osmanl\u0131 ve T\u00fcrk tiyatro tarihinin en bilinen, g\u00f6n\u00fcllerde taht kurmu\u015f iki karakteridir. Ge\u00e7mi\u015ften g\u00fcn\u00fcm\u00fcze t\u00fcm mimiklerde onlar\u0131n tebess\u00fcm ve kahkaha dolu izleri var. D\u00fcn vard\u0131lar, bug\u00fcn varlar; nice yar\u0131nlarda, sonsuza dek var olacaklar\u2026<\/p>\n","protected":false},"excerpt":{"rendered":"<p>Karag\u00f6z ve Hacivat, Osmanl\u0131 ve T\u00fcrk tiyatro tarihinin en bilinen, g\u00f6n\u00fcllerde taht kurmu\u015f iki karakteridir. Ge\u00e7mi\u015ften g\u00fcn\u00fcm\u00fcze t\u00fcm mimiklerde onlar\u0131n tebess\u00fcm ve kahkaha dolu izleri var. D\u00fcn vard\u0131lar, bug\u00fcn varlar; nice yar\u0131nlarda, sonsuza dek var olacaklar\u2026<\/p>\n","protected":false},"featured_media":22168,"comment_status":"closed","ping_status":"closed","template":"","meta":[],"product_brand":[],"product_cat":[61],"product_tag":[],"class_list":{"0":"post-22164","1":"product","2":"type-product","3":"status-publish","4":"has-post-thumbnail","6":"product_cat-tiyatro","8":"first","9":"instock","10":"sale","11":"shipping-taxable","12":"purchasable","13":"product-type-simple"},"_links":{"self":[{"href":"https:\/\/kutluyayinevi.com\/magaza\/wp-json\/wp\/v2\/product\/22164","targetHints":{"allow":["GET"]}}],"collection":[{"href":"https:\/\/kutluyayinevi.com\/magaza\/wp-json\/wp\/v2\/product"}],"about":[{"href":"https:\/\/kutluyayinevi.com\/magaza\/wp-json\/wp\/v2\/types\/product"}],"replies":[{"embeddable":true,"href":"https:\/\/kutluyayinevi.com\/magaza\/wp-json\/wp\/v2\/comments?post=22164"}],"wp:featuredmedia":[{"embeddable":true,"href":"https:\/\/kutluyayinevi.com\/magaza\/wp-json\/wp\/v2\/media\/22168"}],"wp:attachment":[{"href":"https:\/\/kutluyayinevi.com\/magaza\/wp-json\/wp\/v2\/media?parent=22164"}],"wp:term":[{"taxonomy":"product_brand","embeddable":true,"href":"https:\/\/kutluyayinevi.com\/magaza\/wp-json\/wp\/v2\/product_brand?post=22164"},{"taxonomy":"product_cat","embeddable":true,"href":"https:\/\/kutluyayinevi.com\/magaza\/wp-json\/wp\/v2\/product_cat?post=22164"},{"taxonomy":"product_tag","embeddable":true,"href":"https:\/\/kutluyayinevi.com\/magaza\/wp-json\/wp\/v2\/product_tag?post=22164"}],"curies":[{"name":"wp","href":"https:\/\/api.w.org\/{rel}","templated":true}]}}