{"id":22176,"date":"2023-03-09T11:25:52","date_gmt":"2023-03-09T08:25:52","guid":{"rendered":"https:\/\/kutluyayinevi.com\/magaza\/?post_type=product&#038;p=22176"},"modified":"2025-02-06T14:00:35","modified_gmt":"2025-02-06T11:00:35","slug":"kozmik-ezoterik-istihbarat-onur-dikmeci","status":"publish","type":"product","link":"https:\/\/kutluyayinevi.com\/magaza\/urun\/kozmik-ezoterik-istihbarat-onur-dikmeci\/","title":{"rendered":"Kozmik Ezoterik \u0130stihbarat &#8211; Onur Dikmeci"},"content":{"rendered":"<p>Siyaset, siyasete dair teoriler, ekonomi, gelecek tahminleri, inan\u00e7 gibi kavramlar birbirleriyle ba\u011flant\u0131l\u0131 fakat farkl\u0131 kulvarlar\u0131 i\u00e7ermektedir. Bu ba\u011flant\u0131n\u0131n en gizli boyutunu ise ezoterizm olu\u015fturmaktad\u0131r. Tarihsel s\u00fcre\u00e7te ezoterik birikim; se\u00e7ilmi\u015flik, kutsal dualite, y\u0131k\u0131m m\u00fccadelesi ve d\u00fczen, evrensel sistemin giz ve bilinmezli\u011finin sembol ve rit\u00fcellere ait uygulama ve ya\u015fam bi\u00e7imleriyle anla\u015f\u0131labilece\u011fi olgular\u0131n\u0131 de\u011fi\u015fmez d\u00fcstur kabul etmi\u015ftir.<\/p>\n<p>D\u00fcnya, kozmik birikimin zerresidir. Bu zerredeki medeniyet takviminin, siyasi tarih, politika ve gelece\u011fe dair tahminlerin do\u011frultusunda ve ezoterik ko\u015fullar uyar\u0131nca analiz edilmesi ise kozmik istihbarat olarak adland\u0131r\u0131lmaktad\u0131r.<\/p>\n<p>Ezoterik birikimin sivil ya da resmi \u00f6rg\u00fcs\u00fc hayat\u0131n her alan\u0131n\u0131 kapsamaya ba\u015flarken Kozmik Ezoterik \u0130stihbarat\u0131n \u015fifreleriyle yeni bir anlay\u0131\u015f\u0131n ve uyan\u0131\u015f\u0131n h\u0131zland\u0131r\u0131lmas\u0131na katk\u0131da bulunulmak istenmi\u015ftir.<\/p>\n","protected":false},"excerpt":{"rendered":"<p>Siyaset, siyasete dair teoriler, ekonomi, gelecek tahminleri, inan\u00e7 gibi kavramlar birbirleriyle ba\u011flant\u0131l\u0131 fakat farkl\u0131 kulvarlar\u0131 i\u00e7ermektedir. Bu ba\u011flant\u0131n\u0131n en gizli boyutunu ise ezoterizm olu\u015fturmaktad\u0131r. Tarihsel s\u00fcre\u00e7te ezoterik birikim; se\u00e7ilmi\u015flik, kutsal dualite, y\u0131k\u0131m m\u00fccadelesi ve d\u00fczen, evrensel sistemin giz ve bilinmezli\u011finin sembol ve rit\u00fcellere ait uygulama ve ya\u015fam bi\u00e7imleriyle anla\u015f\u0131labilece\u011fi olgular\u0131n\u0131 de\u011fi\u015fmez d\u00fcstur kabul etmi\u015ftir. D\u00fcnya, [&hellip;]<\/p>\n","protected":false},"featured_media":22178,"comment_status":"closed","ping_status":"closed","template":"","meta":[],"product_brand":[],"product_cat":[28],"product_tag":[],"class_list":{"0":"post-22176","1":"product","2":"type-product","3":"status-publish","4":"has-post-thumbnail","6":"product_cat-aratirma-inceleme","8":"first","9":"instock","10":"sale","11":"shipping-taxable","12":"purchasable","13":"product-type-simple"},"_links":{"self":[{"href":"https:\/\/kutluyayinevi.com\/magaza\/wp-json\/wp\/v2\/product\/22176","targetHints":{"allow":["GET"]}}],"collection":[{"href":"https:\/\/kutluyayinevi.com\/magaza\/wp-json\/wp\/v2\/product"}],"about":[{"href":"https:\/\/kutluyayinevi.com\/magaza\/wp-json\/wp\/v2\/types\/product"}],"replies":[{"embeddable":true,"href":"https:\/\/kutluyayinevi.com\/magaza\/wp-json\/wp\/v2\/comments?post=22176"}],"wp:featuredmedia":[{"embeddable":true,"href":"https:\/\/kutluyayinevi.com\/magaza\/wp-json\/wp\/v2\/media\/22178"}],"wp:attachment":[{"href":"https:\/\/kutluyayinevi.com\/magaza\/wp-json\/wp\/v2\/media?parent=22176"}],"wp:term":[{"taxonomy":"product_brand","embeddable":true,"href":"https:\/\/kutluyayinevi.com\/magaza\/wp-json\/wp\/v2\/product_brand?post=22176"},{"taxonomy":"product_cat","embeddable":true,"href":"https:\/\/kutluyayinevi.com\/magaza\/wp-json\/wp\/v2\/product_cat?post=22176"},{"taxonomy":"product_tag","embeddable":true,"href":"https:\/\/kutluyayinevi.com\/magaza\/wp-json\/wp\/v2\/product_tag?post=22176"}],"curies":[{"name":"wp","href":"https:\/\/api.w.org\/{rel}","templated":true}]}}