{"id":22184,"date":"2023-03-13T09:27:15","date_gmt":"2023-03-13T06:27:15","guid":{"rendered":"https:\/\/kutluyayinevi.com\/magaza\/?post_type=product&#038;p=22184"},"modified":"2026-02-19T15:58:28","modified_gmt":"2026-02-19T12:58:28","slug":"cirpinis-gunduz-oruc","status":"publish","type":"product","link":"https:\/\/kutluyayinevi.com\/magaza\/urun\/cirpinis-gunduz-oruc\/","title":{"rendered":"\u00c7\u0131rp\u0131n\u0131\u015f &#8211; G\u00fcnd\u00fcz Oru\u00e7"},"content":{"rendered":"<p>\u0130nsan kayg\u0131dan ibarettir<br \/>\nBiraz umut<br \/>\nBiraz ne\u015fe<br \/>\nBiraz da hasretten<br \/>\nYine de, kimi zaman bir Afgan \u00e7ocu\u011fun g\u00fclen g\u00f6zlerini g\u00f6rmek ister<br \/>\nKimi zaman Filistinli bir gen\u00e7 k\u0131z\u0131n hayatta kalmas\u0131n\u0131<br \/>\nKimi zaman tutsak bir Do\u011fu T\u00fcrkistanl\u0131 baban\u0131n \u00e7aresizce g\u00f6zya\u015flar\u0131n\u0131n dinmesini<br \/>\nKimi zaman da k\u0131y\u0131ya vuran bir Suriyeli bebe\u011fin nefesini hissetmek ister kendi \u00f6z evl\u00e2d\u0131 gibi ba\u011fr\u0131na basarak<br \/>\nYine dedik ya<br \/>\n\u0130mtihan<br \/>\nKimi zaman \u00f6l\u00fcmle bir hayat sunulur insana<br \/>\nSonsuza dek sefa i\u00e7inde kalmak \u015fart\u0131yla<br \/>\nBiz bilmeyiz Allah bilir<br \/>\nMerhameti s\u0131n\u0131rs\u0131z olan Allah kullar\u0131na haks\u0131zl\u0131k eder mi<br \/>\nHa\u015fa!<br \/>\nBiz yine de i\u00e7imize d\u00f6nelim<br \/>\nDurmas\u0131 gereken yerde dural\u0131m<br \/>\nKimi zaman bir zalimin kar\u015f\u0131s\u0131nda hakk\u0131 hayk\u0131rarak<br \/>\nKimi zaman saf\u0131n\u0131 s\u0131rat-\u0131 m\u00fcstakimde tutarak<br \/>\nBir kar\u0131nca misali<br \/>\nAma hedefi insanl\u0131k<br \/>\nHedefi hakk\u0131 \u00fcst\u00fcn tutmak<br \/>\nHaktan yana Hakk\u0131n Habinden yana olmak suretiyle<\/p>\n","protected":false},"excerpt":{"rendered":"<p>\u0130nsan kayg\u0131dan ibarettir Biraz umut Biraz ne\u015fe Biraz da hasretten Yine de, kimi zaman bir Afgan \u00e7ocu\u011fun g\u00fclen g\u00f6zlerini g\u00f6rmek ister Kimi zaman Filistinli bir gen\u00e7 k\u0131z\u0131n hayatta kalmas\u0131n\u0131 Kimi zaman tutsak bir Do\u011fu T\u00fcrkistanl\u0131 baban\u0131n \u00e7aresizce g\u00f6zya\u015flar\u0131n\u0131n dinmesini Kimi zaman da k\u0131y\u0131ya vuran bir Suriyeli bebe\u011fin nefesini hissetmek ister kendi \u00f6z evl\u00e2d\u0131 gibi ba\u011fr\u0131na [&hellip;]<\/p>\n","protected":false},"featured_media":22185,"comment_status":"closed","ping_status":"closed","template":"","meta":[],"product_brand":[],"product_cat":[22],"product_tag":[],"class_list":{"0":"post-22184","1":"product","2":"type-product","3":"status-publish","4":"has-post-thumbnail","6":"product_cat-siir","8":"first","9":"instock","10":"sale","11":"shipping-taxable","12":"purchasable","13":"product-type-simple"},"_links":{"self":[{"href":"https:\/\/kutluyayinevi.com\/magaza\/wp-json\/wp\/v2\/product\/22184","targetHints":{"allow":["GET"]}}],"collection":[{"href":"https:\/\/kutluyayinevi.com\/magaza\/wp-json\/wp\/v2\/product"}],"about":[{"href":"https:\/\/kutluyayinevi.com\/magaza\/wp-json\/wp\/v2\/types\/product"}],"replies":[{"embeddable":true,"href":"https:\/\/kutluyayinevi.com\/magaza\/wp-json\/wp\/v2\/comments?post=22184"}],"wp:featuredmedia":[{"embeddable":true,"href":"https:\/\/kutluyayinevi.com\/magaza\/wp-json\/wp\/v2\/media\/22185"}],"wp:attachment":[{"href":"https:\/\/kutluyayinevi.com\/magaza\/wp-json\/wp\/v2\/media?parent=22184"}],"wp:term":[{"taxonomy":"product_brand","embeddable":true,"href":"https:\/\/kutluyayinevi.com\/magaza\/wp-json\/wp\/v2\/product_brand?post=22184"},{"taxonomy":"product_cat","embeddable":true,"href":"https:\/\/kutluyayinevi.com\/magaza\/wp-json\/wp\/v2\/product_cat?post=22184"},{"taxonomy":"product_tag","embeddable":true,"href":"https:\/\/kutluyayinevi.com\/magaza\/wp-json\/wp\/v2\/product_tag?post=22184"}],"curies":[{"name":"wp","href":"https:\/\/api.w.org\/{rel}","templated":true}]}}