{"id":22187,"date":"2023-03-13T09:37:56","date_gmt":"2023-03-13T06:37:56","guid":{"rendered":"https:\/\/kutluyayinevi.com\/magaza\/?post_type=product&#038;p=22187"},"modified":"2026-02-20T11:45:00","modified_gmt":"2026-02-20T08:45:00","slug":"isletmelerde-nakit-yonetimi-dr-cemil-tartan","status":"publish","type":"product","link":"https:\/\/kutluyayinevi.com\/magaza\/urun\/isletmelerde-nakit-yonetimi-dr-cemil-tartan\/","title":{"rendered":"\u0130\u015fletmelerde Nakit Y\u00f6netimi &#8211; Dr. Cemil Tartan"},"content":{"rendered":"<p>\u0130\u015fletmeler i\u00e7in nakit ak\u0131\u015f\u0131 hayati \u00f6nem ta\u015f\u0131maktad\u0131r. \u0130\u015fletmelerin bilan\u00e7olar\u0131nda \u00e7ok varl\u0131\u011fa sahip olmas\u0131 veya faaliyetlerinde y\u00fcksek karlar elde etmesi ani geli\u015fecek bir kriz durumunda ya da nakitlerinin olmas\u0131 durumunda bir i\u015fe yaramay\u0131p i\u015fletmenin sonunu getirebilmektedir. Bu kitab\u0131m\u0131zda y\u00f6neticilerin firmalar\u0131 daha etkin bir \u015fekilde y\u00f6netmeleri i\u00e7in gerekli olan nakit ak\u0131\u015f\u0131 y\u00f6netimi ve teknikleri ile ilgili konular ara\u015ft\u0131r\u0131lm\u0131\u015ft\u0131r. \u0130\u015fletmenin istikrarl\u0131 ve uzun vadeli bir \u015fekilde ba\u015far\u0131y\u0131 yakalamas\u0131nda iyi bir nakit y\u00f6netimi olmazsa olmaz bir unsurdur.<\/p>\n","protected":false},"excerpt":{"rendered":"<p>\u0130\u015fletmeler i\u00e7in nakit ak\u0131\u015f\u0131 hayati \u00f6nem ta\u015f\u0131maktad\u0131r. \u0130\u015fletmelerin bilan\u00e7olar\u0131nda \u00e7ok varl\u0131\u011fa sahip olmas\u0131 veya faaliyetlerinde y\u00fcksek karlar elde etmesi ani geli\u015fecek bir kriz durumunda ya da nakitlerinin olmas\u0131 durumunda bir i\u015fe yaramay\u0131p i\u015fletmenin sonunu getirebilmektedir. Bu kitab\u0131m\u0131zda y\u00f6neticilerin firmalar\u0131 daha etkin bir \u015fekilde y\u00f6netmeleri i\u00e7in gerekli olan nakit ak\u0131\u015f\u0131 y\u00f6netimi ve teknikleri ile ilgili konular [&hellip;]<\/p>\n","protected":false},"featured_media":22188,"comment_status":"closed","ping_status":"closed","template":"","meta":[],"product_brand":[],"product_cat":[111],"product_tag":[],"class_list":{"0":"post-22187","1":"product","2":"type-product","3":"status-publish","4":"has-post-thumbnail","6":"product_cat-ekonomi","8":"first","9":"instock","10":"sale","11":"shipping-taxable","12":"purchasable","13":"product-type-simple"},"_links":{"self":[{"href":"https:\/\/kutluyayinevi.com\/magaza\/wp-json\/wp\/v2\/product\/22187","targetHints":{"allow":["GET"]}}],"collection":[{"href":"https:\/\/kutluyayinevi.com\/magaza\/wp-json\/wp\/v2\/product"}],"about":[{"href":"https:\/\/kutluyayinevi.com\/magaza\/wp-json\/wp\/v2\/types\/product"}],"replies":[{"embeddable":true,"href":"https:\/\/kutluyayinevi.com\/magaza\/wp-json\/wp\/v2\/comments?post=22187"}],"wp:featuredmedia":[{"embeddable":true,"href":"https:\/\/kutluyayinevi.com\/magaza\/wp-json\/wp\/v2\/media\/22188"}],"wp:attachment":[{"href":"https:\/\/kutluyayinevi.com\/magaza\/wp-json\/wp\/v2\/media?parent=22187"}],"wp:term":[{"taxonomy":"product_brand","embeddable":true,"href":"https:\/\/kutluyayinevi.com\/magaza\/wp-json\/wp\/v2\/product_brand?post=22187"},{"taxonomy":"product_cat","embeddable":true,"href":"https:\/\/kutluyayinevi.com\/magaza\/wp-json\/wp\/v2\/product_cat?post=22187"},{"taxonomy":"product_tag","embeddable":true,"href":"https:\/\/kutluyayinevi.com\/magaza\/wp-json\/wp\/v2\/product_tag?post=22187"}],"curies":[{"name":"wp","href":"https:\/\/api.w.org\/{rel}","templated":true}]}}