{"id":22242,"date":"2023-04-07T15:56:17","date_gmt":"2023-04-07T12:56:17","guid":{"rendered":"https:\/\/kutluyayinevi.com\/magaza\/?post_type=product&#038;p=22242"},"modified":"2026-02-19T15:44:13","modified_gmt":"2026-02-19T12:44:13","slug":"can-i-ask-mehmet-kilimci","status":"publish","type":"product","link":"https:\/\/kutluyayinevi.com\/magaza\/urun\/can-i-ask-mehmet-kilimci\/","title":{"rendered":"Can-\u0131 A\u015fk &#8211; Mehmet Kilimci"},"content":{"rendered":"<p>A\u015eK-I \u00c2LEM<\/p>\n<p>\u00c2leme rahmet olan,<br \/>\nKullara mesaj oldu.<br \/>\nBihaber olan yol oldu,<br \/>\nA\u015fk\u0131 anlatan nur oldu.<br \/>\nSevgisi can a\u015fk\u0131 \u00e2lem,<br \/>\nG\u00f6n\u00fcl g\u00fcl, kelam\u0131 Hay oldu.<br \/>\nCan\u2019\u0131 Canan\u2019a s\u00f6z,<br \/>\nNar olan A\u015fk\u2019a s\u00fcs oldu.<br \/>\nG\u00fczeller g\u00fczeli,<br \/>\nNur-u Muhammed,<br \/>\nHer g\u00f6nle \u015fifa,<br \/>\nKalplere a\u015fk oldu\u2026<\/p>\n","protected":false},"excerpt":{"rendered":"<p>A\u015eK-I \u00c2LEM \u00c2leme rahmet olan, Kullara mesaj oldu. Bihaber olan yol oldu, A\u015fk\u0131 anlatan nur oldu. Sevgisi can a\u015fk\u0131 \u00e2lem, G\u00f6n\u00fcl g\u00fcl, kelam\u0131 Hay oldu. Can\u2019\u0131 Canan\u2019a s\u00f6z, Nar olan A\u015fk\u2019a s\u00fcs oldu. G\u00fczeller g\u00fczeli, Nur-u Muhammed, Her g\u00f6nle \u015fifa, Kalplere a\u015fk oldu\u2026<\/p>\n","protected":false},"featured_media":22243,"comment_status":"closed","ping_status":"closed","template":"","meta":[],"product_brand":[],"product_cat":[22],"product_tag":[],"class_list":{"0":"post-22242","1":"product","2":"type-product","3":"status-publish","4":"has-post-thumbnail","6":"product_cat-siir","8":"first","9":"instock","10":"sale","11":"shipping-taxable","12":"purchasable","13":"product-type-simple"},"_links":{"self":[{"href":"https:\/\/kutluyayinevi.com\/magaza\/wp-json\/wp\/v2\/product\/22242","targetHints":{"allow":["GET"]}}],"collection":[{"href":"https:\/\/kutluyayinevi.com\/magaza\/wp-json\/wp\/v2\/product"}],"about":[{"href":"https:\/\/kutluyayinevi.com\/magaza\/wp-json\/wp\/v2\/types\/product"}],"replies":[{"embeddable":true,"href":"https:\/\/kutluyayinevi.com\/magaza\/wp-json\/wp\/v2\/comments?post=22242"}],"wp:featuredmedia":[{"embeddable":true,"href":"https:\/\/kutluyayinevi.com\/magaza\/wp-json\/wp\/v2\/media\/22243"}],"wp:attachment":[{"href":"https:\/\/kutluyayinevi.com\/magaza\/wp-json\/wp\/v2\/media?parent=22242"}],"wp:term":[{"taxonomy":"product_brand","embeddable":true,"href":"https:\/\/kutluyayinevi.com\/magaza\/wp-json\/wp\/v2\/product_brand?post=22242"},{"taxonomy":"product_cat","embeddable":true,"href":"https:\/\/kutluyayinevi.com\/magaza\/wp-json\/wp\/v2\/product_cat?post=22242"},{"taxonomy":"product_tag","embeddable":true,"href":"https:\/\/kutluyayinevi.com\/magaza\/wp-json\/wp\/v2\/product_tag?post=22242"}],"curies":[{"name":"wp","href":"https:\/\/api.w.org\/{rel}","templated":true}]}}