{"id":22244,"date":"2023-04-07T16:01:58","date_gmt":"2023-04-07T13:01:58","guid":{"rendered":"https:\/\/kutluyayinevi.com\/magaza\/?post_type=product&#038;p=22244"},"modified":"2026-02-20T10:57:22","modified_gmt":"2026-02-20T07:57:22","slug":"hurufu-mukattaa-allah-katinda-dogru-yolun-esaslari-bas-ortusu-orcan-tanyalcin","status":"publish","type":"product","link":"https:\/\/kutluyayinevi.com\/magaza\/urun\/hurufu-mukattaa-allah-katinda-dogru-yolun-esaslari-bas-ortusu-orcan-tanyalcin\/","title":{"rendered":"Hur\u00fbfu Mukattaa, Allah Kat\u0131nda Do\u011fru Yolun Esaslar\u0131, Ba\u015f \u00d6rt\u00fcs\u00fc &#8211; Orcan Tanyal\u00e7\u0131n"},"content":{"rendered":"<p>Elif! L\u00e2m! Mim! S\u00e2d!<\/p>\n<p>HAMDIN YEGANE SAH\u0130B\u0130<br \/>\n\u0130NSANLARIN RABB\u0130<br \/>\nRAHMAN RAH\u0130M<br \/>\nD\u0130N G\u00dcN\u00dcN\u00dcN MAL\u0130K\u0130<br \/>\nALLAH&#8217;TAN<\/p>\n<p>Muhammed&#8217;\u00fcl Emin&#8217;e<\/p>\n<p>SELAM<\/p>\n<p>Nasip<br \/>\n&#8221;Bana tekrar dirilecekleri g\u00fcne kadar m\u00fchlet ver&#8221; (7\/14)<br \/>\n&#8221;Haydi sen m\u00fchlet verilenlerdensin&#8221; (7\/15)<\/p>\n<p>Ruh denen emanettir, seni bir de\u011fer yapar<br \/>\nAllah&#8217;tan bir rahmettir, seni y\u00fck\u00fcml\u00fc k\u0131lar<\/p>\n<p>Yolunu ayd\u0131nlatan, ruhundan gelen ilham<br \/>\nVe lanetlenmi\u015f ve m\u00fchlet verilmi\u015f bir \u015ferrin<br \/>\nYoldan \u00e7\u0131karan f\u0131s\u0131lt\u0131lar\u0131 aras\u0131ndan<br \/>\nEngin do\u011fruluk deryas\u0131nda ard\u0131nda kalan<\/p>\n<p>Yol kadard\u0131r, &#8221;Nasibim&#8221; dedi\u011fin \u015fey d\u00fcnyadan<\/p>\n","protected":false},"excerpt":{"rendered":"<p>Elif! L\u00e2m! Mim! S\u00e2d! HAMDIN YEGANE SAH\u0130B\u0130 \u0130NSANLARIN RABB\u0130 RAHMAN RAH\u0130M D\u0130N G\u00dcN\u00dcN\u00dcN MAL\u0130K\u0130 ALLAH&#8217;TAN Muhammed&#8217;\u00fcl Emin&#8217;e SELAM Nasip &#8221;Bana tekrar dirilecekleri g\u00fcne kadar m\u00fchlet ver&#8221; (7\/14) &#8221;Haydi sen m\u00fchlet verilenlerdensin&#8221; (7\/15) Ruh denen emanettir, seni bir de\u011fer yapar Allah&#8217;tan bir rahmettir, seni y\u00fck\u00fcml\u00fc k\u0131lar Yolunu ayd\u0131nlatan, ruhundan gelen ilham Ve lanetlenmi\u015f ve m\u00fchlet verilmi\u015f [&hellip;]<\/p>\n","protected":false},"featured_media":22245,"comment_status":"closed","ping_status":"closed","template":"","meta":[],"product_brand":[],"product_cat":[19],"product_tag":[],"class_list":{"0":"post-22244","1":"product","2":"type-product","3":"status-publish","4":"has-post-thumbnail","6":"product_cat-din-tasavvuf","8":"first","9":"instock","10":"sale","11":"shipping-taxable","12":"purchasable","13":"product-type-simple"},"_links":{"self":[{"href":"https:\/\/kutluyayinevi.com\/magaza\/wp-json\/wp\/v2\/product\/22244","targetHints":{"allow":["GET"]}}],"collection":[{"href":"https:\/\/kutluyayinevi.com\/magaza\/wp-json\/wp\/v2\/product"}],"about":[{"href":"https:\/\/kutluyayinevi.com\/magaza\/wp-json\/wp\/v2\/types\/product"}],"replies":[{"embeddable":true,"href":"https:\/\/kutluyayinevi.com\/magaza\/wp-json\/wp\/v2\/comments?post=22244"}],"wp:featuredmedia":[{"embeddable":true,"href":"https:\/\/kutluyayinevi.com\/magaza\/wp-json\/wp\/v2\/media\/22245"}],"wp:attachment":[{"href":"https:\/\/kutluyayinevi.com\/magaza\/wp-json\/wp\/v2\/media?parent=22244"}],"wp:term":[{"taxonomy":"product_brand","embeddable":true,"href":"https:\/\/kutluyayinevi.com\/magaza\/wp-json\/wp\/v2\/product_brand?post=22244"},{"taxonomy":"product_cat","embeddable":true,"href":"https:\/\/kutluyayinevi.com\/magaza\/wp-json\/wp\/v2\/product_cat?post=22244"},{"taxonomy":"product_tag","embeddable":true,"href":"https:\/\/kutluyayinevi.com\/magaza\/wp-json\/wp\/v2\/product_tag?post=22244"}],"curies":[{"name":"wp","href":"https:\/\/api.w.org\/{rel}","templated":true}]}}