{"id":22275,"date":"2023-04-28T11:57:38","date_gmt":"2023-04-28T08:57:38","guid":{"rendered":"https:\/\/kutluyayinevi.com\/magaza\/?post_type=product&#038;p=22275"},"modified":"2026-02-19T13:35:57","modified_gmt":"2026-02-19T10:35:57","slug":"balamir-karanlik-cagin-efendisi-mustafa-aslan","status":"publish","type":"product","link":"https:\/\/kutluyayinevi.com\/magaza\/urun\/balamir-karanlik-cagin-efendisi-mustafa-aslan\/","title":{"rendered":"Balamir &#8211; Karanl\u0131k \u00c7a\u011f\u0131n Efendisi &#8211; Mustafa Aslan"},"content":{"rendered":"<p>\u201cBalamir, Y\u0131k\u0131k Kent\u2019in kuzeyinde, ovaya bakan h\u00e2kim tepenin yamac\u0131na kurulmu\u015f eski okul binas\u0131n\u0131n teras\u0131ndan manzaray\u0131 seyrediyordu. \u015eehrin k\u00fcl rengi silueti, nispeten ye\u015fil ovan\u0131n \u00fcst\u00fcnde tepeye yaslanm\u0131\u015f bir sava\u015f gazisini and\u0131r\u0131yordu. Kar\u015f\u0131da, ovan\u0131n \u00f6te yakas\u0131nda s\u0131ralanan dik ve sert da\u011flar, sanki bozuk d\u00fczene ba\u015fkald\u0131ran sava\u015f\u00e7\u0131lar gibi baronlar\u0131n h\u00e2kimiyetine kar\u015f\u0131 direniyorlard\u0131. Da\u011flar\u0131n ba\u011fr\u0131ndan \u00e7\u0131kan derelerin \u00e7o\u011fu, k\u0131\u015f\u0131n co\u015fmu\u015f; yaz ba\u015f\u0131nda kurumu\u015ftu. Da\u011flar, sanki bir ac\u0131ya gark oldu\u011fundan bir m\u00fcddet g\u00f6zya\u015f\u0131n\u0131 ak\u0131tm\u0131\u015f, sonra ma\u011frur bir vaziyet alm\u0131\u015f ihtiyar bir adam gibiydi. K\u00fcl rengi Y\u0131k\u0131k Kent\u2019te pek ya\u015fayan yoktu. Ailesini korumak i\u00e7in hayatta kalan \u00e7ok say\u0131da ki\u015fi, g\u00fcneydeki Av\u015far Da\u011flar\u0131\u2019na ve kuzeydeki Bo\u011fa Da\u011flar\u0131\u2019n\u0131n kuca\u011f\u0131ndaki Demirtepe obas\u0131na s\u0131\u011f\u0131nm\u0131\u015flard\u0131. Onlar, k\u00f6le olmaktansa da\u011flarda ot, yaprak yiyerek ya\u015famay\u0131 ye\u011flemi\u015flerdi. Kont Hermanerik\u2019in besleyip silahland\u0131rd\u0131\u011f\u0131 vah\u015fi adamlara kar\u015f\u0131 koyacak g\u00fcce sahip de\u011fildiler. Buralarda fare gibi saklanarak hayatlar\u0131n\u0131 idame ettirmekten ba\u015fka \u00e7areleri kalmam\u0131\u015ft\u0131. Gidecekleri ba\u015fka bir memleket ve kom\u015fu \u00fclke mefhumu da yoktu\u2026\u201d<\/p>\n<p>Yazar, \u201cBaybars-Son Sava\u015f\u00e7\u0131\u201d ve \u201cBaybars-Adaletin K\u0131l\u0131c\u0131\u201d eserlerinde oldu\u011fu gibi tarihi \u015fahsiyetleri ve olaylar\u0131 g\u00fcn\u00fcm\u00fcz \u00f6tesine uyarlam\u0131\u015ft\u0131r. \u201cBalamir-Karanl\u0131k \u00c7a\u011f\u0131n Efendisi\u201d isimli bu eserinde Hun Ba\u015fbu\u011fu Balamir ve 4. Y\u00fczy\u0131l ortam\u0131 22. Y\u00fczy\u0131l d\u00fcnyas\u0131na uyarlanm\u0131\u015ft\u0131r. Keyif ve heyecanla okuman\u0131z\u0131 temenni ederim.<\/p>\n","protected":false},"excerpt":{"rendered":"<p>\u201cBalamir, Y\u0131k\u0131k Kent\u2019in kuzeyinde, ovaya bakan h\u00e2kim tepenin yamac\u0131na kurulmu\u015f eski okul binas\u0131n\u0131n teras\u0131ndan manzaray\u0131 seyrediyordu. \u015eehrin k\u00fcl rengi silueti, nispeten ye\u015fil ovan\u0131n \u00fcst\u00fcnde tepeye yaslanm\u0131\u015f bir sava\u015f gazisini and\u0131r\u0131yordu. Kar\u015f\u0131da, ovan\u0131n \u00f6te yakas\u0131nda s\u0131ralanan dik ve sert da\u011flar, sanki bozuk d\u00fczene ba\u015fkald\u0131ran sava\u015f\u00e7\u0131lar gibi baronlar\u0131n h\u00e2kimiyetine kar\u015f\u0131 direniyorlard\u0131. Da\u011flar\u0131n ba\u011fr\u0131ndan \u00e7\u0131kan derelerin \u00e7o\u011fu, k\u0131\u015f\u0131n [&hellip;]<\/p>\n","protected":false},"featured_media":22278,"comment_status":"closed","ping_status":"closed","template":"","meta":[],"product_brand":[],"product_cat":[27,24],"product_tag":[],"class_list":{"0":"post-22275","1":"product","2":"type-product","3":"status-publish","4":"has-post-thumbnail","6":"product_cat-edebiyat","7":"product_cat-roman","9":"first","10":"instock","11":"sale","12":"shipping-taxable","13":"purchasable","14":"product-type-simple"},"_links":{"self":[{"href":"https:\/\/kutluyayinevi.com\/magaza\/wp-json\/wp\/v2\/product\/22275","targetHints":{"allow":["GET"]}}],"collection":[{"href":"https:\/\/kutluyayinevi.com\/magaza\/wp-json\/wp\/v2\/product"}],"about":[{"href":"https:\/\/kutluyayinevi.com\/magaza\/wp-json\/wp\/v2\/types\/product"}],"replies":[{"embeddable":true,"href":"https:\/\/kutluyayinevi.com\/magaza\/wp-json\/wp\/v2\/comments?post=22275"}],"wp:featuredmedia":[{"embeddable":true,"href":"https:\/\/kutluyayinevi.com\/magaza\/wp-json\/wp\/v2\/media\/22278"}],"wp:attachment":[{"href":"https:\/\/kutluyayinevi.com\/magaza\/wp-json\/wp\/v2\/media?parent=22275"}],"wp:term":[{"taxonomy":"product_brand","embeddable":true,"href":"https:\/\/kutluyayinevi.com\/magaza\/wp-json\/wp\/v2\/product_brand?post=22275"},{"taxonomy":"product_cat","embeddable":true,"href":"https:\/\/kutluyayinevi.com\/magaza\/wp-json\/wp\/v2\/product_cat?post=22275"},{"taxonomy":"product_tag","embeddable":true,"href":"https:\/\/kutluyayinevi.com\/magaza\/wp-json\/wp\/v2\/product_tag?post=22275"}],"curies":[{"name":"wp","href":"https:\/\/api.w.org\/{rel}","templated":true}]}}