{"id":22279,"date":"2023-05-04T11:47:13","date_gmt":"2023-05-04T08:47:13","guid":{"rendered":"https:\/\/kutluyayinevi.com\/magaza\/?post_type=product&#038;p=22279"},"modified":"2026-02-20T12:31:48","modified_gmt":"2026-02-20T09:31:48","slug":"kizilcik-ali-emrah-ozdemir","status":"publish","type":"product","link":"https:\/\/kutluyayinevi.com\/magaza\/urun\/kizilcik-ali-emrah-ozdemir\/","title":{"rendered":"K\u0131z\u0131lc\u0131k Ali &#8211; Emrah \u00d6zdemir"},"content":{"rendered":"<p>Hamamb\u00f6cekleri..! Beynimde dola\u015f\u0131yorlar. Y\u00fczlercesi&#8230; Kimisi b\u00fcy\u00fck\u00e7e simsiyah, ate\u015f k\u0131rm\u0131z\u0131s\u0131; kimisi k\u00fc\u00e7\u00fck fakat \u00e7ok h\u0131zl\u0131&#8230; Hepsi beynimin k\u0131vr\u0131mlar\u0131nda dola\u015f\u0131yorlar, bazen gitmek istedikleri yere gidemeyince t\u00fcneller a\u00e7\u0131yor, bazen de birbirlerine ba\u011fl\u0131 yollar\u0131 ay\u0131r\u0131p anlams\u0131z \u015fekilde tekrar birle\u015ftiriyorlar. Hamamb\u00f6cekleri..! Bazen kendi att\u0131klar\u0131 yalanlara inan\u0131p kendilerini dipsiz kuyulara at\u0131yorlar, bazen o kuyular\u0131 doldurup \u015f\u00fcpheye hi\u00e7 yer b\u0131rakm\u0131yorlar.<\/p>\n","protected":false},"excerpt":{"rendered":"<p>Hamamb\u00f6cekleri..! Beynimde dola\u015f\u0131yorlar. Y\u00fczlercesi&#8230; Kimisi b\u00fcy\u00fck\u00e7e simsiyah, ate\u015f k\u0131rm\u0131z\u0131s\u0131; kimisi k\u00fc\u00e7\u00fck fakat \u00e7ok h\u0131zl\u0131&#8230; Hepsi beynimin k\u0131vr\u0131mlar\u0131nda dola\u015f\u0131yorlar, bazen gitmek istedikleri yere gidemeyince t\u00fcneller a\u00e7\u0131yor, bazen de birbirlerine ba\u011fl\u0131 yollar\u0131 ay\u0131r\u0131p anlams\u0131z \u015fekilde tekrar birle\u015ftiriyorlar. Hamamb\u00f6cekleri..! Bazen kendi att\u0131klar\u0131 yalanlara inan\u0131p kendilerini dipsiz kuyulara at\u0131yorlar, bazen o kuyular\u0131 doldurup \u015f\u00fcpheye hi\u00e7 yer b\u0131rakm\u0131yorlar.<\/p>\n","protected":false},"featured_media":22280,"comment_status":"closed","ping_status":"closed","template":"","meta":[],"product_brand":[],"product_cat":[27,23],"product_tag":[],"class_list":{"0":"post-22279","1":"product","2":"type-product","3":"status-publish","4":"has-post-thumbnail","6":"product_cat-edebiyat","7":"product_cat-hikaye","9":"first","10":"instock","11":"sale","12":"shipping-taxable","13":"purchasable","14":"product-type-simple"},"_links":{"self":[{"href":"https:\/\/kutluyayinevi.com\/magaza\/wp-json\/wp\/v2\/product\/22279","targetHints":{"allow":["GET"]}}],"collection":[{"href":"https:\/\/kutluyayinevi.com\/magaza\/wp-json\/wp\/v2\/product"}],"about":[{"href":"https:\/\/kutluyayinevi.com\/magaza\/wp-json\/wp\/v2\/types\/product"}],"replies":[{"embeddable":true,"href":"https:\/\/kutluyayinevi.com\/magaza\/wp-json\/wp\/v2\/comments?post=22279"}],"wp:featuredmedia":[{"embeddable":true,"href":"https:\/\/kutluyayinevi.com\/magaza\/wp-json\/wp\/v2\/media\/22280"}],"wp:attachment":[{"href":"https:\/\/kutluyayinevi.com\/magaza\/wp-json\/wp\/v2\/media?parent=22279"}],"wp:term":[{"taxonomy":"product_brand","embeddable":true,"href":"https:\/\/kutluyayinevi.com\/magaza\/wp-json\/wp\/v2\/product_brand?post=22279"},{"taxonomy":"product_cat","embeddable":true,"href":"https:\/\/kutluyayinevi.com\/magaza\/wp-json\/wp\/v2\/product_cat?post=22279"},{"taxonomy":"product_tag","embeddable":true,"href":"https:\/\/kutluyayinevi.com\/magaza\/wp-json\/wp\/v2\/product_tag?post=22279"}],"curies":[{"name":"wp","href":"https:\/\/api.w.org\/{rel}","templated":true}]}}