{"id":22291,"date":"2023-05-11T11:59:32","date_gmt":"2023-05-11T08:59:32","guid":{"rendered":"https:\/\/kutluyayinevi.com\/magaza\/?post_type=product&#038;p=22291"},"modified":"2025-02-06T14:31:45","modified_gmt":"2025-02-06T11:31:45","slug":"bir-kitap-iki-hikaye-fulya-uludag","status":"publish","type":"product","link":"https:\/\/kutluyayinevi.com\/magaza\/urun\/bir-kitap-iki-hikaye-fulya-uludag\/","title":{"rendered":"Bir Kitap \u0130ki Hikaye &#8211; Fulya Uluda\u011f"},"content":{"rendered":"<p>\u00c7ocukken en sevdi\u011fimiz \u015feydi masal ya da hikaye okumak. Kendimizi bamba\u015fka d\u00fcnyalarda hayal ederdik. Zaman zaman kocaman devleri yendik, ejderhalarla sava\u015ft\u0131k zaman zaman da zarif bir prenses, g\u00fc\u00e7l\u00fc bir prens olduk. \u015eimdi ise b\u00fcy\u00fcd\u00fck ama hep o masal dinleyen \u00e7ocuklar olarak kald\u0131 ruhumuz.<\/p>\n<p>\u0130\u00e7imizde b\u00fcy\u00fcmeyen \u00e7ocuklu\u011fumuz ve masal kahramanlar\u0131na sevgilerimle&#8230;<\/p>\n","protected":false},"excerpt":{"rendered":"<p>\u00c7ocukken en sevdi\u011fimiz \u015feydi masal ya da hikaye okumak. Kendimizi bamba\u015fka d\u00fcnyalarda hayal ederdik. Zaman zaman kocaman devleri yendik, ejderhalarla sava\u015ft\u0131k zaman zaman da zarif bir prenses, g\u00fc\u00e7l\u00fc bir prens olduk. \u015eimdi ise b\u00fcy\u00fcd\u00fck ama hep o masal dinleyen \u00e7ocuklar olarak kald\u0131 ruhumuz. \u0130\u00e7imizde b\u00fcy\u00fcmeyen \u00e7ocuklu\u011fumuz ve masal kahramanlar\u0131na sevgilerimle&#8230;<\/p>\n","protected":false},"featured_media":22292,"comment_status":"closed","ping_status":"closed","template":"","meta":[],"product_brand":[],"product_cat":[25],"product_tag":[],"class_list":{"0":"post-22291","1":"product","2":"type-product","3":"status-publish","4":"has-post-thumbnail","6":"product_cat-cocuk-kitaplari","8":"first","9":"instock","10":"sale","11":"shipping-taxable","12":"purchasable","13":"product-type-simple"},"_links":{"self":[{"href":"https:\/\/kutluyayinevi.com\/magaza\/wp-json\/wp\/v2\/product\/22291","targetHints":{"allow":["GET"]}}],"collection":[{"href":"https:\/\/kutluyayinevi.com\/magaza\/wp-json\/wp\/v2\/product"}],"about":[{"href":"https:\/\/kutluyayinevi.com\/magaza\/wp-json\/wp\/v2\/types\/product"}],"replies":[{"embeddable":true,"href":"https:\/\/kutluyayinevi.com\/magaza\/wp-json\/wp\/v2\/comments?post=22291"}],"wp:featuredmedia":[{"embeddable":true,"href":"https:\/\/kutluyayinevi.com\/magaza\/wp-json\/wp\/v2\/media\/22292"}],"wp:attachment":[{"href":"https:\/\/kutluyayinevi.com\/magaza\/wp-json\/wp\/v2\/media?parent=22291"}],"wp:term":[{"taxonomy":"product_brand","embeddable":true,"href":"https:\/\/kutluyayinevi.com\/magaza\/wp-json\/wp\/v2\/product_brand?post=22291"},{"taxonomy":"product_cat","embeddable":true,"href":"https:\/\/kutluyayinevi.com\/magaza\/wp-json\/wp\/v2\/product_cat?post=22291"},{"taxonomy":"product_tag","embeddable":true,"href":"https:\/\/kutluyayinevi.com\/magaza\/wp-json\/wp\/v2\/product_tag?post=22291"}],"curies":[{"name":"wp","href":"https:\/\/api.w.org\/{rel}","templated":true}]}}