{"id":22313,"date":"2023-05-25T14:56:16","date_gmt":"2023-05-25T11:56:16","guid":{"rendered":"https:\/\/kutluyayinevi.com\/magaza\/?post_type=product&#038;p=22313"},"modified":"2026-02-20T11:45:54","modified_gmt":"2026-02-20T08:45:54","slug":"iste-benim-hayatim-murat-avci","status":"publish","type":"product","link":"https:\/\/kutluyayinevi.com\/magaza\/urun\/iste-benim-hayatim-murat-avci\/","title":{"rendered":"\u0130\u015fte Benim Hayat\u0131m &#8211; Murat Avc\u0131"},"content":{"rendered":"<p>Murat Avc\u0131, Antalya\u2019n\u0131n Gazipa\u015fa il\u00e7esinde maddi durumu iyi olmayan 5 \u00e7ocuklu \u00e7ift\u00e7i baba ile annenin \u00e7ocu\u011fu olarak f\u0131st\u0131k hasad\u0131n\u0131n yap\u0131ld\u0131\u011f\u0131 tarlada d\u00fcnyaya geldi. Babas\u0131 Antalya\u2019n\u0131n zengin i\u015f insanlar\u0131ndan birinin muz bah\u00e7esinde tam 55 y\u0131l boyunca \u00e7al\u0131\u015farak onlar\u0131 b\u00fcy\u00fctt\u00fc. Avc\u0131, okula gitmeyi, okumay\u0131 \u00e7ok seviyordu ancak yokluktan ne yaz\u0131k ki liseye kadar okuyabildi. 13 ya\u015flar\u0131nda hayata at\u0131lan, kazand\u0131klar\u0131yla hem ailesine katk\u0131da bulunan hem de e\u011fitimine devam eden Murat Avc\u0131; garsonluk, komilik gibi bir \u00e7ok i\u015fte \u00e7al\u0131\u015ft\u0131. 1992 y\u0131l\u0131nda bir arkada\u015f\u0131m\u0131n te\u015fvikiyle bijuteri, tekstil, \u00e7anta ve hediyelik e\u015fya al\u0131m sat\u0131m i\u015fine giren Avc\u0131, 5 y\u0131l i\u00e7inde Alanya\u2019n\u0131n sayg\u0131n i\u015f insanlar\u0131 aras\u0131nda yer almay\u0131 ba\u015fard\u0131. Bir s\u00fcre sonra i\u015fleri bozulan Avc\u0131, \u0130stanbul\u2019a gelerek bir d\u00f6nem memleketi Alanya\u2019da amat\u00f6r olarak yapt\u0131\u011f\u0131 gazetecili\u011fi yapmaya karar verdi.\u00a0<a title=\"smartCard-inline\" href=\"http:\/\/sonpostagazetesi.com\/\" target=\"_blank\" rel=\"nofollow noopener noreferrer ugc\">http:\/\/Sonpostagazetesi.com<\/a>\u00a0ve Yeni\u00e7a\u011fr\u0131 Gazetesi\u2019nde yazarl\u0131k yapan Avc\u0131,\u00a0<a title=\"\u200c\" href=\"http:\/\/durumagazin.com\/\" target=\"_blank\" rel=\"nofollow noopener noreferrer ugc\">Durumagazin.com<\/a>\u00a0sitesini kurarak magazin d\u00fcnyas\u0131ndan do\u011fru, ger\u00e7ek haberleri okurlara ula\u015ft\u0131rmaya devam ediyor.<\/p>\n","protected":false},"excerpt":{"rendered":"<p>Murat Avc\u0131, Antalya\u2019n\u0131n Gazipa\u015fa il\u00e7esinde maddi durumu iyi olmayan 5 \u00e7ocuklu \u00e7ift\u00e7i baba ile annenin \u00e7ocu\u011fu olarak f\u0131st\u0131k hasad\u0131n\u0131n yap\u0131ld\u0131\u011f\u0131 tarlada d\u00fcnyaya geldi. Babas\u0131 Antalya\u2019n\u0131n zengin i\u015f insanlar\u0131ndan birinin muz bah\u00e7esinde tam 55 y\u0131l boyunca \u00e7al\u0131\u015farak onlar\u0131 b\u00fcy\u00fctt\u00fc. Avc\u0131, okula gitmeyi, okumay\u0131 \u00e7ok seviyordu ancak yokluktan ne yaz\u0131k ki liseye kadar okuyabildi. 13 ya\u015flar\u0131nda hayata [&hellip;]<\/p>\n","protected":false},"featured_media":22314,"comment_status":"closed","ping_status":"closed","template":"","meta":[],"product_brand":[],"product_cat":[31],"product_tag":[],"class_list":{"0":"post-22313","1":"product","2":"type-product","3":"status-publish","4":"has-post-thumbnail","6":"product_cat-yasamoykusu","8":"first","9":"instock","10":"sale","11":"shipping-taxable","12":"purchasable","13":"product-type-simple"},"_links":{"self":[{"href":"https:\/\/kutluyayinevi.com\/magaza\/wp-json\/wp\/v2\/product\/22313","targetHints":{"allow":["GET"]}}],"collection":[{"href":"https:\/\/kutluyayinevi.com\/magaza\/wp-json\/wp\/v2\/product"}],"about":[{"href":"https:\/\/kutluyayinevi.com\/magaza\/wp-json\/wp\/v2\/types\/product"}],"replies":[{"embeddable":true,"href":"https:\/\/kutluyayinevi.com\/magaza\/wp-json\/wp\/v2\/comments?post=22313"}],"wp:featuredmedia":[{"embeddable":true,"href":"https:\/\/kutluyayinevi.com\/magaza\/wp-json\/wp\/v2\/media\/22314"}],"wp:attachment":[{"href":"https:\/\/kutluyayinevi.com\/magaza\/wp-json\/wp\/v2\/media?parent=22313"}],"wp:term":[{"taxonomy":"product_brand","embeddable":true,"href":"https:\/\/kutluyayinevi.com\/magaza\/wp-json\/wp\/v2\/product_brand?post=22313"},{"taxonomy":"product_cat","embeddable":true,"href":"https:\/\/kutluyayinevi.com\/magaza\/wp-json\/wp\/v2\/product_cat?post=22313"},{"taxonomy":"product_tag","embeddable":true,"href":"https:\/\/kutluyayinevi.com\/magaza\/wp-json\/wp\/v2\/product_tag?post=22313"}],"curies":[{"name":"wp","href":"https:\/\/api.w.org\/{rel}","templated":true}]}}