{"id":22315,"date":"2023-05-25T15:01:31","date_gmt":"2023-05-25T12:01:31","guid":{"rendered":"https:\/\/kutluyayinevi.com\/magaza\/?post_type=product&#038;p=22315"},"modified":"2026-02-19T13:02:11","modified_gmt":"2026-02-19T10:02:11","slug":"arz-i-hal-muhammed-ferit-duman","status":"publish","type":"product","link":"https:\/\/kutluyayinevi.com\/magaza\/urun\/arz-i-hal-muhammed-ferit-duman\/","title":{"rendered":"Arz-\u0131 Hal &#8211; S\u00fcfli"},"content":{"rendered":"<p>Kitaptaki \u015fiirler:<br \/>\nYa\u015fanan cinnetin sakinle\u015ftiricileri \u015feklinde bir vazife icra etmi\u015f olup, ya\u015fanabilecek bir felci \u00f6nleyen gayri iradi burun kanamalar\u0131 gibi kontrols\u00fcz ak\u0131p gitmi\u015f ve yazar ancak ba\u015f\u0131n\u0131 arkaya yaslay\u0131p, burnunu tutmaktan ve endi\u015fe etmekten ba\u015fka bir \u015fey yapamam\u0131\u015ft\u0131r.<\/p>\n<p>Bu \u015fiirler bir anlamda:<br \/>\nMetinlerin tu\u011flalar\u0131 ile t\u0131rman\u0131lmak istenen ufuklara dair her hamlesinde, hayal etti\u011fi mimarinin enkaz\u0131 alt\u0131nda kalm\u0131\u015f amele bir iradenin, alt\u0131nda kald\u0131\u011f\u0131 enkaz\u0131, yeisin vehmi ile kabri bellemeye ve yava\u015f yava\u015f \u00f6l\u00fcm\u00fcn so\u011fu\u011funu hissetmeye ba\u015flad\u0131\u011f\u0131 s\u0131rada, tepesi \u00fcst\u00fcnde kendine abanan tu\u011flalar\u0131n aras\u0131ndan s\u0131zan, s\u0131cac\u0131k ve davetk\u00e2r \u0131\u015f\u0131k huzmeleri kar\u015f\u0131s\u0131ndaki iniltileridir.<\/p>\n","protected":false},"excerpt":{"rendered":"<p>Kitaptaki \u015fiirler: Ya\u015fanan cinnetin sakinle\u015ftiricileri \u015feklinde bir vazife icra etmi\u015f olup, ya\u015fanabilecek bir felci \u00f6nleyen gayri iradi burun kanamalar\u0131 gibi kontrols\u00fcz ak\u0131p gitmi\u015f ve yazar ancak ba\u015f\u0131n\u0131 arkaya yaslay\u0131p, burnunu tutmaktan ve endi\u015fe etmekten ba\u015fka bir \u015fey yapamam\u0131\u015ft\u0131r. Bu \u015fiirler bir anlamda: Metinlerin tu\u011flalar\u0131 ile t\u0131rman\u0131lmak istenen ufuklara dair her hamlesinde, hayal etti\u011fi mimarinin enkaz\u0131 [&hellip;]<\/p>\n","protected":false},"featured_media":22316,"comment_status":"closed","ping_status":"closed","template":"","meta":[],"product_brand":[],"product_cat":[22],"product_tag":[],"class_list":{"0":"post-22315","1":"product","2":"type-product","3":"status-publish","4":"has-post-thumbnail","6":"product_cat-siir","8":"first","9":"instock","10":"sale","11":"shipping-taxable","12":"purchasable","13":"product-type-simple"},"_links":{"self":[{"href":"https:\/\/kutluyayinevi.com\/magaza\/wp-json\/wp\/v2\/product\/22315","targetHints":{"allow":["GET"]}}],"collection":[{"href":"https:\/\/kutluyayinevi.com\/magaza\/wp-json\/wp\/v2\/product"}],"about":[{"href":"https:\/\/kutluyayinevi.com\/magaza\/wp-json\/wp\/v2\/types\/product"}],"replies":[{"embeddable":true,"href":"https:\/\/kutluyayinevi.com\/magaza\/wp-json\/wp\/v2\/comments?post=22315"}],"wp:featuredmedia":[{"embeddable":true,"href":"https:\/\/kutluyayinevi.com\/magaza\/wp-json\/wp\/v2\/media\/22316"}],"wp:attachment":[{"href":"https:\/\/kutluyayinevi.com\/magaza\/wp-json\/wp\/v2\/media?parent=22315"}],"wp:term":[{"taxonomy":"product_brand","embeddable":true,"href":"https:\/\/kutluyayinevi.com\/magaza\/wp-json\/wp\/v2\/product_brand?post=22315"},{"taxonomy":"product_cat","embeddable":true,"href":"https:\/\/kutluyayinevi.com\/magaza\/wp-json\/wp\/v2\/product_cat?post=22315"},{"taxonomy":"product_tag","embeddable":true,"href":"https:\/\/kutluyayinevi.com\/magaza\/wp-json\/wp\/v2\/product_tag?post=22315"}],"curies":[{"name":"wp","href":"https:\/\/api.w.org\/{rel}","templated":true}]}}