{"id":22325,"date":"2023-05-31T11:59:24","date_gmt":"2023-05-31T08:59:24","guid":{"rendered":"https:\/\/kutluyayinevi.com\/magaza\/?post_type=product&#038;p=22325"},"modified":"2026-02-23T09:54:55","modified_gmt":"2026-02-23T06:54:55","slug":"stresle-basetme-ve-etkili-iletisim-ibrahim-halil-acikdas","status":"publish","type":"product","link":"https:\/\/kutluyayinevi.com\/magaza\/urun\/stresle-basetme-ve-etkili-iletisim-ibrahim-halil-acikdas\/","title":{"rendered":"Stresle Ba\u015fetme ve Etkili \u0130leti\u015fim &#8211; \u0130brahim Halil A\u00e7\u0131kda\u015f"},"content":{"rendered":"<p>\u0130brahim Halil A\u00e7\u0131kda\u015f, 1964 do\u011fumlu olup \u015eanl\u0131urfa ve Hatay \u0130skenderun\u2019da ilk\u00f6\u011fretim ve lise e\u011fitimi ayr\u0131ca s\u0131ras\u0131yla Anadolu \u00dcniversitesi ve Ba\u015fkent \u00dcniversitesi Ya\u015fam Ko\u00e7lu\u011fu ile Topkap\u0131 \u00dcniversitesi Aile ve \u0130li\u015fki Dan\u0131\u015fmal\u0131\u011f\u0131n\u0131 e\u011fitimlerini tamamlam\u0131\u015ft\u0131r.<\/p>\n","protected":false},"excerpt":{"rendered":"<p>\u0130brahim Halil A\u00e7\u0131kda\u015f, 1964 do\u011fumlu olup \u015eanl\u0131urfa ve Hatay \u0130skenderun\u2019da ilk\u00f6\u011fretim ve lise e\u011fitimi ayr\u0131ca s\u0131ras\u0131yla Anadolu \u00dcniversitesi ve Ba\u015fkent \u00dcniversitesi Ya\u015fam Ko\u00e7lu\u011fu ile Topkap\u0131 \u00dcniversitesi Aile ve \u0130li\u015fki Dan\u0131\u015fmal\u0131\u011f\u0131n\u0131 e\u011fitimlerini tamamlam\u0131\u015ft\u0131r.<\/p>\n","protected":false},"featured_media":22326,"comment_status":"closed","ping_status":"closed","template":"","meta":[],"product_brand":[],"product_cat":[32],"product_tag":[],"class_list":{"0":"post-22325","1":"product","2":"type-product","3":"status-publish","4":"has-post-thumbnail","6":"product_cat-kisisel-gelisim","8":"first","9":"instock","10":"sale","11":"shipping-taxable","12":"purchasable","13":"product-type-simple"},"_links":{"self":[{"href":"https:\/\/kutluyayinevi.com\/magaza\/wp-json\/wp\/v2\/product\/22325","targetHints":{"allow":["GET"]}}],"collection":[{"href":"https:\/\/kutluyayinevi.com\/magaza\/wp-json\/wp\/v2\/product"}],"about":[{"href":"https:\/\/kutluyayinevi.com\/magaza\/wp-json\/wp\/v2\/types\/product"}],"replies":[{"embeddable":true,"href":"https:\/\/kutluyayinevi.com\/magaza\/wp-json\/wp\/v2\/comments?post=22325"}],"wp:featuredmedia":[{"embeddable":true,"href":"https:\/\/kutluyayinevi.com\/magaza\/wp-json\/wp\/v2\/media\/22326"}],"wp:attachment":[{"href":"https:\/\/kutluyayinevi.com\/magaza\/wp-json\/wp\/v2\/media?parent=22325"}],"wp:term":[{"taxonomy":"product_brand","embeddable":true,"href":"https:\/\/kutluyayinevi.com\/magaza\/wp-json\/wp\/v2\/product_brand?post=22325"},{"taxonomy":"product_cat","embeddable":true,"href":"https:\/\/kutluyayinevi.com\/magaza\/wp-json\/wp\/v2\/product_cat?post=22325"},{"taxonomy":"product_tag","embeddable":true,"href":"https:\/\/kutluyayinevi.com\/magaza\/wp-json\/wp\/v2\/product_tag?post=22325"}],"curies":[{"name":"wp","href":"https:\/\/api.w.org\/{rel}","templated":true}]}}