{"id":22327,"date":"2023-05-31T12:03:40","date_gmt":"2023-05-31T09:03:40","guid":{"rendered":"https:\/\/kutluyayinevi.com\/magaza\/?post_type=product&#038;p=22327"},"modified":"2026-02-19T14:13:52","modified_gmt":"2026-02-19T11:13:52","slug":"ben-de-isterim-destani-hasan-un","status":"publish","type":"product","link":"https:\/\/kutluyayinevi.com\/magaza\/urun\/ben-de-isterim-destani-hasan-un\/","title":{"rendered":"Ben de \u0130sterim Destan\u0131 &#8211; Hasan \u00dcn"},"content":{"rendered":"<p><span style=\"color: #172b4d; font-family: -apple-system, BlinkMacSystemFont, 'Segoe UI', Roboto, 'Noto Sans', Ubuntu, 'Droid Sans', 'Helvetica Neue', sans-serif; font-size: 14px;\">Ey adam gibi uyaran Mustafa Kemal Atat\u00fcrk\u2026<\/span><br style=\"color: #172b4d; font-family: -apple-system, BlinkMacSystemFont, 'Segoe UI', Roboto, 'Noto Sans', Ubuntu, 'Droid Sans', 'Helvetica Neue', sans-serif; font-size: 14px;\" \/><span style=\"color: #172b4d; font-family: -apple-system, BlinkMacSystemFont, 'Segoe UI', Roboto, 'Noto Sans', Ubuntu, 'Droid Sans', 'Helvetica Neue', sans-serif; font-size: 14px;\">Ey babam gibi buyuran Ka\u015fgarl\u0131 Mahmut.<\/span><br style=\"color: #172b4d; font-family: -apple-system, BlinkMacSystemFont, 'Segoe UI', Roboto, 'Noto Sans', Ubuntu, 'Droid Sans', 'Helvetica Neue', sans-serif; font-size: 14px;\" \/><span style=\"color: #172b4d; font-family: -apple-system, BlinkMacSystemFont, 'Segoe UI', Roboto, 'Noto Sans', Ubuntu, 'Droid Sans', 'Helvetica Neue', sans-serif; font-size: 14px;\">Ey da\u011flara-ta\u015flara duyuran Hoca Ahmet Yesevi.<\/span><br style=\"color: #172b4d; font-family: -apple-system, BlinkMacSystemFont, 'Segoe UI', Roboto, 'Noto Sans', Ubuntu, 'Droid Sans', 'Helvetica Neue', sans-serif; font-size: 14px;\" \/><span style=\"color: #172b4d; font-family: -apple-system, BlinkMacSystemFont, 'Segoe UI', Roboto, 'Noto Sans', Ubuntu, 'Droid Sans', 'Helvetica Neue', sans-serif; font-size: 14px;\">Beceremedim \u015fu \u00f6\u011fretmenli\u011fi.<\/span><\/p>\n","protected":false},"excerpt":{"rendered":"<p>Ey adam gibi uyaran Mustafa Kemal Atat\u00fcrk\u2026Ey babam gibi buyuran Ka\u015fgarl\u0131 Mahmut.Ey da\u011flara-ta\u015flara duyuran Hoca Ahmet Yesevi.Beceremedim \u015fu \u00f6\u011fretmenli\u011fi.<\/p>\n","protected":false},"featured_media":22328,"comment_status":"closed","ping_status":"closed","template":"","meta":[],"product_brand":[],"product_cat":[22],"product_tag":[],"class_list":{"0":"post-22327","1":"product","2":"type-product","3":"status-publish","4":"has-post-thumbnail","6":"product_cat-siir","8":"first","9":"instock","10":"sale","11":"shipping-taxable","12":"purchasable","13":"product-type-simple"},"_links":{"self":[{"href":"https:\/\/kutluyayinevi.com\/magaza\/wp-json\/wp\/v2\/product\/22327","targetHints":{"allow":["GET"]}}],"collection":[{"href":"https:\/\/kutluyayinevi.com\/magaza\/wp-json\/wp\/v2\/product"}],"about":[{"href":"https:\/\/kutluyayinevi.com\/magaza\/wp-json\/wp\/v2\/types\/product"}],"replies":[{"embeddable":true,"href":"https:\/\/kutluyayinevi.com\/magaza\/wp-json\/wp\/v2\/comments?post=22327"}],"wp:featuredmedia":[{"embeddable":true,"href":"https:\/\/kutluyayinevi.com\/magaza\/wp-json\/wp\/v2\/media\/22328"}],"wp:attachment":[{"href":"https:\/\/kutluyayinevi.com\/magaza\/wp-json\/wp\/v2\/media?parent=22327"}],"wp:term":[{"taxonomy":"product_brand","embeddable":true,"href":"https:\/\/kutluyayinevi.com\/magaza\/wp-json\/wp\/v2\/product_brand?post=22327"},{"taxonomy":"product_cat","embeddable":true,"href":"https:\/\/kutluyayinevi.com\/magaza\/wp-json\/wp\/v2\/product_cat?post=22327"},{"taxonomy":"product_tag","embeddable":true,"href":"https:\/\/kutluyayinevi.com\/magaza\/wp-json\/wp\/v2\/product_tag?post=22327"}],"curies":[{"name":"wp","href":"https:\/\/api.w.org\/{rel}","templated":true}]}}