{"id":22361,"date":"2023-06-08T11:17:19","date_gmt":"2023-06-08T08:17:19","guid":{"rendered":"https:\/\/kutluyayinevi.com\/magaza\/?post_type=product&#038;p=22361"},"modified":"2025-02-06T14:38:14","modified_gmt":"2025-02-06T11:38:14","slug":"haziran-huzunlu-bahar-evren-kazanci","status":"publish","type":"product","link":"https:\/\/kutluyayinevi.com\/magaza\/urun\/haziran-huzunlu-bahar-evren-kazanci\/","title":{"rendered":"Haziran: H\u00fcz\u00fcnl\u00fc Bahar &#8211; Evren Kazanc\u0131"},"content":{"rendered":"<p>Ayr\u0131ld\u0131n usul usul<\/p>\n<p>Ya koynumdan<br \/>\n\u015eimdilerde as\u0131l\u0131r suretin<br \/>\nEdebi y\u00fcre\u011fime<br \/>\nMelalin ince ince s\u0131zlar i\u00e7imde<\/p>\n<p>\u0130\u00e7tik\u00e7e \u00f6zleminin denizinden<br \/>\nSusuzlu\u011fum daha da art\u0131\u2026<\/p>\n","protected":false},"excerpt":{"rendered":"<p>Ayr\u0131ld\u0131n usul usul Ya koynumdan \u015eimdilerde as\u0131l\u0131r suretin Edebi y\u00fcre\u011fime Melalin ince ince s\u0131zlar i\u00e7imde \u0130\u00e7tik\u00e7e \u00f6zleminin denizinden Susuzlu\u011fum daha da art\u0131\u2026<\/p>\n","protected":false},"featured_media":22362,"comment_status":"closed","ping_status":"closed","template":"","meta":[],"product_brand":[],"product_cat":[22],"product_tag":[],"class_list":{"0":"post-22361","1":"product","2":"type-product","3":"status-publish","4":"has-post-thumbnail","6":"product_cat-siir","8":"first","9":"instock","10":"sale","11":"shipping-taxable","12":"purchasable","13":"product-type-simple"},"_links":{"self":[{"href":"https:\/\/kutluyayinevi.com\/magaza\/wp-json\/wp\/v2\/product\/22361","targetHints":{"allow":["GET"]}}],"collection":[{"href":"https:\/\/kutluyayinevi.com\/magaza\/wp-json\/wp\/v2\/product"}],"about":[{"href":"https:\/\/kutluyayinevi.com\/magaza\/wp-json\/wp\/v2\/types\/product"}],"replies":[{"embeddable":true,"href":"https:\/\/kutluyayinevi.com\/magaza\/wp-json\/wp\/v2\/comments?post=22361"}],"wp:featuredmedia":[{"embeddable":true,"href":"https:\/\/kutluyayinevi.com\/magaza\/wp-json\/wp\/v2\/media\/22362"}],"wp:attachment":[{"href":"https:\/\/kutluyayinevi.com\/magaza\/wp-json\/wp\/v2\/media?parent=22361"}],"wp:term":[{"taxonomy":"product_brand","embeddable":true,"href":"https:\/\/kutluyayinevi.com\/magaza\/wp-json\/wp\/v2\/product_brand?post=22361"},{"taxonomy":"product_cat","embeddable":true,"href":"https:\/\/kutluyayinevi.com\/magaza\/wp-json\/wp\/v2\/product_cat?post=22361"},{"taxonomy":"product_tag","embeddable":true,"href":"https:\/\/kutluyayinevi.com\/magaza\/wp-json\/wp\/v2\/product_tag?post=22361"}],"curies":[{"name":"wp","href":"https:\/\/api.w.org\/{rel}","templated":true}]}}