{"id":22363,"date":"2023-06-08T11:20:45","date_gmt":"2023-06-08T08:20:45","guid":{"rendered":"https:\/\/kutluyayinevi.com\/magaza\/?post_type=product&#038;p=22363"},"modified":"2025-02-06T14:37:23","modified_gmt":"2025-02-06T11:37:23","slug":"sahne-ates-ve-kul-evren-kazanci","status":"publish","type":"product","link":"https:\/\/kutluyayinevi.com\/magaza\/urun\/sahne-ates-ve-kul-evren-kazanci\/","title":{"rendered":"Sahne: Ate\u015f ve K\u00fcl &#8211; Evren Kazanc\u0131"},"content":{"rendered":"<p>Ate\u015f olur i\u00e7in, da\u011f olur, orman<br \/>\nD\u00fc\u015fe yazars\u0131n baharlara bazen k\u0131\u015flara<br \/>\nYaz\u0131l\u0131rs\u0131n ayaza \u00e7ekilen taraf\u0131ndan ad\u0131 a\u015fk olur<\/p>\n<p>A\u015fk, a\u015fk, a\u015fk\u2026<br \/>\nTozpembe bulutlar \u00fcst\u00fcnde<br \/>\nU\u00e7u\u015fmak mavi mavi \u00fcst\u00fcne\u2026<\/p>\n<p>Hayat bir oyun sahnesinden ibaret de\u011fil midir?<br \/>\nA\u00e7\u0131l\u0131r perde\u2026<\/p>\n","protected":false},"excerpt":{"rendered":"<p>Ate\u015f olur i\u00e7in, da\u011f olur, orman D\u00fc\u015fe yazars\u0131n baharlara bazen k\u0131\u015flara Yaz\u0131l\u0131rs\u0131n ayaza \u00e7ekilen taraf\u0131ndan ad\u0131 a\u015fk olur A\u015fk, a\u015fk, a\u015fk\u2026 Tozpembe bulutlar \u00fcst\u00fcnde U\u00e7u\u015fmak mavi mavi \u00fcst\u00fcne\u2026 Hayat bir oyun sahnesinden ibaret de\u011fil midir? A\u00e7\u0131l\u0131r perde\u2026<\/p>\n","protected":false},"featured_media":22364,"comment_status":"closed","ping_status":"closed","template":"","meta":[],"product_brand":[],"product_cat":[22],"product_tag":[],"class_list":{"0":"post-22363","1":"product","2":"type-product","3":"status-publish","4":"has-post-thumbnail","6":"product_cat-siir","8":"first","9":"instock","10":"sale","11":"shipping-taxable","12":"purchasable","13":"product-type-simple"},"_links":{"self":[{"href":"https:\/\/kutluyayinevi.com\/magaza\/wp-json\/wp\/v2\/product\/22363","targetHints":{"allow":["GET"]}}],"collection":[{"href":"https:\/\/kutluyayinevi.com\/magaza\/wp-json\/wp\/v2\/product"}],"about":[{"href":"https:\/\/kutluyayinevi.com\/magaza\/wp-json\/wp\/v2\/types\/product"}],"replies":[{"embeddable":true,"href":"https:\/\/kutluyayinevi.com\/magaza\/wp-json\/wp\/v2\/comments?post=22363"}],"wp:featuredmedia":[{"embeddable":true,"href":"https:\/\/kutluyayinevi.com\/magaza\/wp-json\/wp\/v2\/media\/22364"}],"wp:attachment":[{"href":"https:\/\/kutluyayinevi.com\/magaza\/wp-json\/wp\/v2\/media?parent=22363"}],"wp:term":[{"taxonomy":"product_brand","embeddable":true,"href":"https:\/\/kutluyayinevi.com\/magaza\/wp-json\/wp\/v2\/product_brand?post=22363"},{"taxonomy":"product_cat","embeddable":true,"href":"https:\/\/kutluyayinevi.com\/magaza\/wp-json\/wp\/v2\/product_cat?post=22363"},{"taxonomy":"product_tag","embeddable":true,"href":"https:\/\/kutluyayinevi.com\/magaza\/wp-json\/wp\/v2\/product_tag?post=22363"}],"curies":[{"name":"wp","href":"https:\/\/api.w.org\/{rel}","templated":true}]}}