{"id":22375,"date":"2023-06-13T13:26:10","date_gmt":"2023-06-13T10:26:10","guid":{"rendered":"https:\/\/kutluyayinevi.com\/magaza\/?post_type=product&#038;p=22375"},"modified":"2026-02-23T11:19:26","modified_gmt":"2026-02-23T08:19:26","slug":"yol-kenari-yahya-selbi","status":"publish","type":"product","link":"https:\/\/kutluyayinevi.com\/magaza\/urun\/yol-kenari-yahya-selbi\/","title":{"rendered":"Yol Kenar\u0131 &#8211; Yahya Selbi"},"content":{"rendered":"<p>\u015e\u00fcphesiz ki 1+1 = 10 dedi\u011fimde bir \u00e7ok insanlar taraf\u0131ndan \u00e7ok \u015fiddetli ele\u015ftiri sald\u0131r\u0131s\u0131na maruz kalaca\u011f\u0131m. \u00c7\u00fcnk\u00fc denklemde ne demek istedi\u011fim ya idrak edilmedi ya da tam anlamak i\u00e7in yetersiz bilgi ile yanl\u0131\u015f anla\u015f\u0131ld\u0131. Bu nedenle hayat\u0131m\u0131zdaki en \u00e7ok sorunlar bilgisizlikten kaynaklanmaktad\u0131r ve etkili bir bi\u00e7imde fikir uyumsuzluk ve \u00e7ak\u0131\u015fmas\u0131na yol a\u00e7maktad\u0131r. Dolay\u0131s\u0131yla g\u00fcnl\u00fck hayat\u0131m\u0131zda insanlar de\u011fi\u015fik konular \u00fczerinde tart\u0131\u015fmaktad\u0131rlar ve bu tart\u0131\u015fmalar, taraflar\u0131n bilgi ve hayat tecr\u00fcbesi a\u00e7\u0131s\u0131ndan seviye ve d\u00fc\u015f\u00fcnce fark\u0131ndan meydana gelmektedir. \u0130nsano\u011flu \u00f6\u011freneme yetene\u011fine sahip en \u00fcst dereceli bir varl\u0131kt\u0131r. \u00d6\u011frenme yollar\u0131ndan en kolay\u0131 ba\u015fkalar\u0131n\u0131n hayat tecr\u00fcbelerinden ve fikirlerinden bilgi edinmektir. Bunun en yayg\u0131n \u00f6rne\u011fi okumakt\u0131r. Yol kenar\u0131 \u00e7al\u0131\u015fmamda ya\u015famdan de\u011fi\u015fik konularla ilgili d\u00fc\u015f\u00fcncelerim ile bak\u0131\u015f a\u00e7\u0131m\u0131 yans\u0131tan ve yazd\u0131klar\u0131mdan toplad\u0131\u011f\u0131m ister \u015fiir tarz\u0131 isterse k\u0131sa s\u00f6z olarak ufac\u0131k bir kitap haline gelmi\u015ftir. Umar\u0131m ikinci yeni bir kitap i\u00e7in bir ba\u015flang\u0131\u00e7 olur. T\u00fcm okuyucular\u0131ma sa\u011fl\u0131kl\u0131, huzurlu ve gayesi g\u00fczel bir hayat dile\u011fiyle.<\/p>\n","protected":false},"excerpt":{"rendered":"<p>\u015e\u00fcphesiz ki 1+1 = 10 dedi\u011fimde bir \u00e7ok insanlar taraf\u0131ndan \u00e7ok \u015fiddetli ele\u015ftiri sald\u0131r\u0131s\u0131na maruz kalaca\u011f\u0131m. \u00c7\u00fcnk\u00fc denklemde ne demek istedi\u011fim ya idrak edilmedi ya da tam anlamak i\u00e7in yetersiz bilgi ile yanl\u0131\u015f anla\u015f\u0131ld\u0131. Bu nedenle hayat\u0131m\u0131zdaki en \u00e7ok sorunlar bilgisizlikten kaynaklanmaktad\u0131r ve etkili bir bi\u00e7imde fikir uyumsuzluk ve \u00e7ak\u0131\u015fmas\u0131na yol a\u00e7maktad\u0131r. Dolay\u0131s\u0131yla g\u00fcnl\u00fck hayat\u0131m\u0131zda [&hellip;]<\/p>\n","protected":false},"featured_media":22376,"comment_status":"closed","ping_status":"closed","template":"","meta":[],"product_brand":[],"product_cat":[22],"product_tag":[],"class_list":{"0":"post-22375","1":"product","2":"type-product","3":"status-publish","4":"has-post-thumbnail","6":"product_cat-siir","8":"first","9":"instock","10":"sale","11":"shipping-taxable","12":"purchasable","13":"product-type-simple"},"_links":{"self":[{"href":"https:\/\/kutluyayinevi.com\/magaza\/wp-json\/wp\/v2\/product\/22375","targetHints":{"allow":["GET"]}}],"collection":[{"href":"https:\/\/kutluyayinevi.com\/magaza\/wp-json\/wp\/v2\/product"}],"about":[{"href":"https:\/\/kutluyayinevi.com\/magaza\/wp-json\/wp\/v2\/types\/product"}],"replies":[{"embeddable":true,"href":"https:\/\/kutluyayinevi.com\/magaza\/wp-json\/wp\/v2\/comments?post=22375"}],"wp:featuredmedia":[{"embeddable":true,"href":"https:\/\/kutluyayinevi.com\/magaza\/wp-json\/wp\/v2\/media\/22376"}],"wp:attachment":[{"href":"https:\/\/kutluyayinevi.com\/magaza\/wp-json\/wp\/v2\/media?parent=22375"}],"wp:term":[{"taxonomy":"product_brand","embeddable":true,"href":"https:\/\/kutluyayinevi.com\/magaza\/wp-json\/wp\/v2\/product_brand?post=22375"},{"taxonomy":"product_cat","embeddable":true,"href":"https:\/\/kutluyayinevi.com\/magaza\/wp-json\/wp\/v2\/product_cat?post=22375"},{"taxonomy":"product_tag","embeddable":true,"href":"https:\/\/kutluyayinevi.com\/magaza\/wp-json\/wp\/v2\/product_tag?post=22375"}],"curies":[{"name":"wp","href":"https:\/\/api.w.org\/{rel}","templated":true}]}}