{"id":22428,"date":"2023-07-24T10:55:05","date_gmt":"2023-07-24T07:55:05","guid":{"rendered":"https:\/\/kutluyayinevi.com\/magaza\/?post_type=product&#038;p=22428"},"modified":"2026-02-23T11:16:30","modified_gmt":"2026-02-23T08:16:30","slug":"yavru-vatandan-antalyaya-ii-umut-ucucu","status":"publish","type":"product","link":"https:\/\/kutluyayinevi.com\/magaza\/urun\/yavru-vatandan-antalyaya-ii-umut-ucucu\/","title":{"rendered":"Yavru Vatandan Antalya&#8217;ya II &#8211; Umut U\u00e7ucu"},"content":{"rendered":"<p>Bir g\u00fcn seninle Kemer\u2019in sahilinin yumu\u015fac\u0131k kumlar\u0131nda bulu\u015fal\u0131m. Orada ba\u015f ba\u015fa, diz dize, y\u00fcrek y\u00fcre\u011fe otururken \u00e7antam\u0131zdan ka\u011f\u0131t ve kalemlerimizi \u00e7\u0131kar\u0131p yeni bir kitap yazmaya ba\u015flayal\u0131m. Arkam\u0131zda\u00a0<em><strong>Yeniden De Sevebiliriz<\/strong><\/em>\u00a0\u00e7als\u0131n, \u00f6n\u00fcm\u00fczde g\u00fczel\u00a0<em><strong>Akdeniz<\/strong><\/em>\u00a0uzans\u0131n.<\/p>\n<p>Kitab\u0131n sonunda ya\u015fl\u0131 bir adam ve sa\u00e7lar\u0131 beyazlam\u0131\u015f bir kad\u0131n yan yana oturmu\u015f, biricik torunlar\u0131n\u0131n iki k\u00fc\u00e7\u00fck kani\u015fle salonun ortas\u0131ndaki hal\u0131da b\u00fcy\u00fck bir ne\u015fe ve mutlulukla kahkahalar atarak yuvarlan\u0131\u015f\u0131n\u0131 izliyor olsunlar.<\/p>\n<p>\u00c7\u00fcnk\u00fc bizim roman\u0131m\u0131za b\u00f6ylesi bir final yak\u0131\u015f\u0131r.<\/p>\n","protected":false},"excerpt":{"rendered":"<p>Bir g\u00fcn seninle Kemer\u2019in sahilinin yumu\u015fac\u0131k kumlar\u0131nda bulu\u015fal\u0131m. Orada ba\u015f ba\u015fa, diz dize, y\u00fcrek y\u00fcre\u011fe otururken \u00e7antam\u0131zdan ka\u011f\u0131t ve kalemlerimizi \u00e7\u0131kar\u0131p yeni bir kitap yazmaya ba\u015flayal\u0131m. Arkam\u0131zda\u00a0Yeniden De Sevebiliriz\u00a0\u00e7als\u0131n, \u00f6n\u00fcm\u00fczde g\u00fczel\u00a0Akdeniz\u00a0uzans\u0131n. Kitab\u0131n sonunda ya\u015fl\u0131 bir adam ve sa\u00e7lar\u0131 beyazlam\u0131\u015f bir kad\u0131n yan yana oturmu\u015f, biricik torunlar\u0131n\u0131n iki k\u00fc\u00e7\u00fck kani\u015fle salonun ortas\u0131ndaki hal\u0131da b\u00fcy\u00fck bir ne\u015fe [&hellip;]<\/p>\n","protected":false},"featured_media":22430,"comment_status":"closed","ping_status":"closed","template":"","meta":[],"product_brand":[],"product_cat":[26],"product_tag":[],"class_list":{"0":"post-22428","1":"product","2":"type-product","3":"status-publish","4":"has-post-thumbnail","6":"product_cat-deneme","8":"first","9":"instock","10":"sale","11":"shipping-taxable","12":"purchasable","13":"product-type-simple"},"_links":{"self":[{"href":"https:\/\/kutluyayinevi.com\/magaza\/wp-json\/wp\/v2\/product\/22428","targetHints":{"allow":["GET"]}}],"collection":[{"href":"https:\/\/kutluyayinevi.com\/magaza\/wp-json\/wp\/v2\/product"}],"about":[{"href":"https:\/\/kutluyayinevi.com\/magaza\/wp-json\/wp\/v2\/types\/product"}],"replies":[{"embeddable":true,"href":"https:\/\/kutluyayinevi.com\/magaza\/wp-json\/wp\/v2\/comments?post=22428"}],"wp:featuredmedia":[{"embeddable":true,"href":"https:\/\/kutluyayinevi.com\/magaza\/wp-json\/wp\/v2\/media\/22430"}],"wp:attachment":[{"href":"https:\/\/kutluyayinevi.com\/magaza\/wp-json\/wp\/v2\/media?parent=22428"}],"wp:term":[{"taxonomy":"product_brand","embeddable":true,"href":"https:\/\/kutluyayinevi.com\/magaza\/wp-json\/wp\/v2\/product_brand?post=22428"},{"taxonomy":"product_cat","embeddable":true,"href":"https:\/\/kutluyayinevi.com\/magaza\/wp-json\/wp\/v2\/product_cat?post=22428"},{"taxonomy":"product_tag","embeddable":true,"href":"https:\/\/kutluyayinevi.com\/magaza\/wp-json\/wp\/v2\/product_tag?post=22428"}],"curies":[{"name":"wp","href":"https:\/\/api.w.org\/{rel}","templated":true}]}}