{"id":22479,"date":"2023-08-26T18:04:31","date_gmt":"2023-08-26T15:04:31","guid":{"rendered":"https:\/\/kutluyayinevi.com\/magaza\/?post_type=product&#038;p=22479"},"modified":"2026-02-23T10:39:39","modified_gmt":"2026-02-23T07:39:39","slug":"turkce-hutbeler-harun-ors","status":"publish","type":"product","link":"https:\/\/kutluyayinevi.com\/magaza\/urun\/turkce-hutbeler-harun-ors\/","title":{"rendered":"T\u00fcrk\u00e7e Hutbeler &#8211; Harun \u00d6rs"},"content":{"rendered":"<div class=\"comment-container\">\n<div class=\"action-comment can-view-video markeddown js-comment is-comments-rewrite\" dir=\"auto\">\n<div class=\"current-comment js-friendly-links js-open-card\">\n<p>Hat\u0131rdan \u00e7\u0131kmamal\u0131 ki: \u00d6l\u00fcm ya\u015fa ba\u015fa bakmaz. Ecel gelince ihtiyar\u0131 genci ay\u0131rt etmez. \u0130nsan: \u201cDaha dur bakal\u0131m \u00f6yle \u015feyler bana ne kadar uzak.\u201d Derken hi\u00e7 ummad\u0131\u011f\u0131 bir s\u0131rada \u00f6l\u00fcm adam\u0131n yakas\u0131na bitiverir. O vakit insan\u0131n ayaklar\u0131 suya erer ama i\u015f i\u015ften ge\u00e7er. O zaman d\u00f6v\u00fcnmek, pi\u015fman olmak faide vermez.<\/p>\n<p>\u0130yisi mi insan \u015fimdiden akl\u0131n\u0131 ba\u015f\u0131na almal\u0131! Bu d\u00fcnyaya ne i\u00e7in geldi\u011fini bilip de ona g\u00f6re davranmal\u0131 ve iyice bilmeli ki: bu f\u0131rsat her vakit ele ge\u00e7mez; aba vakti aba alan, yaba vakti yaba alanda hi\u00e7bir zaman aldanmaz\u2026<\/p>\n<\/div>\n<\/div>\n<\/div>\n","protected":false},"excerpt":{"rendered":"<p>Hat\u0131rdan \u00e7\u0131kmamal\u0131 ki: \u00d6l\u00fcm ya\u015fa ba\u015fa bakmaz. Ecel gelince ihtiyar\u0131 genci ay\u0131rt etmez. \u0130nsan: \u201cDaha dur bakal\u0131m \u00f6yle \u015feyler bana ne kadar uzak.\u201d Derken hi\u00e7 ummad\u0131\u011f\u0131 bir s\u0131rada \u00f6l\u00fcm adam\u0131n yakas\u0131na bitiverir. O vakit insan\u0131n ayaklar\u0131 suya erer ama i\u015f i\u015ften ge\u00e7er. O zaman d\u00f6v\u00fcnmek, pi\u015fman olmak faide vermez. \u0130yisi mi insan \u015fimdiden akl\u0131n\u0131 ba\u015f\u0131na [&hellip;]<\/p>\n","protected":false},"featured_media":22480,"comment_status":"closed","ping_status":"closed","template":"","meta":[],"product_brand":[],"product_cat":[19],"product_tag":[],"class_list":{"0":"post-22479","1":"product","2":"type-product","3":"status-publish","4":"has-post-thumbnail","6":"product_cat-din-tasavvuf","8":"first","9":"instock","10":"sale","11":"shipping-taxable","12":"purchasable","13":"product-type-simple"},"_links":{"self":[{"href":"https:\/\/kutluyayinevi.com\/magaza\/wp-json\/wp\/v2\/product\/22479","targetHints":{"allow":["GET"]}}],"collection":[{"href":"https:\/\/kutluyayinevi.com\/magaza\/wp-json\/wp\/v2\/product"}],"about":[{"href":"https:\/\/kutluyayinevi.com\/magaza\/wp-json\/wp\/v2\/types\/product"}],"replies":[{"embeddable":true,"href":"https:\/\/kutluyayinevi.com\/magaza\/wp-json\/wp\/v2\/comments?post=22479"}],"wp:featuredmedia":[{"embeddable":true,"href":"https:\/\/kutluyayinevi.com\/magaza\/wp-json\/wp\/v2\/media\/22480"}],"wp:attachment":[{"href":"https:\/\/kutluyayinevi.com\/magaza\/wp-json\/wp\/v2\/media?parent=22479"}],"wp:term":[{"taxonomy":"product_brand","embeddable":true,"href":"https:\/\/kutluyayinevi.com\/magaza\/wp-json\/wp\/v2\/product_brand?post=22479"},{"taxonomy":"product_cat","embeddable":true,"href":"https:\/\/kutluyayinevi.com\/magaza\/wp-json\/wp\/v2\/product_cat?post=22479"},{"taxonomy":"product_tag","embeddable":true,"href":"https:\/\/kutluyayinevi.com\/magaza\/wp-json\/wp\/v2\/product_tag?post=22479"}],"curies":[{"name":"wp","href":"https:\/\/api.w.org\/{rel}","templated":true}]}}