{"id":22513,"date":"2023-09-18T19:39:02","date_gmt":"2023-09-18T16:39:02","guid":{"rendered":"https:\/\/kutluyayinevi.com\/magaza\/?post_type=product&#038;p=22513"},"modified":"2026-02-20T13:06:29","modified_gmt":"2026-02-20T10:06:29","slug":"malcolm-x-yunus-emre-halvali","status":"publish","type":"product","link":"https:\/\/kutluyayinevi.com\/magaza\/urun\/malcolm-x-yunus-emre-halvali\/","title":{"rendered":"Malcolm X &#8211; Yunus Emre Halval\u0131"},"content":{"rendered":"<div class=\"comment-container\">\n<div class=\"action-comment can-view-video markeddown js-comment is-comments-rewrite\" dir=\"auto\">\n<div class=\"current-comment js-friendly-links js-open-card\">\n<p>\u201cBen ger\u00e7e\u011fin pe\u015findeyim. Kimin s\u00f6yledi\u011fi \u00f6nemli de\u011fil. Ben adaletin pe\u015findeyim. Kim i\u00e7in veya kime kar\u015f\u0131 oldu\u011fu \u00f6nemli de\u011fil.\u201d<\/p>\n<p>Malcolm X<\/p>\n<\/div>\n<\/div>\n<\/div>\n","protected":false},"excerpt":{"rendered":"<div class=\"comment-container\">\n<div class=\"action-comment can-view-video markeddown js-comment is-comments-rewrite\" dir=\"auto\">\n<div class=\"current-comment js-friendly-links js-open-card\">\n<p>\u201cBen ger\u00e7e\u011fin pe\u015findeyim. Kimin s\u00f6yledi\u011fi \u00f6nemli de\u011fil. Ben adaletin pe\u015findeyim. Kim i\u00e7in veya kime kar\u015f\u0131 oldu\u011fu \u00f6nemli de\u011fil.\u201d<\/p>\n<p>Malcolm X<\/p>\n<\/div>\n<\/div>\n<\/div>\n","protected":false},"featured_media":22514,"comment_status":"closed","ping_status":"closed","template":"","meta":[],"product_brand":[],"product_cat":[31],"product_tag":[],"class_list":{"0":"post-22513","1":"product","2":"type-product","3":"status-publish","4":"has-post-thumbnail","6":"product_cat-yasamoykusu","8":"first","9":"instock","10":"sale","11":"shipping-taxable","12":"purchasable","13":"product-type-simple"},"_links":{"self":[{"href":"https:\/\/kutluyayinevi.com\/magaza\/wp-json\/wp\/v2\/product\/22513","targetHints":{"allow":["GET"]}}],"collection":[{"href":"https:\/\/kutluyayinevi.com\/magaza\/wp-json\/wp\/v2\/product"}],"about":[{"href":"https:\/\/kutluyayinevi.com\/magaza\/wp-json\/wp\/v2\/types\/product"}],"replies":[{"embeddable":true,"href":"https:\/\/kutluyayinevi.com\/magaza\/wp-json\/wp\/v2\/comments?post=22513"}],"wp:featuredmedia":[{"embeddable":true,"href":"https:\/\/kutluyayinevi.com\/magaza\/wp-json\/wp\/v2\/media\/22514"}],"wp:attachment":[{"href":"https:\/\/kutluyayinevi.com\/magaza\/wp-json\/wp\/v2\/media?parent=22513"}],"wp:term":[{"taxonomy":"product_brand","embeddable":true,"href":"https:\/\/kutluyayinevi.com\/magaza\/wp-json\/wp\/v2\/product_brand?post=22513"},{"taxonomy":"product_cat","embeddable":true,"href":"https:\/\/kutluyayinevi.com\/magaza\/wp-json\/wp\/v2\/product_cat?post=22513"},{"taxonomy":"product_tag","embeddable":true,"href":"https:\/\/kutluyayinevi.com\/magaza\/wp-json\/wp\/v2\/product_tag?post=22513"}],"curies":[{"name":"wp","href":"https:\/\/api.w.org\/{rel}","templated":true}]}}