{"id":22549,"date":"2023-10-23T16:34:24","date_gmt":"2023-10-23T13:34:24","guid":{"rendered":"https:\/\/kutluyayinevi.com\/magaza\/?post_type=product&#038;p=22549"},"modified":"2026-02-23T10:59:08","modified_gmt":"2026-02-23T07:59:08","slug":"uzun-yastik-haluk-gonullu","status":"publish","type":"product","link":"https:\/\/kutluyayinevi.com\/magaza\/urun\/uzun-yastik-haluk-gonullu\/","title":{"rendered":"Uzun Yast\u0131k &#8211; Haluk G\u00f6n\u00fcll\u00fc"},"content":{"rendered":"<p>\u00d6yk\u00fc; ya\u015fanm\u0131\u015f veya ya\u015fanmas\u0131 muhtemel olaylar\u0131n yer, zaman, ki\u015fi ve olay ak\u0131\u015f\u0131 i\u00e7inde verilmesidir. Bu kitapta, ya\u015fanm\u0131\u015f olaylar\u0131n bir kurgu potas\u0131nda harmanlan\u0131p sizlere ula\u015ft\u0131\u011f\u0131n\u0131 g\u00f6receksiniz. \u00dcstatlar gibi sihirli s\u00f6z sanatlar\u0131, aforizmalar ve s\u00f6z\u00fcn en tesirli \u015fekillerini kullanamad\u0131k belki. Haddimizi biliyoruz elbet. Amac\u0131m\u0131z ne o zaman?<br \/>\nAmac\u0131m\u0131z, didaktik \u00f6yk\u00fcler kaleme al\u0131p yediden yetmi\u015fe her okuyucuya hitap etmek. Kadim \u0130stanbul ve Anadolu topraklar\u0131ndaki ya\u015fant\u0131lar, Osmanl\u0131 Devleti ve T\u00fcrkiye Cumhuriyeti\u2019ne ait tarihi d\u00f6n\u00fcm noktalar\u0131, co\u011frafya ve ya\u015fama dair genel k\u00fclt\u00fcr bilgilerini i\u00e7eren \u00f6yk\u00fcler\u2026 Eskilerin deyimiyle \u201ck\u0131rkambar\u201d olu\u015fturma gayretindeyiz. Okuyucular\u0131n, bu \u00f6yk\u00fclerin farkl\u0131 d\u00fcnyalar\u0131na girip onlardan keyif ve bilgi almalar\u0131n\u0131n \u00e7abas\u0131nday\u0131z.<\/p>\n","protected":false},"excerpt":{"rendered":"<p>\u00d6yk\u00fc; ya\u015fanm\u0131\u015f veya ya\u015fanmas\u0131 muhtemel olaylar\u0131n yer, zaman, ki\u015fi ve olay ak\u0131\u015f\u0131 i\u00e7inde verilmesidir. Bu kitapta, ya\u015fanm\u0131\u015f olaylar\u0131n bir kurgu potas\u0131nda harmanlan\u0131p sizlere ula\u015ft\u0131\u011f\u0131n\u0131 g\u00f6receksiniz. \u00dcstatlar gibi sihirli s\u00f6z sanatlar\u0131, aforizmalar ve s\u00f6z\u00fcn en tesirli \u015fekillerini kullanamad\u0131k belki. Haddimizi biliyoruz elbet. Amac\u0131m\u0131z ne o zaman? Amac\u0131m\u0131z, didaktik \u00f6yk\u00fcler kaleme al\u0131p yediden yetmi\u015fe her okuyucuya hitap [&hellip;]<\/p>\n","protected":false},"featured_media":22550,"comment_status":"closed","ping_status":"closed","template":"","meta":[],"product_brand":[],"product_cat":[107],"product_tag":[],"class_list":{"0":"post-22549","1":"product","2":"type-product","3":"status-publish","4":"has-post-thumbnail","6":"product_cat-oyku","8":"first","9":"instock","10":"sale","11":"shipping-taxable","12":"purchasable","13":"product-type-simple"},"_links":{"self":[{"href":"https:\/\/kutluyayinevi.com\/magaza\/wp-json\/wp\/v2\/product\/22549","targetHints":{"allow":["GET"]}}],"collection":[{"href":"https:\/\/kutluyayinevi.com\/magaza\/wp-json\/wp\/v2\/product"}],"about":[{"href":"https:\/\/kutluyayinevi.com\/magaza\/wp-json\/wp\/v2\/types\/product"}],"replies":[{"embeddable":true,"href":"https:\/\/kutluyayinevi.com\/magaza\/wp-json\/wp\/v2\/comments?post=22549"}],"wp:featuredmedia":[{"embeddable":true,"href":"https:\/\/kutluyayinevi.com\/magaza\/wp-json\/wp\/v2\/media\/22550"}],"wp:attachment":[{"href":"https:\/\/kutluyayinevi.com\/magaza\/wp-json\/wp\/v2\/media?parent=22549"}],"wp:term":[{"taxonomy":"product_brand","embeddable":true,"href":"https:\/\/kutluyayinevi.com\/magaza\/wp-json\/wp\/v2\/product_brand?post=22549"},{"taxonomy":"product_cat","embeddable":true,"href":"https:\/\/kutluyayinevi.com\/magaza\/wp-json\/wp\/v2\/product_cat?post=22549"},{"taxonomy":"product_tag","embeddable":true,"href":"https:\/\/kutluyayinevi.com\/magaza\/wp-json\/wp\/v2\/product_tag?post=22549"}],"curies":[{"name":"wp","href":"https:\/\/api.w.org\/{rel}","templated":true}]}}