{"id":22552,"date":"2023-10-23T16:42:47","date_gmt":"2023-10-23T13:42:47","guid":{"rendered":"https:\/\/kutluyayinevi.com\/magaza\/?post_type=product&#038;p=22552"},"modified":"2026-02-19T14:08:48","modified_gmt":"2026-02-19T11:08:48","slug":"baskasi-tugrul-celik","status":"publish","type":"product","link":"https:\/\/kutluyayinevi.com\/magaza\/urun\/baskasi-tugrul-celik\/","title":{"rendered":"Ba\u015fkas\u0131 &#8211; Tu\u011frul \u00c7elik"},"content":{"rendered":"<p data-pm-slice=\"0 0 []\">Aktar\u0131lacak olan \u00f6yk\u00fcy\u00fc g\u00f6nderen ki\u015finin notuyla ilk kez okudu\u011fumda \u00f6nemli bir bulu\u015f yapm\u0131\u015f olabilece\u011fimizin fark\u0131na vard\u0131m; bu nedenle \u00f6yk\u00fcn\u00fcn bizim ve mistoloji ile u\u011fra\u015fan herkesin \u00f6nem verece\u011fi de\u011ferli bir par\u00e7a olarak g\u00f6r\u00fcyorum. G\u00f6nderenin notunda yazana g\u00f6re \u00f6yk\u00fc kendisinin yak\u0131n\u0131 taraf\u0131ndan yaz\u0131lm\u0131\u015f, herhangi bir yerde yay\u0131nlanmam\u0131\u015ft\u0131r. G\u00f6nderen ki\u015fi ile ileti\u015fime ge\u00e7ti\u011fimizde s\u00f6z konusu yak\u0131n\u0131n\u0131n mistoloji hakk\u0131nda bilgisi olmad\u0131\u011f\u0131n\u0131, yak\u0131n\u0131n\u0131n do\u011fa\u00fcst\u00fc olarak adland\u0131r\u0131lan varl\u0131klara inanmayan birisi oldu\u011funu bildirdi, \u00f6yk\u00fc de bunu do\u011frulayacak niteliktedir; ayn\u0131 zamanda \u00f6yk\u00fcn\u00fcn ger\u00e7ek oldu\u011fu \u00fczerine yeterince kan\u0131t elde ettik. \u00d6yk\u00fcn\u00fcn anahtar s\u00f6zc\u00fc\u011f\u00fc, a\u00e7\u0131klayamad\u0131\u011f\u0131 bir durumdayken zavall\u0131 mant\u0131\u011f\u0131n kullanabildi\u011fi az say\u0131da silahlardan birisidir: Reddetmek. \u00d6yk\u00fcdeki ki\u015fi adlar\u0131 gizlilik kurallar\u0131 gere\u011fi de\u011fi\u015ftirilmi\u015f, bununla birlikte \u00f6yk\u00fcn\u00fcn ge\u00e7ti\u011fi yer ad\u0131 \u00f6yk\u00fcden \u00e7\u0131kart\u0131lm\u0131\u015ft\u0131r. G\u00f6nderen ki\u015finin ad\u0131n\u0131 a\u00e7\u0131klamadan, kendisine giri\u015fiminden dolay\u0131 yolumuzu ayd\u0131nlatm\u0131\u015f oldu\u011fu i\u00e7in te\u015fekk\u00fcr\u00fc bor\u00e7 bilirim.<br \/>\n<em>T\u00fcrkiye Mistoloji Kurumu Ba\u015fkan\u0131 Ya\u011fmur Oktan<\/em><\/p>\n","protected":false},"excerpt":{"rendered":"<p>Aktar\u0131lacak olan \u00f6yk\u00fcy\u00fc g\u00f6nderen ki\u015finin notuyla ilk kez okudu\u011fumda \u00f6nemli bir bulu\u015f yapm\u0131\u015f olabilece\u011fimizin fark\u0131na vard\u0131m; bu nedenle \u00f6yk\u00fcn\u00fcn bizim ve mistoloji ile u\u011fra\u015fan herkesin \u00f6nem verece\u011fi de\u011ferli bir par\u00e7a olarak g\u00f6r\u00fcyorum. G\u00f6nderenin notunda yazana g\u00f6re \u00f6yk\u00fc kendisinin yak\u0131n\u0131 taraf\u0131ndan yaz\u0131lm\u0131\u015f, herhangi bir yerde yay\u0131nlanmam\u0131\u015ft\u0131r. G\u00f6nderen ki\u015fi ile ileti\u015fime ge\u00e7ti\u011fimizde s\u00f6z konusu yak\u0131n\u0131n\u0131n mistoloji hakk\u0131nda [&hellip;]<\/p>\n","protected":false},"featured_media":22553,"comment_status":"closed","ping_status":"closed","template":"","meta":[],"product_brand":[],"product_cat":[107],"product_tag":[],"class_list":{"0":"post-22552","1":"product","2":"type-product","3":"status-publish","4":"has-post-thumbnail","6":"product_cat-oyku","8":"first","9":"instock","10":"sale","11":"shipping-taxable","12":"purchasable","13":"product-type-simple"},"_links":{"self":[{"href":"https:\/\/kutluyayinevi.com\/magaza\/wp-json\/wp\/v2\/product\/22552","targetHints":{"allow":["GET"]}}],"collection":[{"href":"https:\/\/kutluyayinevi.com\/magaza\/wp-json\/wp\/v2\/product"}],"about":[{"href":"https:\/\/kutluyayinevi.com\/magaza\/wp-json\/wp\/v2\/types\/product"}],"replies":[{"embeddable":true,"href":"https:\/\/kutluyayinevi.com\/magaza\/wp-json\/wp\/v2\/comments?post=22552"}],"wp:featuredmedia":[{"embeddable":true,"href":"https:\/\/kutluyayinevi.com\/magaza\/wp-json\/wp\/v2\/media\/22553"}],"wp:attachment":[{"href":"https:\/\/kutluyayinevi.com\/magaza\/wp-json\/wp\/v2\/media?parent=22552"}],"wp:term":[{"taxonomy":"product_brand","embeddable":true,"href":"https:\/\/kutluyayinevi.com\/magaza\/wp-json\/wp\/v2\/product_brand?post=22552"},{"taxonomy":"product_cat","embeddable":true,"href":"https:\/\/kutluyayinevi.com\/magaza\/wp-json\/wp\/v2\/product_cat?post=22552"},{"taxonomy":"product_tag","embeddable":true,"href":"https:\/\/kutluyayinevi.com\/magaza\/wp-json\/wp\/v2\/product_tag?post=22552"}],"curies":[{"name":"wp","href":"https:\/\/api.w.org\/{rel}","templated":true}]}}