{"id":22558,"date":"2023-10-26T16:57:11","date_gmt":"2023-10-26T13:57:11","guid":{"rendered":"https:\/\/kutluyayinevi.com\/magaza\/?post_type=product&#038;p=22558"},"modified":"2023-10-26T16:57:12","modified_gmt":"2023-10-26T13:57:12","slug":"kanal-istanbul-halil-onder-ersoz","status":"publish","type":"product","link":"https:\/\/kutluyayinevi.com\/magaza\/urun\/kanal-istanbul-halil-onder-ersoz\/","title":{"rendered":"Kanal \u0130stanbul &#8211; Halil \u00d6nder Ers\u00f6z"},"content":{"rendered":"<p data-pm-slice=\"0 0 []\">\u00d6yle uzaklara bakm\u0131\u015ft\u0131 ki o e\u015fk\u0131yay\u0131 anlat\u0131rken, \u00f6yle sesi titremi\u015fti ki, ve \u00f6yle dolmu\u015ftu ki g\u00f6zleri, sanki birer damla da ya\u015f akm\u0131\u015ft\u0131 g\u00f6z p\u0131narlar\u0131ndan, sanki eski bir e\u015fk\u0131yay\u0131 de\u011fil, eski bir sevgiliyi anlat\u0131yordu. \u201cAma i\u015ftirakiyuncular b\u00f6yle demiyor. Onlar herkesin e\u015fit ve h\u00fcr olaca\u011f\u0131 bir d\u00fczen m\u00fcmk\u00fcn diyorlar\u201d diye at\u0131ld\u0131 k\u00fc\u00e7\u00fck \u015eaban, \u00e7ok \u015fa\u015f\u0131rm\u0131\u015ft\u0131 Halide Han\u0131m, \u201cAman o\u011flum, Recep Bey duymas\u0131n seni, yoksa bu k\u00fc\u00e7\u00fck ya\u015f\u0131na bakmazlar, Silivri\u2019de al\u0131rs\u0131n solu\u011fu maazallah\u201d. \u201cNe var ki Silivri\u2019de?\u201d diye sordu, g\u00f6zlerini uzaklara dikti Halide Han\u0131m, tabakas\u0131ndan bir sigara daha \u00e7\u0131kart\u0131p a\u011f\u0131zl\u0131\u011f\u0131na yerle\u015ftirdi, k\u00fc\u00e7\u00fck \u015eaban\u2019\u0131n sonradan Adnan Bey oldu\u011funu \u00f6\u011frenece\u011fi beyefendi uzan\u0131p benzinli \u00e7akma\u011f\u0131yla yakt\u0131 sigaras\u0131n\u0131, \u201cSilivri\u2019de ne oldu\u011funu bilmek istemezsin \u00e7ocuk. \u0130nan ki istemezsin.\u201d<\/p>\n<p>***<\/p>\n<p>\u201c\u00c7ok enteresan bir hikaye\u201d dedi Mican, \u201cAma sa\u00e7ma. \u0130stanbul Bo\u011faz\u0131 varken hangi salak d\u00fcnyan\u0131n paras\u0131n\u0131 harcay\u0131p ikinci bir kanal yapmakla u\u011fra\u015f\u0131r?\u201d<\/p>\n<p>\u201cAptal olma!\u201d diye s\u00f6ze kar\u0131\u015ft\u0131 Marsel, onu kaba bir bi\u00e7imde azarlayarak, \u201cSovyetler 1974\u2019te K\u0131br\u0131s\u2019taki T\u00fcrkleri korumak i\u00e7in adaya askeri harekat d\u00fczenledi\u011finde, Akrotiri \u0130ngiliz \u00fcss\u00fcn\u00fcn s\u0131n\u0131r\u0131na geldiklerinde az daha \u00fc\u00e7\u00fcnc\u00fc d\u00fcnya sava\u015f\u0131 \u00e7\u0131k\u0131yordu. \u0130ngiltere ve Fransa, Ruslar\u0131n Akdeniz\u2019deki sald\u0131rganl\u0131klar\u0131n\u0131 dizginlemek i\u00e7in \u00c7anakkale Bo\u011faz\u0131\u2019ndan ge\u00e7i\u015fleri kapatt\u0131\u011f\u0131nda, Sovyetler Birli\u011fi de \u0130stanbul Bo\u011faz\u0131\u2019ndan ge\u00e7i\u015fleri kapatt\u0131.<\/p>\n","protected":false},"excerpt":{"rendered":"<p>\u00d6yle uzaklara bakm\u0131\u015ft\u0131 ki o e\u015fk\u0131yay\u0131 anlat\u0131rken, \u00f6yle sesi titremi\u015fti ki, ve \u00f6yle dolmu\u015ftu ki g\u00f6zleri, sanki birer damla da ya\u015f akm\u0131\u015ft\u0131 g\u00f6z p\u0131narlar\u0131ndan, sanki eski bir e\u015fk\u0131yay\u0131 de\u011fil, eski bir sevgiliyi anlat\u0131yordu. \u201cAma i\u015ftirakiyuncular b\u00f6yle demiyor. Onlar herkesin e\u015fit ve h\u00fcr olaca\u011f\u0131 bir d\u00fczen m\u00fcmk\u00fcn diyorlar\u201d diye at\u0131ld\u0131 k\u00fc\u00e7\u00fck \u015eaban, \u00e7ok \u015fa\u015f\u0131rm\u0131\u015ft\u0131 Halide Han\u0131m, [&hellip;]<\/p>\n","protected":false},"featured_media":22559,"comment_status":"closed","ping_status":"closed","template":"","meta":[],"product_brand":[],"product_cat":[24],"product_tag":[],"class_list":{"0":"post-22558","1":"product","2":"type-product","3":"status-publish","4":"has-post-thumbnail","6":"product_cat-roman","8":"first","9":"instock","10":"sale","11":"shipping-taxable","12":"purchasable","13":"product-type-simple"},"_links":{"self":[{"href":"https:\/\/kutluyayinevi.com\/magaza\/wp-json\/wp\/v2\/product\/22558","targetHints":{"allow":["GET"]}}],"collection":[{"href":"https:\/\/kutluyayinevi.com\/magaza\/wp-json\/wp\/v2\/product"}],"about":[{"href":"https:\/\/kutluyayinevi.com\/magaza\/wp-json\/wp\/v2\/types\/product"}],"replies":[{"embeddable":true,"href":"https:\/\/kutluyayinevi.com\/magaza\/wp-json\/wp\/v2\/comments?post=22558"}],"wp:featuredmedia":[{"embeddable":true,"href":"https:\/\/kutluyayinevi.com\/magaza\/wp-json\/wp\/v2\/media\/22559"}],"wp:attachment":[{"href":"https:\/\/kutluyayinevi.com\/magaza\/wp-json\/wp\/v2\/media?parent=22558"}],"wp:term":[{"taxonomy":"product_brand","embeddable":true,"href":"https:\/\/kutluyayinevi.com\/magaza\/wp-json\/wp\/v2\/product_brand?post=22558"},{"taxonomy":"product_cat","embeddable":true,"href":"https:\/\/kutluyayinevi.com\/magaza\/wp-json\/wp\/v2\/product_cat?post=22558"},{"taxonomy":"product_tag","embeddable":true,"href":"https:\/\/kutluyayinevi.com\/magaza\/wp-json\/wp\/v2\/product_tag?post=22558"}],"curies":[{"name":"wp","href":"https:\/\/api.w.org\/{rel}","templated":true}]}}