{"id":22577,"date":"2023-10-30T16:45:20","date_gmt":"2023-10-30T13:45:20","guid":{"rendered":"https:\/\/kutluyayinevi.com\/magaza\/?post_type=product&#038;p=22577"},"modified":"2026-02-23T10:08:50","modified_gmt":"2026-02-23T07:08:50","slug":"sairin-olumu-her-cagin-masali-fatih-keskin","status":"publish","type":"product","link":"https:\/\/kutluyayinevi.com\/magaza\/urun\/sairin-olumu-her-cagin-masali-fatih-keskin\/","title":{"rendered":"\u015eairin \u00d6l\u00fcm\u00fc (Her \u00c7a\u011f\u0131n Masal\u0131) &#8211; Fatih Keskin"},"content":{"rendered":"<p>Bir tarafta Nef\u00ee, bir tarafta Mik\u00e2il M\u00fc\u015ffik, bir tarafta Anadolu\u2019nun kara g\u00f6zl\u00fc, hilal b\u0131y\u0131kl\u0131 evlad\u0131\u2026 \u015eairler meclisinde bir araya gelen \u015fair g\u00f6n\u00fcll\u00fc ruhlar\u2026<\/p>\n<p>Bir hal\u00fcsinasyonlar serisi mi? Kurgulanm\u0131\u015f roman karakterleri ile r\u00fcya ve k\u00e2buslar\u0131n\u0131 d\u0131\u015f ger\u00e7ekli\u011fe ta\u015f\u0131yan, hat\u0131ralar\u0131n\u0131 kar\u0131\u015ft\u0131ran patolojik bir zihnin yan\u0131lsamalar\u0131 m\u0131? Hissikablelvuku yetene\u011fine sahip a\u015fk\u0131n bir hissiyat m\u0131? Hassas bir insan y\u00fcre\u011finin insanl\u0131k ad\u0131na duydu\u011fu \u0131zd\u0131raplar m\u0131? Yoksa tarih boyunca binlerce kez tekrarlanan bir hakikat destesi mi?<\/p>\n<p>\u015eair g\u00f6n\u00fcll\u00fc insanlar\u0131 yok etmek m\u00fcmk\u00fcn m\u00fcd\u00fcr? Ne diyordu Koca Yunus: \u201c\u00d6l\u00fcr ise ten \u00f6l\u00fcr, canlar \u00f6lesi de\u011fil.\u201d Elhak! Zul\u00fcmler, katliamlar \u015fair s\u00f6z\u00fcn\u00fc daha da \u00e7o\u011falt\u0131r, ebediyete ta\u015f\u0131r ve \u00f6l\u00fcms\u00fcz k\u0131lar.<br \/>\nBu roman ruhsal dengenizi ciddi anlamda sarsacak. Ancak sadece i\u00e7inde iyilik n\u00fcvesi ta\u015f\u0131yan insanlar\u0131n y\u00fcre\u011finde olumlu y\u00f6nde bir k\u0131p\u0131rt\u0131ya yol a\u00e7acak.<\/p>\n<p>Serkan AKIN<\/p>\n","protected":false},"excerpt":{"rendered":"<p>Bir tarafta Nef\u00ee, bir tarafta Mik\u00e2il M\u00fc\u015ffik, bir tarafta Anadolu\u2019nun kara g\u00f6zl\u00fc, hilal b\u0131y\u0131kl\u0131 evlad\u0131\u2026 \u015eairler meclisinde bir araya gelen \u015fair g\u00f6n\u00fcll\u00fc ruhlar\u2026 Bir hal\u00fcsinasyonlar serisi mi? Kurgulanm\u0131\u015f roman karakterleri ile r\u00fcya ve k\u00e2buslar\u0131n\u0131 d\u0131\u015f ger\u00e7ekli\u011fe ta\u015f\u0131yan, hat\u0131ralar\u0131n\u0131 kar\u0131\u015ft\u0131ran patolojik bir zihnin yan\u0131lsamalar\u0131 m\u0131? Hissikablelvuku yetene\u011fine sahip a\u015fk\u0131n bir hissiyat m\u0131? Hassas bir insan y\u00fcre\u011finin [&hellip;]<\/p>\n","protected":false},"featured_media":22578,"comment_status":"closed","ping_status":"closed","template":"","meta":[],"product_brand":[],"product_cat":[24],"product_tag":[],"class_list":{"0":"post-22577","1":"product","2":"type-product","3":"status-publish","4":"has-post-thumbnail","6":"product_cat-roman","8":"first","9":"instock","10":"sale","11":"shipping-taxable","12":"purchasable","13":"product-type-simple"},"_links":{"self":[{"href":"https:\/\/kutluyayinevi.com\/magaza\/wp-json\/wp\/v2\/product\/22577","targetHints":{"allow":["GET"]}}],"collection":[{"href":"https:\/\/kutluyayinevi.com\/magaza\/wp-json\/wp\/v2\/product"}],"about":[{"href":"https:\/\/kutluyayinevi.com\/magaza\/wp-json\/wp\/v2\/types\/product"}],"replies":[{"embeddable":true,"href":"https:\/\/kutluyayinevi.com\/magaza\/wp-json\/wp\/v2\/comments?post=22577"}],"wp:featuredmedia":[{"embeddable":true,"href":"https:\/\/kutluyayinevi.com\/magaza\/wp-json\/wp\/v2\/media\/22578"}],"wp:attachment":[{"href":"https:\/\/kutluyayinevi.com\/magaza\/wp-json\/wp\/v2\/media?parent=22577"}],"wp:term":[{"taxonomy":"product_brand","embeddable":true,"href":"https:\/\/kutluyayinevi.com\/magaza\/wp-json\/wp\/v2\/product_brand?post=22577"},{"taxonomy":"product_cat","embeddable":true,"href":"https:\/\/kutluyayinevi.com\/magaza\/wp-json\/wp\/v2\/product_cat?post=22577"},{"taxonomy":"product_tag","embeddable":true,"href":"https:\/\/kutluyayinevi.com\/magaza\/wp-json\/wp\/v2\/product_tag?post=22577"}],"curies":[{"name":"wp","href":"https:\/\/api.w.org\/{rel}","templated":true}]}}