{"id":22633,"date":"2023-11-24T10:57:49","date_gmt":"2023-11-24T07:57:49","guid":{"rendered":"https:\/\/kutluyayinevi.com\/magaza\/?post_type=product&#038;p=22633"},"modified":"2026-02-19T17:23:09","modified_gmt":"2026-02-19T14:23:09","slug":"dino-ve-arkadaslari-1-maceraci-ve-yardimsever-biskuviler-nil-simge-cinardere","status":"publish","type":"product","link":"https:\/\/kutluyayinevi.com\/magaza\/urun\/dino-ve-arkadaslari-1-maceraci-ve-yardimsever-biskuviler-nil-simge-cinardere\/","title":{"rendered":"Dino ve Arkada\u015flar\u0131 1 &#8211; Macerac\u0131 Ve Yard\u0131msever Bisk\u00fcviler &#8211; Nil Simge \u00c7\u0131nardere"},"content":{"rendered":"<p>Dino ve Arkada\u015flar\u0131 bir s\u00fcr\u00fc macera ya\u015f\u0131yor. Ayn\u0131 zamanda herkese yard\u0131m ediyorlar.<br \/>\nBu maceraya rahat koltu\u011funuza uzanarak kat\u0131labilirsiniz.<br \/>\nDinolar zor durumdayken onlara yard\u0131m et.<br \/>\nYard\u0131m etmek i\u00e7in bu kitab\u0131n i\u00e7indeki e\u011flenceli etkinlikleri yapabilirsin.<\/p>\n<p>Dinolar\u0131n maceras\u0131na sen de kat\u0131l!<\/p>\n","protected":false},"excerpt":{"rendered":"<p>Dino ve Arkada\u015flar\u0131 bir s\u00fcr\u00fc macera ya\u015f\u0131yor. Ayn\u0131 zamanda herkese yard\u0131m ediyorlar. Bu maceraya rahat koltu\u011funuza uzanarak kat\u0131labilirsiniz. Dinolar zor durumdayken onlara yard\u0131m et. Yard\u0131m etmek i\u00e7in bu kitab\u0131n i\u00e7indeki e\u011flenceli etkinlikleri yapabilirsin. Dinolar\u0131n maceras\u0131na sen de kat\u0131l!<\/p>\n","protected":false},"featured_media":22634,"comment_status":"closed","ping_status":"closed","template":"","meta":[],"product_brand":[],"product_cat":[25],"product_tag":[],"class_list":{"0":"post-22633","1":"product","2":"type-product","3":"status-publish","4":"has-post-thumbnail","6":"product_cat-cocuk-kitaplari","8":"first","9":"instock","10":"sale","11":"shipping-taxable","12":"purchasable","13":"product-type-simple"},"_links":{"self":[{"href":"https:\/\/kutluyayinevi.com\/magaza\/wp-json\/wp\/v2\/product\/22633","targetHints":{"allow":["GET"]}}],"collection":[{"href":"https:\/\/kutluyayinevi.com\/magaza\/wp-json\/wp\/v2\/product"}],"about":[{"href":"https:\/\/kutluyayinevi.com\/magaza\/wp-json\/wp\/v2\/types\/product"}],"replies":[{"embeddable":true,"href":"https:\/\/kutluyayinevi.com\/magaza\/wp-json\/wp\/v2\/comments?post=22633"}],"wp:featuredmedia":[{"embeddable":true,"href":"https:\/\/kutluyayinevi.com\/magaza\/wp-json\/wp\/v2\/media\/22634"}],"wp:attachment":[{"href":"https:\/\/kutluyayinevi.com\/magaza\/wp-json\/wp\/v2\/media?parent=22633"}],"wp:term":[{"taxonomy":"product_brand","embeddable":true,"href":"https:\/\/kutluyayinevi.com\/magaza\/wp-json\/wp\/v2\/product_brand?post=22633"},{"taxonomy":"product_cat","embeddable":true,"href":"https:\/\/kutluyayinevi.com\/magaza\/wp-json\/wp\/v2\/product_cat?post=22633"},{"taxonomy":"product_tag","embeddable":true,"href":"https:\/\/kutluyayinevi.com\/magaza\/wp-json\/wp\/v2\/product_tag?post=22633"}],"curies":[{"name":"wp","href":"https:\/\/api.w.org\/{rel}","templated":true}]}}