{"id":22636,"date":"2023-11-24T11:01:05","date_gmt":"2023-11-24T08:01:05","guid":{"rendered":"https:\/\/kutluyayinevi.com\/magaza\/?post_type=product&#038;p=22636"},"modified":"2026-02-23T10:40:55","modified_gmt":"2026-02-23T07:40:55","slug":"turkistanda-turk-subaylari-1914-1923-raci-cakirozun-anilari-timur-kocaoglu","status":"publish","type":"product","link":"https:\/\/kutluyayinevi.com\/magaza\/urun\/turkistanda-turk-subaylari-1914-1923-raci-cakirozun-anilari-timur-kocaoglu\/","title":{"rendered":"T\u00fcrkistan&#8217;da T\u00fcrk Subaylar\u0131 (1914-1923) &#8211; Raci \u00c7ak\u0131r\u00f6z&#8217;\u00fcn An\u0131lar\u0131 &#8211; Timur Kocao\u011flu"},"content":{"rendered":"<div class=\"comment-container\">\n<div class=\"action-comment can-view-video markeddown js-comment is-comments-rewrite\" dir=\"auto\">\n<div class=\"current-comment js-friendly-links js-open-card\">\n<p>Subay aday\u0131 (zabit namzedi) olarak 1914\u2019te Osmanl\u0131 ordusuna kat\u0131lan Raci Bey\u2019in An\u0131lar\u0131 bir yandan T\u00fcrkiye, \u00f6b\u00fcr yandan T\u00fcrkistan\u2019\u0131n \u00e7ok \u00f6nemli tarihsel bir d\u00f6nemine tan\u0131kl\u0131k ediyor:<\/p>\n<p>1914-1915 Kars ve Ardahan Sava\u015flar\u0131; Kafkasya ve Sibirya\u2019daki \u00c7arl\u0131k Rusya&#8217;s\u0131 tutsak kamplar\u0131ndan T\u00fcrk subaylar\u0131n\u0131n ka\u00e7\u0131s\u0131; Ta\u015fkent\u2019teki Cedit okullar\u0131nda \u00f6\u011fretmenlik; 1920\u2019de Buhara Cumhuriyeti\u2019nin kurulu\u015fu; 8 bin ki\u015filik Buhara ordusunu T\u00fcrk subaylar\u0131n\u0131n kurup e\u011fitmeleri; Enver Pa\u015fa, Cemal Pa\u015fa, \u0130smail Suphi, Mustafa Suphi\u2019nin Orta Asya\u2019daki faaliyetleri, Musa Carullah, Munavvar Kar\u0131, Hakimzade Niyazi, Osman Hoca (Kocao\u011flu), Fayzulla Hoca; Raci Bey&#8217;in \u00e7al\u0131\u015ft\u0131\u011f\u0131 T\u00fcrk G\u00fcc\u00fc Okulundaki \u00d6zbek \u00f6\u011fretmeni Rana Han\u0131m&#8217;la evleni\u015fi ve 1923\u2019te maceral\u0131 bir yolculuktan sonra \u0130stanbul\u2019a geli\u015fleri\u2026<\/p>\n<p>Bu an\u0131lar 54 y\u0131l \u00f6nce 1969-1970. y\u0131llarda Raci \u00c7ak\u0131r\u00f6z (1896-1975) ile s\u00f6yle\u015fi yoluyla yaz\u0131ya ge\u00e7irildi.<\/p>\n<\/div>\n<\/div>\n<\/div>\n","protected":false},"excerpt":{"rendered":"<p>Subay aday\u0131 (zabit namzedi) olarak 1914\u2019te Osmanl\u0131 ordusuna kat\u0131lan Raci Bey\u2019in An\u0131lar\u0131 bir yandan T\u00fcrkiye, \u00f6b\u00fcr yandan T\u00fcrkistan\u2019\u0131n \u00e7ok \u00f6nemli tarihsel bir d\u00f6nemine tan\u0131kl\u0131k ediyor: 1914-1915 Kars ve Ardahan Sava\u015flar\u0131; Kafkasya ve Sibirya\u2019daki \u00c7arl\u0131k Rusya&#8217;s\u0131 tutsak kamplar\u0131ndan T\u00fcrk subaylar\u0131n\u0131n ka\u00e7\u0131s\u0131; Ta\u015fkent\u2019teki Cedit okullar\u0131nda \u00f6\u011fretmenlik; 1920\u2019de Buhara Cumhuriyeti\u2019nin kurulu\u015fu; 8 bin ki\u015filik Buhara ordusunu T\u00fcrk subaylar\u0131n\u0131n [&hellip;]<\/p>\n","protected":false},"featured_media":22637,"comment_status":"closed","ping_status":"closed","template":"","meta":[],"product_brand":[],"product_cat":[52],"product_tag":[],"class_list":{"0":"post-22636","1":"product","2":"type-product","3":"status-publish","4":"has-post-thumbnail","6":"product_cat-ani","8":"first","9":"instock","10":"sale","11":"shipping-taxable","12":"purchasable","13":"product-type-simple"},"_links":{"self":[{"href":"https:\/\/kutluyayinevi.com\/magaza\/wp-json\/wp\/v2\/product\/22636","targetHints":{"allow":["GET"]}}],"collection":[{"href":"https:\/\/kutluyayinevi.com\/magaza\/wp-json\/wp\/v2\/product"}],"about":[{"href":"https:\/\/kutluyayinevi.com\/magaza\/wp-json\/wp\/v2\/types\/product"}],"replies":[{"embeddable":true,"href":"https:\/\/kutluyayinevi.com\/magaza\/wp-json\/wp\/v2\/comments?post=22636"}],"wp:featuredmedia":[{"embeddable":true,"href":"https:\/\/kutluyayinevi.com\/magaza\/wp-json\/wp\/v2\/media\/22637"}],"wp:attachment":[{"href":"https:\/\/kutluyayinevi.com\/magaza\/wp-json\/wp\/v2\/media?parent=22636"}],"wp:term":[{"taxonomy":"product_brand","embeddable":true,"href":"https:\/\/kutluyayinevi.com\/magaza\/wp-json\/wp\/v2\/product_brand?post=22636"},{"taxonomy":"product_cat","embeddable":true,"href":"https:\/\/kutluyayinevi.com\/magaza\/wp-json\/wp\/v2\/product_cat?post=22636"},{"taxonomy":"product_tag","embeddable":true,"href":"https:\/\/kutluyayinevi.com\/magaza\/wp-json\/wp\/v2\/product_tag?post=22636"}],"curies":[{"name":"wp","href":"https:\/\/api.w.org\/{rel}","templated":true}]}}