{"id":22658,"date":"2023-12-06T13:23:35","date_gmt":"2023-12-06T10:23:35","guid":{"rendered":"https:\/\/kutluyayinevi.com\/magaza\/?post_type=product&#038;p=22658"},"modified":"2026-02-23T09:34:40","modified_gmt":"2026-02-23T06:34:40","slug":"sivaci-hulya-oz","status":"publish","type":"product","link":"https:\/\/kutluyayinevi.com\/magaza\/urun\/sivaci-hulya-oz\/","title":{"rendered":"S\u0131vac\u0131 &#8211; H\u00fclya \u00d6z"},"content":{"rendered":"<div class=\"comment-container\">\n<div class=\"action-comment can-view-video markeddown js-comment is-comments-rewrite\" dir=\"auto\">\n<div class=\"current-comment js-friendly-links js-open-card\">\n<p>Babam\u0131n \u00fc\u00e7 haftal\u0131k yo\u011fun bak\u0131m\u0131n ard\u0131ndan \u00f6lmesi s\u00fcrecinde bu kitapta yaz\u0131lanlar olmasayd\u0131 san\u0131r\u0131m o a\u011f\u0131r d\u00f6nemi a\u015famazd\u0131m! Hastanenin yo\u011fun bak\u0131m\u0131n\u0131n oldu\u011fu katta her g\u00fcn bir ki\u015finin \u00f6l\u00fc bedeni \u00e7\u0131karken ne ilgin\u00e7tir ki bir \u00fcst kat\u0131 do\u011fumhane olup bebekler d\u00fcnyaya geliyordu. Bir taraf \u00f6l\u00fcm\u00fcn h\u00fczn\u00fcnde bo\u011fulurken di\u011fer taraf sevgiyle, umutla, mutlulukla, sevin\u00e7le sar\u0131l\u0131yordu hayata. Tuhaf bir d\u00f6ng\u00fc! Kim bilir, belki ben de bu vesileyle ufac\u0131k da olsa baz\u0131 insanlara yard\u0131mc\u0131 olabilirim\u2026 Bazen insanlar\u0131n mant\u0131\u011f\u0131n kabul etmedi\u011fi \u015feyleri de duyma ihtiya\u00e7lar\u0131 oluyor. Ya\u015fanm\u0131\u015f o kadar \u00e7ok mucizevi olaylar var ki! D\u00fcnya tuhaf insanlar\u0131n ya\u015fad\u0131\u011f\u0131 tuhaf bir yer!<\/p>\n<\/div>\n<\/div>\n<\/div>\n","protected":false},"excerpt":{"rendered":"<p>Babam\u0131n \u00fc\u00e7 haftal\u0131k yo\u011fun bak\u0131m\u0131n ard\u0131ndan \u00f6lmesi s\u00fcrecinde bu kitapta yaz\u0131lanlar olmasayd\u0131 san\u0131r\u0131m o a\u011f\u0131r d\u00f6nemi a\u015famazd\u0131m! Hastanenin yo\u011fun bak\u0131m\u0131n\u0131n oldu\u011fu katta her g\u00fcn bir ki\u015finin \u00f6l\u00fc bedeni \u00e7\u0131karken ne ilgin\u00e7tir ki bir \u00fcst kat\u0131 do\u011fumhane olup bebekler d\u00fcnyaya geliyordu. Bir taraf \u00f6l\u00fcm\u00fcn h\u00fczn\u00fcnde bo\u011fulurken di\u011fer taraf sevgiyle, umutla, mutlulukla, sevin\u00e7le sar\u0131l\u0131yordu hayata. Tuhaf bir [&hellip;]<\/p>\n","protected":false},"featured_media":22659,"comment_status":"closed","ping_status":"closed","template":"","meta":[],"product_brand":[],"product_cat":[24],"product_tag":[],"class_list":{"0":"post-22658","1":"product","2":"type-product","3":"status-publish","4":"has-post-thumbnail","6":"product_cat-roman","8":"first","9":"instock","10":"sale","11":"shipping-taxable","12":"purchasable","13":"product-type-simple"},"_links":{"self":[{"href":"https:\/\/kutluyayinevi.com\/magaza\/wp-json\/wp\/v2\/product\/22658","targetHints":{"allow":["GET"]}}],"collection":[{"href":"https:\/\/kutluyayinevi.com\/magaza\/wp-json\/wp\/v2\/product"}],"about":[{"href":"https:\/\/kutluyayinevi.com\/magaza\/wp-json\/wp\/v2\/types\/product"}],"replies":[{"embeddable":true,"href":"https:\/\/kutluyayinevi.com\/magaza\/wp-json\/wp\/v2\/comments?post=22658"}],"wp:featuredmedia":[{"embeddable":true,"href":"https:\/\/kutluyayinevi.com\/magaza\/wp-json\/wp\/v2\/media\/22659"}],"wp:attachment":[{"href":"https:\/\/kutluyayinevi.com\/magaza\/wp-json\/wp\/v2\/media?parent=22658"}],"wp:term":[{"taxonomy":"product_brand","embeddable":true,"href":"https:\/\/kutluyayinevi.com\/magaza\/wp-json\/wp\/v2\/product_brand?post=22658"},{"taxonomy":"product_cat","embeddable":true,"href":"https:\/\/kutluyayinevi.com\/magaza\/wp-json\/wp\/v2\/product_cat?post=22658"},{"taxonomy":"product_tag","embeddable":true,"href":"https:\/\/kutluyayinevi.com\/magaza\/wp-json\/wp\/v2\/product_tag?post=22658"}],"curies":[{"name":"wp","href":"https:\/\/api.w.org\/{rel}","templated":true}]}}