{"id":22665,"date":"2023-12-06T13:30:17","date_gmt":"2023-12-06T10:30:17","guid":{"rendered":"https:\/\/kutluyayinevi.com\/magaza\/?post_type=product&#038;p=22665"},"modified":"2026-02-19T16:13:16","modified_gmt":"2026-02-19T13:13:16","slug":"civi-tekgun-akkilic","status":"publish","type":"product","link":"https:\/\/kutluyayinevi.com\/magaza\/urun\/civi-tekgun-akkilic\/","title":{"rendered":"\u00c7ivi &#8211; Tekg\u00fcn Akk\u0131l\u0131\u00e7"},"content":{"rendered":"<div class=\"comment-container\">\n<div class=\"action-comment can-view-video markeddown js-comment is-comments-rewrite\" dir=\"auto\">\n<div class=\"current-comment js-friendly-links js-open-card\">\n<p>Kimi zaman fikirlerimle kendimce okuyana d\u00fc\u015f\u00fcnce r\u00fczgarlar\u0131 estirdim, kimi zaman kimi g\u00fczel yazarlar\u0131n ve veya alimlerin, me\u015fayihin s\u00f6zlerinden, yaz\u0131lar\u0131ndan yola \u00e7\u0131kt\u0131m. Kimi zaman bir al\u0131nt\u0131y\u0131 de\u011ferlendirerek sonuca odakland\u0131m. Kimi zaman daha iyi bir devlet y\u00f6netimine tesir edecek fikirlerim oldu. Kimi zaman tasavvufun incelikleri\u2026 Bir\u00e7ok konuda \u00e7a\u011f\u0131n bi\u2019datleri, yanl\u0131\u015flar\u0131n\u0131, hastal\u0131klar\u0131n\u0131, \u00e7\u00fcr\u00fcklerini k\u0131sa yaz\u0131lar\u0131mla laboratuvara yat\u0131rd\u0131m.<\/p>\n<p>Bir fikir; bir toplumun ya\u015fant\u0131s\u0131na, hayat anlay\u0131\u015f\u0131na tesir eder.<\/p>\n<p>Bir fikir, mesajlar i\u00e7erir. Kur\u2019an bir mesajd\u0131r. Bir mesaj d\u00fcnyay\u0131 de\u011fi\u015ftirir. Belki okuyaca\u011f\u0131n bu kitaptaki bir mesaj senin de hayat\u0131n\u0131 de\u011fi\u015ftirecek, kim bilir?<\/p>\n<p>Tekg\u00fcn AKKILI\u00c7<\/p>\n<\/div>\n<\/div>\n<\/div>\n","protected":false},"excerpt":{"rendered":"<p>Kimi zaman fikirlerimle kendimce okuyana d\u00fc\u015f\u00fcnce r\u00fczgarlar\u0131 estirdim, kimi zaman kimi g\u00fczel yazarlar\u0131n ve veya alimlerin, me\u015fayihin s\u00f6zlerinden, yaz\u0131lar\u0131ndan yola \u00e7\u0131kt\u0131m. Kimi zaman bir al\u0131nt\u0131y\u0131 de\u011ferlendirerek sonuca odakland\u0131m. Kimi zaman daha iyi bir devlet y\u00f6netimine tesir edecek fikirlerim oldu. Kimi zaman tasavvufun incelikleri\u2026 Bir\u00e7ok konuda \u00e7a\u011f\u0131n bi\u2019datleri, yanl\u0131\u015flar\u0131n\u0131, hastal\u0131klar\u0131n\u0131, \u00e7\u00fcr\u00fcklerini k\u0131sa yaz\u0131lar\u0131mla laboratuvara yat\u0131rd\u0131m. Bir [&hellip;]<\/p>\n","protected":false},"featured_media":22666,"comment_status":"closed","ping_status":"closed","template":"","meta":[],"product_brand":[],"product_cat":[26],"product_tag":[],"class_list":{"0":"post-22665","1":"product","2":"type-product","3":"status-publish","4":"has-post-thumbnail","6":"product_cat-deneme","8":"first","9":"instock","10":"sale","11":"shipping-taxable","12":"purchasable","13":"product-type-simple"},"_links":{"self":[{"href":"https:\/\/kutluyayinevi.com\/magaza\/wp-json\/wp\/v2\/product\/22665","targetHints":{"allow":["GET"]}}],"collection":[{"href":"https:\/\/kutluyayinevi.com\/magaza\/wp-json\/wp\/v2\/product"}],"about":[{"href":"https:\/\/kutluyayinevi.com\/magaza\/wp-json\/wp\/v2\/types\/product"}],"replies":[{"embeddable":true,"href":"https:\/\/kutluyayinevi.com\/magaza\/wp-json\/wp\/v2\/comments?post=22665"}],"wp:featuredmedia":[{"embeddable":true,"href":"https:\/\/kutluyayinevi.com\/magaza\/wp-json\/wp\/v2\/media\/22666"}],"wp:attachment":[{"href":"https:\/\/kutluyayinevi.com\/magaza\/wp-json\/wp\/v2\/media?parent=22665"}],"wp:term":[{"taxonomy":"product_brand","embeddable":true,"href":"https:\/\/kutluyayinevi.com\/magaza\/wp-json\/wp\/v2\/product_brand?post=22665"},{"taxonomy":"product_cat","embeddable":true,"href":"https:\/\/kutluyayinevi.com\/magaza\/wp-json\/wp\/v2\/product_cat?post=22665"},{"taxonomy":"product_tag","embeddable":true,"href":"https:\/\/kutluyayinevi.com\/magaza\/wp-json\/wp\/v2\/product_tag?post=22665"}],"curies":[{"name":"wp","href":"https:\/\/api.w.org\/{rel}","templated":true}]}}