{"id":22691,"date":"2023-12-21T12:18:50","date_gmt":"2023-12-21T09:18:50","guid":{"rendered":"https:\/\/kutluyayinevi.com\/magaza\/?post_type=product&#038;p=22691"},"modified":"2026-02-19T15:15:30","modified_gmt":"2026-02-19T12:15:30","slug":"bir-restorasyon-ornegi-behram-pasa-hani-ve-tarihi-bugrahan-karaman","status":"publish","type":"product","link":"https:\/\/kutluyayinevi.com\/magaza\/urun\/bir-restorasyon-ornegi-behram-pasa-hani-ve-tarihi-bugrahan-karaman\/","title":{"rendered":"Bir Restorasyon \u00d6rne\u011fi: Behram Pa\u015fa Han\u0131 ve Tarihi &#8211; Bu\u011frahan Karaman"},"content":{"rendered":"<p>\u0130slamiyet sonras\u0131 T\u00fcrk devletleri yerle\u015fik hayat\u0131n gereklilikleri i\u00e7in, kendi b\u00fcnyesi ve co\u011frafyas\u0131nda bar\u0131nd\u0131rd\u0131klar\u0131 insanlar\u0131n ihtiya\u00e7lar\u0131 do\u011frultusunda imar faaliyetlerinde bulunmu\u015flard\u0131r. \u00d6zellikle Osmanl\u0131 \u0130mparatorlu\u011fu, kentlerdeki sosyal dokuyu, ticarethane ve konaklama imkan\u0131 sunan yap\u0131lar ile desteklemi\u015flerdir. Nitekim devletin bu politikas\u0131 halk\u0131na hizmet ederken, devletin varl\u0131\u011f\u0131n\u0131n g\u00fcvencesi olan ticareti de daha sa\u011flam ayaklar \u00fczerine in\u015fa etme yoluna gitmi\u015ftir. D\u0131\u015f ticaret a\u011f\u0131, mal ve malzeme tedari\u011fi, ticaret yollar\u0131n\u0131n g\u00fcvenli\u011fi ve elbette ki an\u0131tsal \u00f6l\u00e7ekli gerek \u015fehirler aras\u0131 kervansaraylar gerekse \u015fehir i\u00e7i hanlar\u0131n\u0131n yap\u0131lmas\u0131 ticari faaliyetleri h\u0131zland\u0131ran olaylard\u0131r.<\/p>\n<p>Behram Pa\u015fa Han\u0131, Osmanl\u0131 Devleti devrinde, Sivas \u015fehir merkezinde yer alan, 16. y\u00fczy\u0131lda in\u015fa edilen \u015fehir i\u00e7i hanlar\u0131ndan biridir. Kitapta, Behram Pa\u015fa Han\u0131\u2019na, Sivas\u2019\u0131n kent dokusuna, ticari hayata, restorasyon a\u015famalar\u0131na ayr\u0131ca kente katt\u0131\u011f\u0131 sosyal ve k\u00fclt\u00fcrel de\u011ferlerden bahsedilecektir.<\/p>\n","protected":false},"excerpt":{"rendered":"<p>\u0130slamiyet sonras\u0131 T\u00fcrk devletleri yerle\u015fik hayat\u0131n gereklilikleri i\u00e7in, kendi b\u00fcnyesi ve co\u011frafyas\u0131nda bar\u0131nd\u0131rd\u0131klar\u0131 insanlar\u0131n ihtiya\u00e7lar\u0131 do\u011frultusunda imar faaliyetlerinde bulunmu\u015flard\u0131r. \u00d6zellikle Osmanl\u0131 \u0130mparatorlu\u011fu, kentlerdeki sosyal dokuyu, ticarethane ve konaklama imkan\u0131 sunan yap\u0131lar ile desteklemi\u015flerdir. Nitekim devletin bu politikas\u0131 halk\u0131na hizmet ederken, devletin varl\u0131\u011f\u0131n\u0131n g\u00fcvencesi olan ticareti de daha sa\u011flam ayaklar \u00fczerine in\u015fa etme yoluna gitmi\u015ftir. D\u0131\u015f [&hellip;]<\/p>\n","protected":false},"featured_media":22692,"comment_status":"closed","ping_status":"closed","template":"","meta":[],"product_brand":[],"product_cat":[106],"product_tag":[],"class_list":{"0":"post-22691","1":"product","2":"type-product","3":"status-publish","4":"has-post-thumbnail","6":"product_cat-akademik","8":"first","9":"instock","10":"sale","11":"shipping-taxable","12":"purchasable","13":"product-type-simple"},"_links":{"self":[{"href":"https:\/\/kutluyayinevi.com\/magaza\/wp-json\/wp\/v2\/product\/22691","targetHints":{"allow":["GET"]}}],"collection":[{"href":"https:\/\/kutluyayinevi.com\/magaza\/wp-json\/wp\/v2\/product"}],"about":[{"href":"https:\/\/kutluyayinevi.com\/magaza\/wp-json\/wp\/v2\/types\/product"}],"replies":[{"embeddable":true,"href":"https:\/\/kutluyayinevi.com\/magaza\/wp-json\/wp\/v2\/comments?post=22691"}],"wp:featuredmedia":[{"embeddable":true,"href":"https:\/\/kutluyayinevi.com\/magaza\/wp-json\/wp\/v2\/media\/22692"}],"wp:attachment":[{"href":"https:\/\/kutluyayinevi.com\/magaza\/wp-json\/wp\/v2\/media?parent=22691"}],"wp:term":[{"taxonomy":"product_brand","embeddable":true,"href":"https:\/\/kutluyayinevi.com\/magaza\/wp-json\/wp\/v2\/product_brand?post=22691"},{"taxonomy":"product_cat","embeddable":true,"href":"https:\/\/kutluyayinevi.com\/magaza\/wp-json\/wp\/v2\/product_cat?post=22691"},{"taxonomy":"product_tag","embeddable":true,"href":"https:\/\/kutluyayinevi.com\/magaza\/wp-json\/wp\/v2\/product_tag?post=22691"}],"curies":[{"name":"wp","href":"https:\/\/api.w.org\/{rel}","templated":true}]}}