{"id":22705,"date":"2024-01-02T13:22:39","date_gmt":"2024-01-02T10:22:39","guid":{"rendered":"https:\/\/kutluyayinevi.com\/magaza\/?post_type=product&#038;p=22705"},"modified":"2026-02-23T10:32:24","modified_gmt":"2026-02-23T07:32:24","slug":"tugrul-ve-cagri-iki-yetim-kilic-emirhan-kalhan","status":"publish","type":"product","link":"https:\/\/kutluyayinevi.com\/magaza\/urun\/tugrul-ve-cagri-iki-yetim-kilic-emirhan-kalhan\/","title":{"rendered":"Tu\u011frul ve \u00c7a\u011fr\u0131 &#8211; \u0130ki Yetim K\u0131l\u0131\u00e7 &#8211; Emirhan Kalhan"},"content":{"rendered":"<p>\u201cBuran\u0131n haricinde ba\u015fka bir g\u00fczerg\u00e2h yok mudur?\u201d diye sordu \u00c7a\u011fr\u0131.<\/p>\n<p>Balaman; \u201cVard\u0131r Beyim!\u201d diyerek yan\u0131t verdi ve akabinde Cenubi Garp cihetini i\u015faret etti.<\/p>\n<p>\u201cSenendec Beyim! Yolumuz uzar, lakin daha ehemmiyetli bir g\u00fczergaht\u0131r.\u201d<\/p>\n<p>\u00c7a\u011fr\u0131 \u00e7ehresini buru\u015fturup Balaman\u2019a bakt\u0131.<\/p>\n<p>\u201cBuras\u0131 da\u011fl\u0131k bir b\u00f6lge de\u011fil midir Atam Yadig\u00e2r\u0131? \u015eayet bu g\u00fczergahtan ilerlersek b\u00f6ylesi zemheride alplerin hali nice olur?\u201d<\/p>\n<p>\u201cHak dersin Beyim, lakin zemheri ve tap\u0131nak \u015f\u00f6valyeleri\u2026 Bu iki az\u0131l\u0131 d\u00fc\u015fmandan birini tercih etmek elzemdir.\u201d<\/p>\n<p>\u00c7a\u011fr\u0131, k\u0131sa bir vakit s\u00fck\u00fbt kal\u0131p tefekk\u00fcr ettikten sonra Balaman\u2019a dedi;<\/p>\n<p>\u201cZencan yol g\u00fczergah\u0131ndan ilerleyece\u011fiz!\u201d<\/p>\n<p>Balaman kayg\u0131ya bo\u011fuldu ve bu halini a\u015fik\u00e2r eyledi.<\/p>\n<p>\u201cTap\u0131nak \u015f\u00f6valyeleri Bey\u2019im\u2026 Kay\u0131p vermeden ilerlememiz g\u00fc\u00e7t\u00fcr!\u201d<\/p>\n<p>\u00c7a\u011fr\u0131, pek\u00e2l\u00e2 keskin nazar\u0131n\u0131 bir anda harlanan ate\u015fe kavu\u015fturdu.<\/p>\n<p>\u201cL\u00fctfunun nemi e\u011fer odu terbiye ederse, duman\u0131 s\u00fcmb\u00fcl olup k\u0131v\u0131lc\u0131m i\u00e7inde tohum olur.\u201d<\/p>\n<p>\u00c7a\u011fr\u0131, tekrardan Balaman\u2019a bakt\u0131 ve devam etti;<\/p>\n<p>\u201cAte\u015f asidir, serke\u015ftir. L\u00fctfunun \u0131slakl\u0131\u011f\u0131 e\u011fer ki ate\u015fi yeti\u015ftirirse, duman\u0131 s\u00fcmb\u00fcl olup k\u0131v\u0131lc\u0131m i\u00e7inde tohum olur!\u201d<\/p>\n<p>\u00c7a\u011fr\u0131, bu defa bir i\u00e7 ge\u00e7irip ekledi;<\/p>\n<p>\u201cAtam Sel\u00e7uk ki y\u0131llard\u0131r yanan bu ate\u015fe tohum ekmek i\u00e7in u\u011fra\u015f verdi. \u0130mdi bu ate\u015f iyicene harland\u0131. Bizler hidayetimizle yanan bu ate\u015fe tohum serpip duman\u0131n s\u00fcmb\u00fcl olmas\u0131 i\u00e7in gayret g\u00f6sterece\u011fiz.\u201d<\/p>\n<p>Balaman, \u00e7ehresindeki hafif bir tebess\u00fcmle sa\u011f elini sol g\u00f6\u011fs\u00fcne g\u00f6t\u00fcrd\u00fc.<\/p>\n<p>\u201cEyvallah Bey\u2019im!\u201d<\/p>\n<p>\u00c7a\u011fr\u0131 o vakit dedi;<\/p>\n<p>\u201cHayde Atam Yadig\u00e2r\u0131! Fecir vakti ayaklan\u0131p tez yola koyulmam\u0131z icap eder. Sen iki alp vazifelendiresin ve varaca\u011f\u0131m\u0131z g\u00fczergahtaki \u015eeddadilere ivedi haber sal\u0131p destek isteyesin.\u201d<\/p>\n","protected":false},"excerpt":{"rendered":"<p>\u201cBuran\u0131n haricinde ba\u015fka bir g\u00fczerg\u00e2h yok mudur?\u201d diye sordu \u00c7a\u011fr\u0131. Balaman; \u201cVard\u0131r Beyim!\u201d diyerek yan\u0131t verdi ve akabinde Cenubi Garp cihetini i\u015faret etti. \u201cSenendec Beyim! Yolumuz uzar, lakin daha ehemmiyetli bir g\u00fczergaht\u0131r.\u201d \u00c7a\u011fr\u0131 \u00e7ehresini buru\u015fturup Balaman\u2019a bakt\u0131. \u201cBuras\u0131 da\u011fl\u0131k bir b\u00f6lge de\u011fil midir Atam Yadig\u00e2r\u0131? \u015eayet bu g\u00fczergahtan ilerlersek b\u00f6ylesi zemheride alplerin hali nice olur?\u201d [&hellip;]<\/p>\n","protected":false},"featured_media":22706,"comment_status":"closed","ping_status":"closed","template":"","meta":[],"product_brand":[],"product_cat":[24],"product_tag":[],"class_list":{"0":"post-22705","1":"product","2":"type-product","3":"status-publish","4":"has-post-thumbnail","6":"product_cat-roman","8":"first","9":"instock","10":"sale","11":"shipping-taxable","12":"purchasable","13":"product-type-simple"},"_links":{"self":[{"href":"https:\/\/kutluyayinevi.com\/magaza\/wp-json\/wp\/v2\/product\/22705","targetHints":{"allow":["GET"]}}],"collection":[{"href":"https:\/\/kutluyayinevi.com\/magaza\/wp-json\/wp\/v2\/product"}],"about":[{"href":"https:\/\/kutluyayinevi.com\/magaza\/wp-json\/wp\/v2\/types\/product"}],"replies":[{"embeddable":true,"href":"https:\/\/kutluyayinevi.com\/magaza\/wp-json\/wp\/v2\/comments?post=22705"}],"wp:featuredmedia":[{"embeddable":true,"href":"https:\/\/kutluyayinevi.com\/magaza\/wp-json\/wp\/v2\/media\/22706"}],"wp:attachment":[{"href":"https:\/\/kutluyayinevi.com\/magaza\/wp-json\/wp\/v2\/media?parent=22705"}],"wp:term":[{"taxonomy":"product_brand","embeddable":true,"href":"https:\/\/kutluyayinevi.com\/magaza\/wp-json\/wp\/v2\/product_brand?post=22705"},{"taxonomy":"product_cat","embeddable":true,"href":"https:\/\/kutluyayinevi.com\/magaza\/wp-json\/wp\/v2\/product_cat?post=22705"},{"taxonomy":"product_tag","embeddable":true,"href":"https:\/\/kutluyayinevi.com\/magaza\/wp-json\/wp\/v2\/product_tag?post=22705"}],"curies":[{"name":"wp","href":"https:\/\/api.w.org\/{rel}","templated":true}]}}