{"id":22713,"date":"2024-01-02T13:29:55","date_gmt":"2024-01-02T10:29:55","guid":{"rendered":"https:\/\/kutluyayinevi.com\/magaza\/?post_type=product&#038;p=22713"},"modified":"2026-02-20T09:14:24","modified_gmt":"2026-02-20T06:14:24","slug":"emlakta-kurumsal-duzen-erol-kaya","status":"publish","type":"product","link":"https:\/\/kutluyayinevi.com\/magaza\/urun\/emlakta-kurumsal-duzen-erol-kaya\/","title":{"rendered":"Emlakta Kurumsal D\u00fczen &#8211; Erol Kaya"},"content":{"rendered":"<p>\u00dclkemizin her sekt\u00f6r\u00fcnde bulunan fakat emlak sekt\u00f6r\u00fcnde daha \u00e7ok ya\u015fanan markala\u015famama ve bunun yan\u0131nda kurumsal davran\u0131\u015f eksiklerin m\u00fc\u015fterilerin emlak firmalar\u0131na kar\u015f\u0131 bak\u0131\u015f\u0131n\u0131 olumsuzla\u015fmaktad\u0131r. Gayrimenkul piyasas\u0131n\u0131 geli\u015fmi\u015f \u00fclkelerde emlak firmalar\u0131 y\u00f6netmekte ve piyasa dengesini olu\u015fturmaktad\u0131r. Ne yaz\u0131k ki \u00fclkemizde gayrimenkul piyasas\u0131n\u0131n T\u00fcrk ticaret sisteminde temel direklerinden biri olmas\u0131na kar\u015f\u0131n emlak\u00e7\u0131l\u0131\u011f\u0131n tam olarak yasal bir zemine oturtulamamas\u0131n\u0131n ve yetkili ellerden do\u011fru y\u00f6nlendirilememesi devletimiz a\u00e7\u0131s\u0131ndan vergisel kayba ve yan\u0131nda e\u011fitimli ki\u015filerin bu sekt\u00f6r de \u00e7al\u0131\u015fmaya kar\u015f\u0131 olumsuz bir yarg\u0131 i\u00e7inde bulunmas\u0131na sebep olmaktad\u0131r.<\/p>\n<p>Kitab\u0131m\u0131n amac\u0131, son y\u0131llarda gittik\u00e7e \u00f6nemi artan ve y\u00fcksek profilli e\u011fitimli ki\u015filerinin meslek olarak se\u00e7ti\u011fi emlak\u00e7\u0131l\u0131k sekt\u00f6r\u00fcnde bulunan kurumsal emlak firmalar\u0131n\u0131n, m\u00fc\u015fterilerinin genel anlamda sekt\u00f6re bak\u0131\u015f a\u00e7\u0131lar\u0131n\u0131n olumlu olarak art\u0131r\u0131labilece\u011fini ve markala\u015fman\u0131n verdi\u011fi kurumsalla\u015fman\u0131n emlak sekt\u00f6r\u00fcne kar\u015f\u0131 m\u00fc\u015fteri g\u00f6z\u00fcnde hem de potansiyel \u00e7al\u0131\u015fan g\u00f6z\u00fcnde geli\u015fmi\u015f \u00fclkelerdeki gibi mesleki itibar\u0131n art\u0131r\u0131laca\u011f\u0131 inanc\u0131nday\u0131m.<\/p>\n","protected":false},"excerpt":{"rendered":"<p>\u00dclkemizin her sekt\u00f6r\u00fcnde bulunan fakat emlak sekt\u00f6r\u00fcnde daha \u00e7ok ya\u015fanan markala\u015famama ve bunun yan\u0131nda kurumsal davran\u0131\u015f eksiklerin m\u00fc\u015fterilerin emlak firmalar\u0131na kar\u015f\u0131 bak\u0131\u015f\u0131n\u0131 olumsuzla\u015fmaktad\u0131r. Gayrimenkul piyasas\u0131n\u0131 geli\u015fmi\u015f \u00fclkelerde emlak firmalar\u0131 y\u00f6netmekte ve piyasa dengesini olu\u015fturmaktad\u0131r. Ne yaz\u0131k ki \u00fclkemizde gayrimenkul piyasas\u0131n\u0131n T\u00fcrk ticaret sisteminde temel direklerinden biri olmas\u0131na kar\u015f\u0131n emlak\u00e7\u0131l\u0131\u011f\u0131n tam olarak yasal bir zemine oturtulamamas\u0131n\u0131n [&hellip;]<\/p>\n","protected":false},"featured_media":22714,"comment_status":"closed","ping_status":"closed","template":"","meta":[],"product_brand":[],"product_cat":[111],"product_tag":[],"class_list":{"0":"post-22713","1":"product","2":"type-product","3":"status-publish","4":"has-post-thumbnail","6":"product_cat-ekonomi","8":"first","9":"instock","10":"sale","11":"shipping-taxable","12":"purchasable","13":"product-type-simple"},"_links":{"self":[{"href":"https:\/\/kutluyayinevi.com\/magaza\/wp-json\/wp\/v2\/product\/22713","targetHints":{"allow":["GET"]}}],"collection":[{"href":"https:\/\/kutluyayinevi.com\/magaza\/wp-json\/wp\/v2\/product"}],"about":[{"href":"https:\/\/kutluyayinevi.com\/magaza\/wp-json\/wp\/v2\/types\/product"}],"replies":[{"embeddable":true,"href":"https:\/\/kutluyayinevi.com\/magaza\/wp-json\/wp\/v2\/comments?post=22713"}],"wp:featuredmedia":[{"embeddable":true,"href":"https:\/\/kutluyayinevi.com\/magaza\/wp-json\/wp\/v2\/media\/22714"}],"wp:attachment":[{"href":"https:\/\/kutluyayinevi.com\/magaza\/wp-json\/wp\/v2\/media?parent=22713"}],"wp:term":[{"taxonomy":"product_brand","embeddable":true,"href":"https:\/\/kutluyayinevi.com\/magaza\/wp-json\/wp\/v2\/product_brand?post=22713"},{"taxonomy":"product_cat","embeddable":true,"href":"https:\/\/kutluyayinevi.com\/magaza\/wp-json\/wp\/v2\/product_cat?post=22713"},{"taxonomy":"product_tag","embeddable":true,"href":"https:\/\/kutluyayinevi.com\/magaza\/wp-json\/wp\/v2\/product_tag?post=22713"}],"curies":[{"name":"wp","href":"https:\/\/api.w.org\/{rel}","templated":true}]}}